{"id":579,"date":"2021-02-02T10:47:59","date_gmt":"2021-02-02T10:47:59","guid":{"rendered":"http:\/\/moraitika-cruises.com\/shop\/"},"modified":"2021-02-03T06:35:23","modified_gmt":"2021-02-03T06:35:23","slug":"shop","status":"publish","type":"page","link":"https:\/\/moraitika-cruises.com\/cs\/shop\/","title":{"rendered":"V\u00fdlety"},"content":{"rendered":"<p>[vc_row][vc_column][vc_custom_heading text=&#8221;Na\u0161e v\u00fdlety&#8221; use_theme_fonts=&#8221;yes&#8221; el_class=&#8221;m-b-xs&#8221;][vc_column_text el_class=&#8221;lead&#8221;]S \u00factou a odpov\u011bdnost\u00ed v\u00e1m slibujeme, \u017ee str\u00e1v\u00edte nezapomenuteln\u00fd den v p\u0159\u00e1telsk\u00e9m a p\u0159\u00edjemn\u00e9m prost\u0159ed\u00ed. S pohodlnou a rychlou lod\u00ed Pegasus Express m\u016f\u017eete svou dovolenou obohatit o jednu nebo v\u00edce denn\u00edch plaveb.[\/vc_column_text][vc_message css=&#8221;.vc_custom_1612174478842{margin-bottom: 50px !important;}&#8221;]V\u00fdlety BLUE LAGOON &#038; amp; PAXOS &#8211; ANTIPAXOS lze uspo\u0159\u00e1dat s odletem z m\u011bsta Korfu i z p\u0159\u00edstavu Lefkimmi. Pro v\u00edce informac\u00ed n\u00e1s nev\u00e1hejte kontaktovat.[\/vc_message][vc_column_text css=&#8221;.vc_custom_1612174537232{padding-top: 60px !important;padding-bottom: 60px !important;}&#8221;][\/vc_column_text][\/vc_column][\/vc_row]<\/p>\n","protected":false},"excerpt":{"rendered":"<p>[vc_row][vc_column][vc_custom_heading text=&#8221;Na\u0161e v\u00fdlety&#8221; use_theme_fonts=&#8221;yes&#8221; el_class=&#8221;m-b-xs&#8221;][vc_column_text el_class=&#8221;lead&#8221;]S \u00factou a odpov\u011bdnost\u00ed v\u00e1m slibujeme, \u017ee str\u00e1v\u00edte nezapomenuteln\u00fd den v p\u0159\u00e1telsk\u00e9m a p\u0159\u00edjemn\u00e9m prost\u0159ed\u00ed. S pohodlnou a rychlou lod\u00ed Pegasus Express m\u016f\u017eete svou dovolenou obohatit o jednu nebo v\u00edce denn\u00edch plaveb.[\/vc_column_text][vc_message css=&#8221;.vc_custom_1612174478842{margin-bottom: 50px !important;}&#8221;]V\u00fdlety BLUE LAGOON &#038; amp; PAXOS &#8211; ANTIPAXOS lze uspo\u0159\u00e1dat s odletem z m\u011bsta Korfu i [&hellip;]<\/p>\n","protected":false},"author":1,"featured_media":0,"parent":0,"menu_order":3,"comment_status":"closed","ping_status":"closed","template":"","meta":{"inline_featured_image":false,"footnotes":""},"class_list":["post-579","page","type-page","status-publish","hentry"],"yoast_head":"<!-- This site is optimized with the Yoast SEO plugin v21.5 - https:\/\/yoast.com\/wordpress\/plugins\/seo\/ -->\n<title>V\u00fdlety - Pegasus Express<\/title>\n<meta name=\"description\" content=\"Oboha\u0165te svou dovolenou na Moraitice na Korfu o jednu nebo v\u00edce denn\u00edch exkurz\u00ed (plavby - v\u00fdlety)\" \/>\n<meta name=\"robots\" content=\"index, follow, max-snippet:-1, max-image-preview:large, max-video-preview:-1\" \/>\n<link rel=\"canonical\" href=\"https:\/\/moraitika-cruises.com\/cs\/shop\/\" \/>\n<meta property=\"og:locale\" content=\"cs_CZ\" \/>\n<meta property=\"og:type\" content=\"article\" \/>\n<meta property=\"og:title\" content=\"V\u00fdlety - Pegasus Express\" \/>\n<meta property=\"og:description\" content=\"Oboha\u0165te svou dovolenou na Moraitice na Korfu o jednu nebo v\u00edce denn\u00edch exkurz\u00ed (plavby - v\u00fdlety)\" \/>\n<meta property=\"og:url\" content=\"https:\/\/moraitika-cruises.com\/cs\/shop\/\" \/>\n<meta property=\"og:site_name\" content=\"Pegasus Express\" \/>\n<meta property=\"article:modified_time\" content=\"2021-02-03T06:35:23+00:00\" \/>\n<meta name=\"twitter:card\" content=\"summary_large_image\" \/>\n<meta name=\"twitter:label1\" content=\"Odhadovan\u00e1 doba \u010dten\u00ed\" \/>\n\t<meta name=\"twitter:data1\" content=\"1 minuta\" \/>\n<script type=\"application\/ld+json\" class=\"yoast-schema-graph\">{\"@context\":\"https:\/\/schema.org\",\"@graph\":[{\"@type\":\"WebPage\",\"@id\":\"https:\/\/moraitika-cruises.com\/cs\/shop\/\",\"url\":\"https:\/\/moraitika-cruises.com\/cs\/shop\/\",\"name\":\"V\u00fdlety - Pegasus Express\",\"isPartOf\":{\"@id\":\"https:\/\/moraitika-cruises.com\/#website\"},\"datePublished\":\"2021-02-02T10:47:59+00:00\",\"dateModified\":\"2021-02-03T06:35:23+00:00\",\"description\":\"Oboha\u0165te svou dovolenou na Moraitice na Korfu o jednu nebo v\u00edce denn\u00edch exkurz\u00ed (plavby - v\u00fdlety)\",\"breadcrumb\":{\"@id\":\"https:\/\/moraitika-cruises.com\/cs\/shop\/#breadcrumb\"},\"inLanguage\":\"cs\",\"potentialAction\":[{\"@type\":\"ReadAction\",\"target\":[\"https:\/\/moraitika-cruises.com\/cs\/shop\/\"]}]},{\"@type\":\"BreadcrumbList\",\"@id\":\"https:\/\/moraitika-cruises.com\/cs\/shop\/#breadcrumb\",\"itemListElement\":[{\"@type\":\"ListItem\",\"position\":1,\"name\":\"Home\",\"item\":\"https:\/\/moraitika-cruises.com\/cs\/\"},{\"@type\":\"ListItem\",\"position\":2,\"name\":\"V\u00fdlety\"}]},{\"@type\":\"WebSite\",\"@id\":\"https:\/\/moraitika-cruises.com\/#website\",\"url\":\"https:\/\/moraitika-cruises.com\/\",\"name\":\"Pegasus Express\",\"description\":\"Moraitika Cruises\",\"potentialAction\":[{\"@type\":\"SearchAction\",\"target\":{\"@type\":\"EntryPoint\",\"urlTemplate\":\"https:\/\/moraitika-cruises.com\/?s={search_term_string}\"},\"query-input\":\"required name=search_term_string\"}],\"inLanguage\":\"cs\"}]}<\/script>\n<!-- \/ Yoast SEO plugin. -->","yoast_head_json":{"title":"V\u00fdlety - Pegasus Express","description":"Oboha\u0165te svou dovolenou na Moraitice na Korfu o jednu nebo v\u00edce denn\u00edch exkurz\u00ed (plavby - v\u00fdlety)","robots":{"index":"index","follow":"follow","max-snippet":"max-snippet:-1","max-image-preview":"max-image-preview:large","max-video-preview":"max-video-preview:-1"},"canonical":"https:\/\/moraitika-cruises.com\/cs\/shop\/","og_locale":"cs_CZ","og_type":"article","og_title":"V\u00fdlety - Pegasus Express","og_description":"Oboha\u0165te svou dovolenou na Moraitice na Korfu o jednu nebo v\u00edce denn\u00edch exkurz\u00ed (plavby - v\u00fdlety)","og_url":"https:\/\/moraitika-cruises.com\/cs\/shop\/","og_site_name":"Pegasus Express","article_modified_time":"2021-02-03T06:35:23+00:00","twitter_card":"summary_large_image","twitter_misc":{"Odhadovan\u00e1 doba \u010dten\u00ed":"1 minuta"},"schema":{"@context":"https:\/\/schema.org","@graph":[{"@type":"WebPage","@id":"https:\/\/moraitika-cruises.com\/cs\/shop\/","url":"https:\/\/moraitika-cruises.com\/cs\/shop\/","name":"V\u00fdlety - Pegasus Express","isPartOf":{"@id":"https:\/\/moraitika-cruises.com\/#website"},"datePublished":"2021-02-02T10:47:59+00:00","dateModified":"2021-02-03T06:35:23+00:00","description":"Oboha\u0165te svou dovolenou na Moraitice na Korfu o jednu nebo v\u00edce denn\u00edch exkurz\u00ed (plavby - v\u00fdlety)","breadcrumb":{"@id":"https:\/\/moraitika-cruises.com\/cs\/shop\/#breadcrumb"},"inLanguage":"cs","potentialAction":[{"@type":"ReadAction","target":["https:\/\/moraitika-cruises.com\/cs\/shop\/"]}]},{"@type":"BreadcrumbList","@id":"https:\/\/moraitika-cruises.com\/cs\/shop\/#breadcrumb","itemListElement":[{"@type":"ListItem","position":1,"name":"Home","item":"https:\/\/moraitika-cruises.com\/cs\/"},{"@type":"ListItem","position":2,"name":"V\u00fdlety"}]},{"@type":"WebSite","@id":"https:\/\/moraitika-cruises.com\/#website","url":"https:\/\/moraitika-cruises.com\/","name":"Pegasus Express","description":"Moraitika Cruises","potentialAction":[{"@type":"SearchAction","target":{"@type":"EntryPoint","urlTemplate":"https:\/\/moraitika-cruises.com\/?s={search_term_string}"},"query-input":"required name=search_term_string"}],"inLanguage":"cs"}]}},"_links":{"self":[{"href":"https:\/\/moraitika-cruises.com\/cs\/wp-json\/wp\/v2\/pages\/579","targetHints":{"allow":["GET"]}}],"collection":[{"href":"https:\/\/moraitika-cruises.com\/cs\/wp-json\/wp\/v2\/pages"}],"about":[{"href":"https:\/\/moraitika-cruises.com\/cs\/wp-json\/wp\/v2\/types\/page"}],"author":[{"embeddable":true,"href":"https:\/\/moraitika-cruises.com\/cs\/wp-json\/wp\/v2\/users\/1"}],"replies":[{"embeddable":true,"href":"https:\/\/moraitika-cruises.com\/cs\/wp-json\/wp\/v2\/comments?post=579"}],"version-history":[{"count":3,"href":"https:\/\/moraitika-cruises.com\/cs\/wp-json\/wp\/v2\/pages\/579\/revisions"}],"predecessor-version":[{"id":824,"href":"https:\/\/moraitika-cruises.com\/cs\/wp-json\/wp\/v2\/pages\/579\/revisions\/824"}],"wp:attachment":[{"href":"https:\/\/moraitika-cruises.com\/cs\/wp-json\/wp\/v2\/media?parent=579"}],"curies":[{"name":"wp","href":"https:\/\/api.w.org\/{rel}","templated":true}]}}