{"id":769,"date":"2021-02-03T06:28:47","date_gmt":"2021-02-03T06:28:47","guid":{"rendered":"http:\/\/moraitika-cruises.com\/o-nas\/"},"modified":"2021-03-07T10:35:15","modified_gmt":"2021-03-07T08:35:15","slug":"o-nas","status":"publish","type":"page","link":"https:\/\/moraitika-cruises.com\/cs\/o-nas\/","title":{"rendered":"O n\u00e1s"},"content":{"rendered":"<p>[vc_row][vc_column offset=&#8221;vc_col-md-8&#8243;][vc_custom_heading text=&#8221;Pegasus Express&#8221; use_theme_fonts=&#8221;yes&#8221; el_class=&#8221;m-b-xs&#8221;][vc_column_text el_class=&#8221;lead&#8221;]Pokra\u010dujeme v na\u0161\u00ed 50let\u00e9 rodinn\u00e9 tradici v n\u00e1mo\u0159n\u00ed turistice. S \u00factou a odpov\u011bdnost\u00ed v\u00e1m slibujeme, \u017ee str\u00e1v\u00edte nezapomenuteln\u00fd den v p\u0159\u00e1telsk\u00e9m a p\u0159\u00edjemn\u00e9m prost\u0159ed\u00ed. S pohodlnou a rychlou lod\u00ed Pegasus Express m\u016f\u017eete svou dovolenou obohatit o jednu nebo v\u00edce jednodenn\u00edch plaveb. S \u00factou,<br \/>\nKapit\u00e1n Michalis[\/vc_column_text][\/vc_column][vc_column offset=&#8221;vc_col-md-4&#8243;]<div class=\"porto-carousel owl-carousel has-ccols ccols-1 nav-inside\" data-plugin-options=\"{&quot;stagePadding&quot;:0,&quot;margin&quot;:10,&quot;autoplay&quot;:&quot;yes&quot;,&quot;autoplayTimeout&quot;:3000,&quot;autoplayHoverPause&quot;:false,&quot;items&quot;:1,&quot;lg&quot;:1,&quot;md&quot;:1,&quot;sm&quot;:1,&quot;xs&quot;:1,&quot;nav&quot;:false,&quot;dots&quot;:&quot;yes&quot;,&quot;animateIn&quot;:&quot;&quot;,&quot;animateOut&quot;:&quot;&quot;,&quot;loop&quot;:&quot;yes&quot;,&quot;center&quot;:false,&quot;video&quot;:false,&quot;lazyLoad&quot;:false,&quot;fullscreen&quot;:false}\">[vc_single_image image=&#8221;788&#8243; img_size=&#8221;large&#8221; alignment=&#8221;center&#8221;][vc_single_image image=&#8221;784&#8243; img_size=&#8221;large&#8221; alignment=&#8221;center&#8221;][vc_single_image image=&#8221;780&#8243; img_size=&#8221;large&#8221; alignment=&#8221;center&#8221;][vc_single_image image=&#8221;776&#8243; img_size=&#8221;large&#8221; alignment=&#8221;center&#8221;][vc_single_image image=&#8221;772&#8243; img_size=&#8221;large&#8221; alignment=&#8221;center&#8221;]<\/div><div class=\"stats-block stats-top  \"><div class=\"porto-sicon-top\"><div id=\"porto-icon-44019620269f1eefbc2d66\" class=\"porto-just-icon-wrapper  \"><div class=\"align-icon\" style=\"text-align:center;\"><\/div><\/div><\/div><div class=\"stats-desc\"><div id=\"counter_56343657369f1eefbc2dbe\" data-id=\"counter_56343657369f1eefbc2dbe\" class=\"stats-number\" style=\" font-size:50px;color:#008fe2;\" data-speed=\"3\" data-counter-value=\"50\" data-separator=\",\" data-decimal=\".\">0<\/div><div class=\"stats-text\" style=\"font-size:20px;\">Years in Business<\/div><\/div><\/div><script>\n\tjQuery(document).ready(function($) {\n\t\tif (typeof countUp == \"undefined\") {\n\t\t\tvar c = document.createElement(\"script\");\n\t\t\tc.src = \"\";\n\t\t\tif (!$('script[src=\"' + c.src + '\"]').length) {\n\t\t\t\tdocument.getElementsByTagName(\"body\")[0].appendChild(c);\n\t\t\t}\n\t\t\tc = document.createElement(\"script\");\n\t\t\tc.src = \"\";\n\t\t\tif (!$('script[src=\"' + c.src + '\"]').length) {\n\t\t\t\tdocument.getElementsByTagName(\"body\")[0].appendChild(c);\n\t\t\t}\n\t\t}\n\t});\n<\/script>\n[\/vc_column][\/vc_row][vc_row full_width=&#8221;stretch_row_content_no_spaces&#8221;][vc_column][vc_masonry_media_grid element_width=&#8221;3&#8243; grid_id=&#8221;vc_gid:1615105988395-77583a23-8a84-6&#8243; include=&#8221;788,784,776,772&#8243;][\/vc_column][\/vc_row][vc_row full_width=&#8221;stretch_row_content_no_spaces&#8221; wrap_container=&#8221;yes&#8221; is_section=&#8221;yes&#8221; remove_border=&#8221;yes&#8221; el_class=&#8221;m-b-n-xl m-t-xl&#8221;][vc_column width=&#8221;3\/4&#8243; el_class=&#8221;col-sm-9&#8243;][vc_custom_heading text=&#8221;Pot\u0159ebujete dal\u0161\u00ed pomoc?&#8221; font_container=&#8221;tag:h3|text_align:center&#8221; use_theme_fonts=&#8221;yes&#8221; el_class=&#8221;m-b-sm&#8221;][vc_custom_heading text=&#8221;pou\u017eijte pros\u00edm pole Kontaktujte n\u00e1s na prav\u00e9 stran\u011b str\u00e1nky.&#8221; font_container=&#8221;tag:p|font_size:17|text_align:center&#8221; use_theme_fonts=&#8221;yes&#8221;][\/vc_column][vc_column width=&#8221;1\/4&#8243; el_class=&#8221;col-sm-3&#8243;][vc_btn title=&#8221;Kontaktujte n\u00e1s&#8221; style=&#8221;flat&#8221; shape=&#8221;square&#8221; size=&#8221;lg&#8221; align=&#8221;center&#8221; skin=&#8221;primary&#8221; link=&#8221;url:http%3A%2F%2Fmoraitika-cruises.com%2Fcs%2Fkontaktujte-nas%2F|title:Kontakt&#8221; el_class=&#8221;m-t-sm&#8221;][\/vc_column][\/vc_row]<\/p>\n","protected":false},"excerpt":{"rendered":"<p>[vc_row][vc_column offset=&#8221;vc_col-md-8&#8243;][vc_custom_heading text=&#8221;Pegasus Express&#8221; use_theme_fonts=&#8221;yes&#8221; el_class=&#8221;m-b-xs&#8221;][vc_column_text el_class=&#8221;lead&#8221;]Pokra\u010dujeme v na\u0161\u00ed 50let\u00e9 rodinn\u00e9 tradici v n\u00e1mo\u0159n\u00ed turistice. S \u00factou a odpov\u011bdnost\u00ed v\u00e1m slibujeme, \u017ee str\u00e1v\u00edte nezapomenuteln\u00fd den v p\u0159\u00e1telsk\u00e9m a p\u0159\u00edjemn\u00e9m prost\u0159ed\u00ed. S pohodlnou a rychlou lod\u00ed Pegasus Express m\u016f\u017eete svou dovolenou obohatit o jednu nebo v\u00edce jednodenn\u00edch plaveb. S \u00factou, Kapit\u00e1n Michalis[\/vc_column_text][\/vc_column][vc_column offset=&#8221;vc_col-md-4&#8243;][\/vc_column][\/vc_row][vc_row full_width=&#8221;stretch_row_content_no_spaces&#8221;][vc_column][vc_masonry_media_grid element_width=&#8221;3&#8243; grid_id=&#8221;vc_gid:1615105988395-77583a23-8a84-6&#8243; [&hellip;]<\/p>\n","protected":false},"author":1,"featured_media":0,"parent":0,"menu_order":2,"comment_status":"closed","ping_status":"closed","template":"","meta":{"inline_featured_image":false,"footnotes":""},"class_list":["post-769","page","type-page","status-publish","hentry"],"yoast_head":"<!-- This site is optimized with the Yoast SEO plugin v21.5 - https:\/\/yoast.com\/wordpress\/plugins\/seo\/ -->\n<title>O n\u00e1s - Pegasus Express<\/title>\n<meta name=\"description\" content=\"Pegasus express, Cruises - Trips &amp; Excursions se nach\u00e1z\u00ed na Moraitice. Na\u0161e lo\u010f je pohodln\u00e1 a rychl\u00e1, svou dovolenou m\u016f\u017eete obohatit o jednu nebo v\u00edce denn\u00edch plaveb\" \/>\n<meta name=\"robots\" content=\"index, follow, max-snippet:-1, max-image-preview:large, max-video-preview:-1\" \/>\n<link rel=\"canonical\" href=\"https:\/\/moraitika-cruises.com\/cs\/o-nas\/\" \/>\n<meta property=\"og:locale\" content=\"cs_CZ\" \/>\n<meta property=\"og:type\" content=\"article\" \/>\n<meta property=\"og:title\" content=\"O n\u00e1s - Pegasus Express\" \/>\n<meta property=\"og:description\" content=\"Pegasus express, Cruises - Trips &amp; Excursions se nach\u00e1z\u00ed na Moraitice. Na\u0161e lo\u010f je pohodln\u00e1 a rychl\u00e1, svou dovolenou m\u016f\u017eete obohatit o jednu nebo v\u00edce denn\u00edch plaveb\" \/>\n<meta property=\"og:url\" content=\"https:\/\/moraitika-cruises.com\/cs\/o-nas\/\" \/>\n<meta property=\"og:site_name\" content=\"Pegasus Express\" \/>\n<meta property=\"article:modified_time\" content=\"2021-03-07T08:35:15+00:00\" \/>\n<meta name=\"twitter:card\" content=\"summary_large_image\" \/>\n<meta name=\"twitter:label1\" content=\"Odhadovan\u00e1 doba \u010dten\u00ed\" \/>\n\t<meta name=\"twitter:data1\" content=\"1 minuta\" \/>\n<script type=\"application\/ld+json\" class=\"yoast-schema-graph\">{\"@context\":\"https:\/\/schema.org\",\"@graph\":[{\"@type\":\"WebPage\",\"@id\":\"https:\/\/moraitika-cruises.com\/cs\/o-nas\/\",\"url\":\"https:\/\/moraitika-cruises.com\/cs\/o-nas\/\",\"name\":\"O n\u00e1s - Pegasus Express\",\"isPartOf\":{\"@id\":\"https:\/\/moraitika-cruises.com\/#website\"},\"datePublished\":\"2021-02-03T06:28:47+00:00\",\"dateModified\":\"2021-03-07T08:35:15+00:00\",\"description\":\"Pegasus express, Cruises - Trips & Excursions se nach\u00e1z\u00ed na Moraitice. Na\u0161e lo\u010f je pohodln\u00e1 a rychl\u00e1, svou dovolenou m\u016f\u017eete obohatit o jednu nebo v\u00edce denn\u00edch plaveb\",\"breadcrumb\":{\"@id\":\"https:\/\/moraitika-cruises.com\/cs\/o-nas\/#breadcrumb\"},\"inLanguage\":\"cs\",\"potentialAction\":[{\"@type\":\"ReadAction\",\"target\":[\"https:\/\/moraitika-cruises.com\/cs\/o-nas\/\"]}]},{\"@type\":\"BreadcrumbList\",\"@id\":\"https:\/\/moraitika-cruises.com\/cs\/o-nas\/#breadcrumb\",\"itemListElement\":[{\"@type\":\"ListItem\",\"position\":1,\"name\":\"Home\",\"item\":\"https:\/\/moraitika-cruises.com\/cs\/\"},{\"@type\":\"ListItem\",\"position\":2,\"name\":\"O n\u00e1s\"}]},{\"@type\":\"WebSite\",\"@id\":\"https:\/\/moraitika-cruises.com\/#website\",\"url\":\"https:\/\/moraitika-cruises.com\/\",\"name\":\"Pegasus Express\",\"description\":\"Moraitika Cruises\",\"potentialAction\":[{\"@type\":\"SearchAction\",\"target\":{\"@type\":\"EntryPoint\",\"urlTemplate\":\"https:\/\/moraitika-cruises.com\/?s={search_term_string}\"},\"query-input\":\"required name=search_term_string\"}],\"inLanguage\":\"cs\"}]}<\/script>\n<!-- \/ Yoast SEO plugin. -->","yoast_head_json":{"title":"O n\u00e1s - Pegasus Express","description":"Pegasus express, Cruises - Trips & Excursions se nach\u00e1z\u00ed na Moraitice. Na\u0161e lo\u010f je pohodln\u00e1 a rychl\u00e1, svou dovolenou m\u016f\u017eete obohatit o jednu nebo v\u00edce denn\u00edch plaveb","robots":{"index":"index","follow":"follow","max-snippet":"max-snippet:-1","max-image-preview":"max-image-preview:large","max-video-preview":"max-video-preview:-1"},"canonical":"https:\/\/moraitika-cruises.com\/cs\/o-nas\/","og_locale":"cs_CZ","og_type":"article","og_title":"O n\u00e1s - Pegasus Express","og_description":"Pegasus express, Cruises - Trips & Excursions se nach\u00e1z\u00ed na Moraitice. Na\u0161e lo\u010f je pohodln\u00e1 a rychl\u00e1, svou dovolenou m\u016f\u017eete obohatit o jednu nebo v\u00edce denn\u00edch plaveb","og_url":"https:\/\/moraitika-cruises.com\/cs\/o-nas\/","og_site_name":"Pegasus Express","article_modified_time":"2021-03-07T08:35:15+00:00","twitter_card":"summary_large_image","twitter_misc":{"Odhadovan\u00e1 doba \u010dten\u00ed":"1 minuta"},"schema":{"@context":"https:\/\/schema.org","@graph":[{"@type":"WebPage","@id":"https:\/\/moraitika-cruises.com\/cs\/o-nas\/","url":"https:\/\/moraitika-cruises.com\/cs\/o-nas\/","name":"O n\u00e1s - Pegasus Express","isPartOf":{"@id":"https:\/\/moraitika-cruises.com\/#website"},"datePublished":"2021-02-03T06:28:47+00:00","dateModified":"2021-03-07T08:35:15+00:00","description":"Pegasus express, Cruises - Trips & Excursions se nach\u00e1z\u00ed na Moraitice. Na\u0161e lo\u010f je pohodln\u00e1 a rychl\u00e1, svou dovolenou m\u016f\u017eete obohatit o jednu nebo v\u00edce denn\u00edch plaveb","breadcrumb":{"@id":"https:\/\/moraitika-cruises.com\/cs\/o-nas\/#breadcrumb"},"inLanguage":"cs","potentialAction":[{"@type":"ReadAction","target":["https:\/\/moraitika-cruises.com\/cs\/o-nas\/"]}]},{"@type":"BreadcrumbList","@id":"https:\/\/moraitika-cruises.com\/cs\/o-nas\/#breadcrumb","itemListElement":[{"@type":"ListItem","position":1,"name":"Home","item":"https:\/\/moraitika-cruises.com\/cs\/"},{"@type":"ListItem","position":2,"name":"O n\u00e1s"}]},{"@type":"WebSite","@id":"https:\/\/moraitika-cruises.com\/#website","url":"https:\/\/moraitika-cruises.com\/","name":"Pegasus Express","description":"Moraitika Cruises","potentialAction":[{"@type":"SearchAction","target":{"@type":"EntryPoint","urlTemplate":"https:\/\/moraitika-cruises.com\/?s={search_term_string}"},"query-input":"required name=search_term_string"}],"inLanguage":"cs"}]}},"_links":{"self":[{"href":"https:\/\/moraitika-cruises.com\/cs\/wp-json\/wp\/v2\/pages\/769","targetHints":{"allow":["GET"]}}],"collection":[{"href":"https:\/\/moraitika-cruises.com\/cs\/wp-json\/wp\/v2\/pages"}],"about":[{"href":"https:\/\/moraitika-cruises.com\/cs\/wp-json\/wp\/v2\/types\/page"}],"author":[{"embeddable":true,"href":"https:\/\/moraitika-cruises.com\/cs\/wp-json\/wp\/v2\/users\/1"}],"replies":[{"embeddable":true,"href":"https:\/\/moraitika-cruises.com\/cs\/wp-json\/wp\/v2\/comments?post=769"}],"version-history":[{"count":6,"href":"https:\/\/moraitika-cruises.com\/cs\/wp-json\/wp\/v2\/pages\/769\/revisions"}],"predecessor-version":[{"id":1274,"href":"https:\/\/moraitika-cruises.com\/cs\/wp-json\/wp\/v2\/pages\/769\/revisions\/1274"}],"wp:attachment":[{"href":"https:\/\/moraitika-cruises.com\/cs\/wp-json\/wp\/v2\/media?parent=769"}],"curies":[{"name":"wp","href":"https:\/\/api.w.org\/{rel}","templated":true}]}}