{"id":1008,"date":"2021-02-01T08:03:49","date_gmt":"2021-02-01T08:03:49","guid":{"rendered":"http:\/\/moraitika-cruises.com\/product\/paxos-antipaxos-modre-jeskyne\/"},"modified":"2021-02-04T08:30:24","modified_gmt":"2021-02-04T08:30:24","slug":"paxos-antipaxos-modre-jeskyne","status":"publish","type":"product","link":"https:\/\/moraitika-cruises.com\/cs\/product\/paxos-antipaxos-modre-jeskyne\/","title":{"rendered":"PAXOS &#8211; ANTIPAXOS &#8211; MODR\u00c9 JESKYN\u011a"},"content":{"rendered":"<p style=\"font-size: 18px; line-height: 27px; color: #515151;\">Va\u0161e dovolen\u00e1 na Korfu by nikdy nebyla \u00fapln\u00e1 bez n\u00e1v\u0161t\u011bvy ostrova Paxos &#8211; jednoho z 20 nejkr\u00e1sn\u011bj\u0161\u00edch ostrov\u016f na sv\u011bt\u011b. Ohrom\u00ed v\u00e1s kr\u00e1sa p\u0159\u00edrody, kterou nab\u00edzej\u00ed ostrovy Paxos a Antipaxos &#8211; skute\u010dn\u00e9 skvosty J\u00f3nsk\u00e9ho mo\u0159e.<\/p>\n<h4 class=\"titlesm\">PROGRAM PROHL\u00cdDKY<\/h4>\n<p>Va\u0161e dovolen\u00e1 na Korfu by nikdy nebyla \u00fapln\u00e1 bez n\u00e1v\u0161t\u011bvy ostrova Paxos &#8211; jednoho z 20 nejkr\u00e1sn\u011bj\u0161\u00edch ostrov\u016f na sv\u011bt\u011b. Ohrom\u00ed v\u00e1s kr\u00e1sa p\u0159\u00edrody, kterou nab\u00edzej\u00ed ostrovy Paxos a Antipaxos &#8211; skute\u010dn\u00e9 skvosty J\u00f3nsk\u00e9ho mo\u0159e. Vyplouv\u00e1me z \u0159eky Messonghi a vyd\u00e1me se nejprve na z\u00e1padn\u00ed stranu ostrova Paxos, co\u017e v\u00e1m d\u00e1v\u00e1 p\u0159\u00edle\u017eitost po\u0159izovat fotografie impozantn\u00edch skal a mo\u0159sk\u00fdch jeskyn\u00ed, kter\u00e9 byly p\u0159irozen\u011b vytes\u00e1ny vlnami a v\u011btrem. Lo\u010f do t\u0159\u00ed z nich i vpluje.<\/p>\n<p>Dal\u0161\u00ed zast\u00e1vka \u2013 ostrov Antipaxos &#8211; je zn\u00e1m\u00e1 sv\u00fdmi tyrkysov\u00fdmi k\u0159i\u0161\u0165\u00e1lov\u011b \u010dist\u00fdmi vodami a pl\u00e1\u017eemi s b\u00edl\u00fdm p\u00edskem (1 hodina). Lo\u010f se p\u0159ibl\u00ed\u017e\u00ed k pob\u0159e\u017e\u00ed co nejbl\u00ed\u017ee, proto\u017ee ostrov Antipaxos nem\u00e1 \u017e\u00e1dn\u00fd p\u0159\u00edstav.<\/p>\n<p>V Gaiosu &#8211; hlavn\u00edm m\u011bst\u011b Paxosu &#8211; bude spousta \u010dasu na proch\u00e1zky \u00fazk\u00fdmi uli\u010dkami, na ob\u011bd nebo ob\u010derstven\u00ed v jedn\u00e9 z mnoha m\u00edstn\u00edch restaurac\u00ed a kav\u00e1ren \u2013 (2 hodiny). P\u0159i opou\u0161t\u011bn\u00ed Gaiosu poplujeme dol\u016f kr\u00e1snou \u00fa\u017einou kolem ostrov\u016f Panagia a St.Nicolas.<\/p>\n<blockquote style=\"margin-top: 15px; border-color: #c3e3f6;\">\n<p style=\"font-size: 18px; line-height: 27px; color: #008fe2;\"><em> Nezapome\u0148te si vz\u00edt fotoapar\u00e1t, ru\u010dn\u00edk, slune\u010dn\u00ed kr\u00e9m a dobrou n\u00e1ladu!<\/em><\/p>\n<\/blockquote>\n<h4 class=\"titlesm\">OZN\u00c1MEN\u00cd<\/h4>\n<div class=\"vc_message_box vc_message_box-standard vc_message_box-rounded vc_color-info vc_custom_1612174478842\">\n<div class=\"vc_message_box-icon\"><\/div>\n<p>    Prohl\u00eddkov\u00fd program m\u016f\u017ee zm\u011bnit podle denn\u00edho po\u010das\u00ed a mo\u0159sk\u00fdch podm\u00ednek<\/p>\n<\/div>\n","protected":false},"excerpt":{"rendered":"<p>Rann\u00ed v\u00fdlet <strong>od 09: 30-17: 00.<\/strong><\/p>\n<blockquote style=\"margin-top: 10px; border-color: #c3e3f6;\">\n<p style=\"padding-top: 10px; font-size: 18px; line-height: 27px; color: #008fe2;\"><em><br \/>\nNav\u0161tivte \u00fachvatnou jeskyni Sivota a pono\u0159te se do k\u0159i\u0161\u0165\u00e1lov\u011b \u010dist\u00e9 vody fascinuj\u00edc\u00ed Modr\u00e9 laguny!<\/em><\/p>\n<\/blockquote>\n<p style=\"font-size: 18px; line-height: 27px; color: #515151;\">Ochutnejte jedine\u010dn\u00fd z\u00e1\u017eitek Pegasus Express n\u00e1v\u0161t\u011bvou \u0159eck\u00e9 pevniny a exotick\u00e9 z\u00e1toky Modr\u00e1 laguna&#8230;<\/p>\n<div class=\"MoreBtn vc_btn3-container font-weight-bold text-uppercase custom-button vc_btn3-inline\" style=\"margin-top: 25px;\"><a class=\"vc_btn3 vc_btn3-shape-round btn btn-borders btn-md btn-quaternary\" title=\"\" href=\"#product-tab\">P\u0159e\u010dt\u011bte si v\u00edce<\/a><\/div>\n","protected":false},"featured_media":0,"template":"","meta":{"inline_featured_image":false},"product_brand":[],"product_cat":[49],"product_tag":[],"class_list":{"0":"post-1008","1":"product","2":"type-product","3":"status-publish","5":"product_cat-vylety","7":"first","8":"instock","9":"shipping-taxable","10":"product-type-simple"},"yoast_head":"<!-- This site is optimized with the Yoast SEO plugin v21.5 - https:\/\/yoast.com\/wordpress\/plugins\/seo\/ -->\n<title>PAXOS - ANTIPAXOS - MODR\u00c9 JESKYN\u011a - Pegasus Express<\/title>\n<meta name=\"description\" content=\"Expresn\u00ed plavba Pegasus z Moraitiky na Korfu do Paxos-Antipaxos. Kvalitn\u00ed volba na p\u016fl dne Activity . we stop in Blue Caves Cruise (Gaios village)..\" \/>\n<meta name=\"robots\" content=\"index, follow, max-snippet:-1, max-image-preview:large, max-video-preview:-1\" \/>\n<link rel=\"canonical\" href=\"https:\/\/moraitika-cruises.com\/cs\/product\/paxos-antipaxos-modre-jeskyne\/\" \/>\n<meta property=\"og:locale\" content=\"cs_CZ\" \/>\n<meta property=\"og:type\" content=\"article\" \/>\n<meta property=\"og:title\" content=\"PAXOS - ANTIPAXOS - MODR\u00c9 JESKYN\u011a - Pegasus Express\" \/>\n<meta property=\"og:description\" content=\"Expresn\u00ed plavba Pegasus z Moraitiky na Korfu do Paxos-Antipaxos. Kvalitn\u00ed volba na p\u016fl dne Activity . we stop in Blue Caves Cruise (Gaios village)..\" \/>\n<meta property=\"og:url\" content=\"https:\/\/moraitika-cruises.com\/cs\/product\/paxos-antipaxos-modre-jeskyne\/\" \/>\n<meta property=\"og:site_name\" content=\"Pegasus Express\" \/>\n<meta property=\"article:modified_time\" content=\"2021-02-04T08:30:24+00:00\" \/>\n<meta name=\"twitter:card\" content=\"summary_large_image\" \/>\n<meta name=\"twitter:label1\" content=\"Odhadovan\u00e1 doba \u010dten\u00ed\" \/>\n\t<meta name=\"twitter:data1\" content=\"1 minuta\" \/>\n<script type=\"application\/ld+json\" class=\"yoast-schema-graph\">{\"@context\":\"https:\/\/schema.org\",\"@graph\":[{\"@type\":\"WebPage\",\"@id\":\"https:\/\/moraitika-cruises.com\/cs\/product\/paxos-antipaxos-modre-jeskyne\/\",\"url\":\"https:\/\/moraitika-cruises.com\/cs\/product\/paxos-antipaxos-modre-jeskyne\/\",\"name\":\"PAXOS - ANTIPAXOS - MODR\u00c9 JESKYN\u011a - Pegasus Express\",\"isPartOf\":{\"@id\":\"https:\/\/moraitika-cruises.com\/#website\"},\"datePublished\":\"2021-02-01T08:03:49+00:00\",\"dateModified\":\"2021-02-04T08:30:24+00:00\",\"description\":\"Expresn\u00ed plavba Pegasus z Moraitiky na Korfu do Paxos-Antipaxos. Kvalitn\u00ed volba na p\u016fl dne Activity . we stop in Blue Caves Cruise (Gaios village)..\",\"breadcrumb\":{\"@id\":\"https:\/\/moraitika-cruises.com\/cs\/product\/paxos-antipaxos-modre-jeskyne\/#breadcrumb\"},\"inLanguage\":\"cs\",\"potentialAction\":[{\"@type\":\"ReadAction\",\"target\":[\"https:\/\/moraitika-cruises.com\/cs\/product\/paxos-antipaxos-modre-jeskyne\/\"]}]},{\"@type\":\"BreadcrumbList\",\"@id\":\"https:\/\/moraitika-cruises.com\/cs\/product\/paxos-antipaxos-modre-jeskyne\/#breadcrumb\",\"itemListElement\":[{\"@type\":\"ListItem\",\"position\":1,\"name\":\"Home\",\"item\":\"https:\/\/moraitika-cruises.com\/cs\/\"},{\"@type\":\"ListItem\",\"position\":2,\"name\":\"Excursions\",\"item\":\"https:\/\/moraitika-cruises.com\/excursions\/\"},{\"@type\":\"ListItem\",\"position\":3,\"name\":\"PAXOS &#8211; ANTIPAXOS &#8211; MODR\u00c9 JESKYN\u011a\"}]},{\"@type\":\"WebSite\",\"@id\":\"https:\/\/moraitika-cruises.com\/#website\",\"url\":\"https:\/\/moraitika-cruises.com\/\",\"name\":\"Pegasus Express\",\"description\":\"Moraitika Cruises\",\"potentialAction\":[{\"@type\":\"SearchAction\",\"target\":{\"@type\":\"EntryPoint\",\"urlTemplate\":\"https:\/\/moraitika-cruises.com\/?s={search_term_string}\"},\"query-input\":\"required name=search_term_string\"}],\"inLanguage\":\"cs\"}]}<\/script>\n<!-- \/ Yoast SEO plugin. -->","yoast_head_json":{"title":"PAXOS - ANTIPAXOS - MODR\u00c9 JESKYN\u011a - Pegasus Express","description":"Expresn\u00ed plavba Pegasus z Moraitiky na Korfu do Paxos-Antipaxos. Kvalitn\u00ed volba na p\u016fl dne Activity . we stop in Blue Caves Cruise (Gaios village)..","robots":{"index":"index","follow":"follow","max-snippet":"max-snippet:-1","max-image-preview":"max-image-preview:large","max-video-preview":"max-video-preview:-1"},"canonical":"https:\/\/moraitika-cruises.com\/cs\/product\/paxos-antipaxos-modre-jeskyne\/","og_locale":"cs_CZ","og_type":"article","og_title":"PAXOS - ANTIPAXOS - MODR\u00c9 JESKYN\u011a - Pegasus Express","og_description":"Expresn\u00ed plavba Pegasus z Moraitiky na Korfu do Paxos-Antipaxos. Kvalitn\u00ed volba na p\u016fl dne Activity . we stop in Blue Caves Cruise (Gaios village)..","og_url":"https:\/\/moraitika-cruises.com\/cs\/product\/paxos-antipaxos-modre-jeskyne\/","og_site_name":"Pegasus Express","article_modified_time":"2021-02-04T08:30:24+00:00","twitter_card":"summary_large_image","twitter_misc":{"Odhadovan\u00e1 doba \u010dten\u00ed":"1 minuta"},"schema":{"@context":"https:\/\/schema.org","@graph":[{"@type":"WebPage","@id":"https:\/\/moraitika-cruises.com\/cs\/product\/paxos-antipaxos-modre-jeskyne\/","url":"https:\/\/moraitika-cruises.com\/cs\/product\/paxos-antipaxos-modre-jeskyne\/","name":"PAXOS - ANTIPAXOS - MODR\u00c9 JESKYN\u011a - Pegasus Express","isPartOf":{"@id":"https:\/\/moraitika-cruises.com\/#website"},"datePublished":"2021-02-01T08:03:49+00:00","dateModified":"2021-02-04T08:30:24+00:00","description":"Expresn\u00ed plavba Pegasus z Moraitiky na Korfu do Paxos-Antipaxos. Kvalitn\u00ed volba na p\u016fl dne Activity . we stop in Blue Caves Cruise (Gaios village)..","breadcrumb":{"@id":"https:\/\/moraitika-cruises.com\/cs\/product\/paxos-antipaxos-modre-jeskyne\/#breadcrumb"},"inLanguage":"cs","potentialAction":[{"@type":"ReadAction","target":["https:\/\/moraitika-cruises.com\/cs\/product\/paxos-antipaxos-modre-jeskyne\/"]}]},{"@type":"BreadcrumbList","@id":"https:\/\/moraitika-cruises.com\/cs\/product\/paxos-antipaxos-modre-jeskyne\/#breadcrumb","itemListElement":[{"@type":"ListItem","position":1,"name":"Home","item":"https:\/\/moraitika-cruises.com\/cs\/"},{"@type":"ListItem","position":2,"name":"Excursions","item":"https:\/\/moraitika-cruises.com\/excursions\/"},{"@type":"ListItem","position":3,"name":"PAXOS &#8211; ANTIPAXOS &#8211; MODR\u00c9 JESKYN\u011a"}]},{"@type":"WebSite","@id":"https:\/\/moraitika-cruises.com\/#website","url":"https:\/\/moraitika-cruises.com\/","name":"Pegasus Express","description":"Moraitika Cruises","potentialAction":[{"@type":"SearchAction","target":{"@type":"EntryPoint","urlTemplate":"https:\/\/moraitika-cruises.com\/?s={search_term_string}"},"query-input":"required name=search_term_string"}],"inLanguage":"cs"}]}},"_links":{"self":[{"href":"https:\/\/moraitika-cruises.com\/cs\/wp-json\/wp\/v2\/product\/1008","targetHints":{"allow":["GET"]}}],"collection":[{"href":"https:\/\/moraitika-cruises.com\/cs\/wp-json\/wp\/v2\/product"}],"about":[{"href":"https:\/\/moraitika-cruises.com\/cs\/wp-json\/wp\/v2\/types\/product"}],"wp:attachment":[{"href":"https:\/\/moraitika-cruises.com\/cs\/wp-json\/wp\/v2\/media?parent=1008"}],"wp:term":[{"taxonomy":"product_brand","embeddable":true,"href":"https:\/\/moraitika-cruises.com\/cs\/wp-json\/wp\/v2\/product_brand?post=1008"},{"taxonomy":"product_cat","embeddable":true,"href":"https:\/\/moraitika-cruises.com\/cs\/wp-json\/wp\/v2\/product_cat?post=1008"},{"taxonomy":"product_tag","embeddable":true,"href":"https:\/\/moraitika-cruises.com\/cs\/wp-json\/wp\/v2\/product_tag?post=1008"}],"curies":[{"name":"wp","href":"https:\/\/api.w.org\/{rel}","templated":true}]}}