{"id":949,"date":"2021-02-01T08:52:09","date_gmt":"2021-02-01T08:52:09","guid":{"rendered":"http:\/\/moraitika-cruises.com\/product\/corfu-town-by-night\/"},"modified":"2021-02-03T14:22:50","modified_gmt":"2021-02-03T14:22:50","slug":"corfu-town-by-night","status":"publish","type":"product","link":"https:\/\/moraitika-cruises.com\/cs\/product\/corfu-town-by-night\/","title":{"rendered":"CORFU M\u011aSTO V NOCI"},"content":{"rendered":"<p style=\"padding-top: 10px; font-size: 18px; line-height: 27px; color: #515151;\">Mimo\u0159\u00e1dn\u011b kr\u00e1sn\u00fdm z\u00e1\u017eitkem, jak ve\u010der nav\u0161t\u00edvit m\u011bsto Korfu, je v\u00fdlet s n\u00e1mi. Na\u0161e lo\u010f vypluje v 17:00 od \u0159eky Messonghi.<\/p>\n<h4 class=\"titlesm\">PROGRAM PROHL\u00cdDKY<\/h4>\n<p>P\u0159i plavb\u011b sm\u011brem k m\u011bstu Korfu, m\u016f\u017eete obdivovat n\u00e1dhern\u00fd v\u00fdhled na v\u00fdchodn\u00ed stranu ostrova. Budete m\u00edt tak\u00e9 p\u0159\u00edle\u017eitost vyfotografovat n\u011bkter\u00e9 z nejzn\u00e1m\u011bj\u0161\u00edch pam\u00e1tek Korfu, jako je jedine\u010dn\u00fd Pontikonisi, Agia Vlacherna, leti\u0161t\u011b, Mon Repo, pal\u00e1c b\u00fdval\u00e9ho kr\u00e1le a dv\u011b ben\u00e1tsk\u00e9 pevnosti &#8211; Star\u00e1 a Nov\u00e1 pevnost.<\/p>\n<p>O 40 minut pozd\u011bji doraz\u00edme do na\u0161eho kone\u010dn\u00e9ho c\u00edle, m\u011bsta Korfu, kde se m\u016f\u017eete proj\u00edt po Star\u00e9m M\u011bst\u011b s n\u00e1m\u011bst\u00edm Liston, jeho tradi\u010dn\u00edmi budovami, proj\u00edt \u00fazk\u00fdmi uli\u010dkami s mnoha obchody prod\u00e1vaj\u00edc\u00edmi tradi\u010dn\u00ed v\u00fdrobky a ochutnat korfsk\u00e9 lah\u016fdky. V neposledn\u00ed \u0159ad\u011b nezapome\u0148te nav\u0161t\u00edvit kostel patrona ostrova Agios Spyridon.<\/p>\n<p>Na zp\u00e1te\u010dn\u00ed cest\u011b budete obdivovat jedine\u010dn\u011b osv\u011btlen\u00e9 pevnosti a no\u010dn\u00ed v\u00fdhled na m\u011bsto.<\/p>\n<blockquote style=\"margin-top: 15px; border-color: #c3e3f6;\">\n<p style=\"font-size: 18px; line-height: 27px; color: #008fe2;\"><em> Nezapome\u0148te si vz\u00edt fotoapar\u00e1t, ru\u010dn\u00edk, slune\u010dn\u00ed kr\u00e9m a dobrou n\u00e1ladu!<\/em><\/p>\n<\/blockquote>\n<h4 class=\"titlesm\">OZN\u00c1MEN\u00cd<\/h4>\n<div class=\"vc_message_box vc_message_box-standard vc_message_box-rounded vc_color-info vc_custom_1612174478842\">\n<div class=\"vc_message_box-icon\"><\/div>\n<p>Prohl\u00eddkov\u00fd program se m\u016f\u017ee zm\u011bnit podle denn\u00edho po\u010das\u00ed a mo\u0159sk\u00fdch podm\u00ednek<\/p>\n<\/div>\n","protected":false},"excerpt":{"rendered":"<p>Odpoledne <strong>V\u00fdlet od 17:00 do 22:30.<\/strong><\/p>\n<blockquote style=\"margin-top: 10px; border-color: #c3e3f6;\">\n<p style=\"font-size: 18px; line-height: 27px; color: #008fe2;\"><em><br \/>\nM\u011bsto Korfu, tak elegantn\u011b kosmopolitn\u00ed a tak elegantn\u011b historick\u00e9, je nepochybn\u011b romantick\u00fdm m\u00edstem.<br \/>\n<\/em><\/p>\n<\/blockquote>\n<p style=\"padding-top: 10px; font-size: 18px; line-height: 27px; color: #515151;\">Mimo\u0159\u00e1dn\u011b kr\u00e1sn\u00fdm z\u00e1\u017eitkem, jak ve\u010der nav\u0161t\u00edvit m\u011bsto Korfu, je v\u00fdlet s n\u00e1mi. Na\u0161e lo\u010f vypluje v 17:00 od \u0159eky Messonghi&#8230;<\/p>\n<div class=\"MoreBtn vc_btn3-container font-weight-bold text-uppercase custom-button vc_btn3-inline\" style=\"margin-top: 25px;\"><a class=\"vc_btn3 vc_btn3-shape-round btn btn-borders btn-md btn-quaternary\" title=\"\" href=\"#product-tab\">P\u0159e\u010dt\u011bte si v\u00edce<\/a><\/div>\n","protected":false},"featured_media":0,"template":"","meta":{"inline_featured_image":false},"product_brand":[],"product_cat":[49],"product_tag":[],"class_list":{"0":"post-949","1":"product","2":"type-product","3":"status-publish","5":"product_cat-vylety","7":"first","8":"instock","9":"shipping-taxable","10":"product-type-simple"},"yoast_head":"<!-- This site is optimized with the Yoast SEO plugin v21.5 - https:\/\/yoast.com\/wordpress\/plugins\/seo\/ -->\n<title>Pegasus Express \/ v\u00fdlet lod\u00ed- CORFU M\u011aSTO V NOCI \/ Moraitika na Korfu<\/title>\n<meta name=\"description\" content=\"Moraitika na Korfu v noci Exkurze - &amp; Cruises kombinuje romantiku, prohl\u00eddku lod\u00ed a n\u00e1kupy. Co by mohlo b\u00fdt romanti\u010dt\u011bj\u0161\u00ed ne\u017e plavba po Ponticonisi a Liston ..\" \/>\n<meta name=\"robots\" content=\"index, follow, max-snippet:-1, max-image-preview:large, max-video-preview:-1\" \/>\n<link rel=\"canonical\" href=\"https:\/\/moraitika-cruises.com\/cs\/product\/corfu-town-by-night\/\" \/>\n<meta property=\"og:locale\" content=\"cs_CZ\" \/>\n<meta property=\"og:type\" content=\"article\" \/>\n<meta property=\"og:title\" content=\"Pegasus Express \/ v\u00fdlet lod\u00ed- CORFU M\u011aSTO V NOCI \/ Moraitika na Korfu\" \/>\n<meta property=\"og:description\" content=\"Moraitika na Korfu v noci Exkurze - &amp; Cruises kombinuje romantiku, prohl\u00eddku lod\u00ed a n\u00e1kupy. Co by mohlo b\u00fdt romanti\u010dt\u011bj\u0161\u00ed ne\u017e plavba po Ponticonisi a Liston ..\" \/>\n<meta property=\"og:url\" content=\"https:\/\/moraitika-cruises.com\/cs\/product\/corfu-town-by-night\/\" \/>\n<meta property=\"og:site_name\" content=\"Pegasus Express\" \/>\n<meta property=\"article:modified_time\" content=\"2021-02-03T14:22:50+00:00\" \/>\n<meta name=\"twitter:card\" content=\"summary_large_image\" \/>\n<meta name=\"twitter:label1\" content=\"Odhadovan\u00e1 doba \u010dten\u00ed\" \/>\n\t<meta name=\"twitter:data1\" content=\"1 minuta\" \/>\n<script type=\"application\/ld+json\" class=\"yoast-schema-graph\">{\"@context\":\"https:\/\/schema.org\",\"@graph\":[{\"@type\":\"WebPage\",\"@id\":\"https:\/\/moraitika-cruises.com\/cs\/product\/corfu-town-by-night\/\",\"url\":\"https:\/\/moraitika-cruises.com\/cs\/product\/corfu-town-by-night\/\",\"name\":\"Pegasus Express \/ v\u00fdlet lod\u00ed- CORFU M\u011aSTO V NOCI \/ Moraitika na Korfu\",\"isPartOf\":{\"@id\":\"https:\/\/moraitika-cruises.com\/#website\"},\"datePublished\":\"2021-02-01T08:52:09+00:00\",\"dateModified\":\"2021-02-03T14:22:50+00:00\",\"description\":\"Moraitika na Korfu v noci Exkurze - & Cruises kombinuje romantiku, prohl\u00eddku lod\u00ed a n\u00e1kupy. Co by mohlo b\u00fdt romanti\u010dt\u011bj\u0161\u00ed ne\u017e plavba po Ponticonisi a Liston ..\",\"breadcrumb\":{\"@id\":\"https:\/\/moraitika-cruises.com\/cs\/product\/corfu-town-by-night\/#breadcrumb\"},\"inLanguage\":\"cs\",\"potentialAction\":[{\"@type\":\"ReadAction\",\"target\":[\"https:\/\/moraitika-cruises.com\/cs\/product\/corfu-town-by-night\/\"]}]},{\"@type\":\"BreadcrumbList\",\"@id\":\"https:\/\/moraitika-cruises.com\/cs\/product\/corfu-town-by-night\/#breadcrumb\",\"itemListElement\":[{\"@type\":\"ListItem\",\"position\":1,\"name\":\"Home\",\"item\":\"https:\/\/moraitika-cruises.com\/cs\/\"},{\"@type\":\"ListItem\",\"position\":2,\"name\":\"Excursions\",\"item\":\"https:\/\/moraitika-cruises.com\/excursions\/\"},{\"@type\":\"ListItem\",\"position\":3,\"name\":\"CORFU M\u011aSTO V NOCI\"}]},{\"@type\":\"WebSite\",\"@id\":\"https:\/\/moraitika-cruises.com\/#website\",\"url\":\"https:\/\/moraitika-cruises.com\/\",\"name\":\"Pegasus Express\",\"description\":\"Moraitika Cruises\",\"potentialAction\":[{\"@type\":\"SearchAction\",\"target\":{\"@type\":\"EntryPoint\",\"urlTemplate\":\"https:\/\/moraitika-cruises.com\/?s={search_term_string}\"},\"query-input\":\"required name=search_term_string\"}],\"inLanguage\":\"cs\"}]}<\/script>\n<!-- \/ Yoast SEO plugin. -->","yoast_head_json":{"title":"Pegasus Express \/ v\u00fdlet lod\u00ed- CORFU M\u011aSTO V NOCI \/ Moraitika na Korfu","description":"Moraitika na Korfu v noci Exkurze - & Cruises kombinuje romantiku, prohl\u00eddku lod\u00ed a n\u00e1kupy. Co by mohlo b\u00fdt romanti\u010dt\u011bj\u0161\u00ed ne\u017e plavba po Ponticonisi a Liston ..","robots":{"index":"index","follow":"follow","max-snippet":"max-snippet:-1","max-image-preview":"max-image-preview:large","max-video-preview":"max-video-preview:-1"},"canonical":"https:\/\/moraitika-cruises.com\/cs\/product\/corfu-town-by-night\/","og_locale":"cs_CZ","og_type":"article","og_title":"Pegasus Express \/ v\u00fdlet lod\u00ed- CORFU M\u011aSTO V NOCI \/ Moraitika na Korfu","og_description":"Moraitika na Korfu v noci Exkurze - & Cruises kombinuje romantiku, prohl\u00eddku lod\u00ed a n\u00e1kupy. Co by mohlo b\u00fdt romanti\u010dt\u011bj\u0161\u00ed ne\u017e plavba po Ponticonisi a Liston ..","og_url":"https:\/\/moraitika-cruises.com\/cs\/product\/corfu-town-by-night\/","og_site_name":"Pegasus Express","article_modified_time":"2021-02-03T14:22:50+00:00","twitter_card":"summary_large_image","twitter_misc":{"Odhadovan\u00e1 doba \u010dten\u00ed":"1 minuta"},"schema":{"@context":"https:\/\/schema.org","@graph":[{"@type":"WebPage","@id":"https:\/\/moraitika-cruises.com\/cs\/product\/corfu-town-by-night\/","url":"https:\/\/moraitika-cruises.com\/cs\/product\/corfu-town-by-night\/","name":"Pegasus Express \/ v\u00fdlet lod\u00ed- CORFU M\u011aSTO V NOCI \/ Moraitika na Korfu","isPartOf":{"@id":"https:\/\/moraitika-cruises.com\/#website"},"datePublished":"2021-02-01T08:52:09+00:00","dateModified":"2021-02-03T14:22:50+00:00","description":"Moraitika na Korfu v noci Exkurze - & Cruises kombinuje romantiku, prohl\u00eddku lod\u00ed a n\u00e1kupy. Co by mohlo b\u00fdt romanti\u010dt\u011bj\u0161\u00ed ne\u017e plavba po Ponticonisi a Liston ..","breadcrumb":{"@id":"https:\/\/moraitika-cruises.com\/cs\/product\/corfu-town-by-night\/#breadcrumb"},"inLanguage":"cs","potentialAction":[{"@type":"ReadAction","target":["https:\/\/moraitika-cruises.com\/cs\/product\/corfu-town-by-night\/"]}]},{"@type":"BreadcrumbList","@id":"https:\/\/moraitika-cruises.com\/cs\/product\/corfu-town-by-night\/#breadcrumb","itemListElement":[{"@type":"ListItem","position":1,"name":"Home","item":"https:\/\/moraitika-cruises.com\/cs\/"},{"@type":"ListItem","position":2,"name":"Excursions","item":"https:\/\/moraitika-cruises.com\/excursions\/"},{"@type":"ListItem","position":3,"name":"CORFU M\u011aSTO V NOCI"}]},{"@type":"WebSite","@id":"https:\/\/moraitika-cruises.com\/#website","url":"https:\/\/moraitika-cruises.com\/","name":"Pegasus Express","description":"Moraitika Cruises","potentialAction":[{"@type":"SearchAction","target":{"@type":"EntryPoint","urlTemplate":"https:\/\/moraitika-cruises.com\/?s={search_term_string}"},"query-input":"required name=search_term_string"}],"inLanguage":"cs"}]}},"_links":{"self":[{"href":"https:\/\/moraitika-cruises.com\/cs\/wp-json\/wp\/v2\/product\/949","targetHints":{"allow":["GET"]}}],"collection":[{"href":"https:\/\/moraitika-cruises.com\/cs\/wp-json\/wp\/v2\/product"}],"about":[{"href":"https:\/\/moraitika-cruises.com\/cs\/wp-json\/wp\/v2\/types\/product"}],"wp:attachment":[{"href":"https:\/\/moraitika-cruises.com\/cs\/wp-json\/wp\/v2\/media?parent=949"}],"wp:term":[{"taxonomy":"product_brand","embeddable":true,"href":"https:\/\/moraitika-cruises.com\/cs\/wp-json\/wp\/v2\/product_brand?post=949"},{"taxonomy":"product_cat","embeddable":true,"href":"https:\/\/moraitika-cruises.com\/cs\/wp-json\/wp\/v2\/product_cat?post=949"},{"taxonomy":"product_tag","embeddable":true,"href":"https:\/\/moraitika-cruises.com\/cs\/wp-json\/wp\/v2\/product_tag?post=949"}],"curies":[{"name":"wp","href":"https:\/\/api.w.org\/{rel}","templated":true}]}}