{"id":992,"date":"2021-02-01T07:36:19","date_gmt":"2021-02-01T07:36:19","guid":{"rendered":"http:\/\/moraitika-cruises.com\/product\/modra-laguna-jeskyne-recka-pevnina\/"},"modified":"2021-02-04T08:30:55","modified_gmt":"2021-02-04T08:30:55","slug":"modra-laguna-jeskyne-recka-pevnina","status":"publish","type":"product","link":"https:\/\/moraitika-cruises.com\/cs\/product\/modra-laguna-jeskyne-recka-pevnina\/","title":{"rendered":"MODR\u00c1 LAGUNA &#8211; JESKYN\u011a \u2013 \u0158ECK\u00c1 PEVNINA"},"content":{"rendered":"<p style=\"font-size: 18px; line-height: 27px; color: #515151;\">Vychutnejte jedine\u010dn\u00fd z\u00e1\u017eitek na Pegasus Express n\u00e1v\u0161t\u011bvou \u0159eck\u00e9 pevniny a exotick\u00e9 z\u00e1toky Modr\u00e1 laguna.<\/p>\n<h4 class=\"titlesm\">PROGRAM PROHL\u00cdDKY<\/h4>\n<p>Na za\u010d\u00e1tku na\u0161\u00ed plavby budete m\u00edt mo\u017enost pozorovat ji\u017en\u00ed \u010d\u00e1st ostrova Korfu.<\/p>\n<p>O hodinu a 15 minut pozd\u011bji doraz\u00edme do na\u0161eho prvn\u00edho c\u00edle &#8211; ostrova Black Mountain. Stoj\u00ed zato vyfotografovat si n\u00e1dhern\u00e9 skaln\u00ed pob\u0159e\u017e\u00ed a uvnit\u0159 kouzeln\u00e9 mo\u0159sk\u00e9 jeskyn\u011b, kde se b\u011bhem druh\u00e9 sv\u011btov\u00e9 v\u00e1lky schov\u00e1valy \u0159eck\u00e9 ponorky.<\/p>\n<p>Na dal\u0161\u00ed zast\u00e1vce m\u016f\u017eete ochutnat tradi\u010dn\u00ed \u0159eck\u00e9 j\u00eddlo v jedn\u00e9 z mnoha restaurac\u00ed v p\u0159\u00edstavu vesnice Sivota &#8211; jedn\u00e9 z nejmalebn\u011bj\u0161\u00edch tradi\u010dn\u00edch ryb\u00e1\u0159sk\u00fdch vesnic na \u0159eck\u00e9 pevnin\u011b Epirus (2 hodiny).<\/p>\n<p>M\u00ed\u0159\u00edme k na\u0161\u00ed dal\u0161\u00ed zast\u00e1vce, plav\u00edme se mezi mnoha mal\u00fdmi ostrovy, kter\u00e9 se nach\u00e1zej\u00ed pod\u00e9l pob\u0159e\u017e\u00ed oblasti Sivota. Budete m\u00edt p\u0159\u00edle\u017eitost se pot\u00e1p\u011bt ve slavn\u00e9 lagun\u011b Piscine a u\u017e\u00edt si tam pobyt v d\u00e9lce 1 a p\u016fl hodiny.<\/p>\n<p>Na cest\u011b zp\u011bt zastav\u00edme na m\u011blk\u00e9m p\u00edse\u010dn\u00e9m b\u0159ehu u Alikes na nejji\u017en\u011bj\u0161\u00edm c\u00edpu ostrova Korfu.<\/p>\n<p>Na konci na\u0161\u00ed plavby budete moci prozkoumat kr\u00e1sy korfsk\u00e9 p\u0159\u00edrody v botanick\u00e9 zahrad\u011b na jihu Korfu, ochladit se n\u00e1pojem nebo si d\u00e1t \u0161\u00e1lek k\u00e1vy v m\u00edstn\u00edm baru (1 hodina).<\/p>\n<blockquote style=\"margin-top: 15px; border-color: #c3e3f6;\">\n<p style=\"font-size: 18px; line-height: 27px; color: #008fe2;\"><em> Nezapome\u0148te si vz\u00edt fotoapar\u00e1t, ru\u010dn\u00edk, slune\u010dn\u00ed kr\u00e9m a dobrou n\u00e1ladu!<\/em><\/p>\n<\/blockquote>\n<h4 class=\"titlesm\">OZN\u00c1MEN\u00cd<\/h4>\n<div class=\"vc_message_box vc_message_box-standard vc_message_box-rounded vc_color-info vc_custom_1612174478842\">\n<div class=\"vc_message_box-icon\"><\/div>\n<p>Prohl\u00eddkov\u00fd program se m\u016f\u017ee zm\u011bnit podle denn\u00edho po\u010das\u00ed a mo\u0159sk\u00fdch podm\u00ednek<\/p>\n<\/div>\n","protected":false},"excerpt":{"rendered":"<p>Rann\u00ed v\u00fdlet <strong>od 09: 30-17: 00.<\/strong><\/p>\n<blockquote style=\"margin-top: 10px; border-color: #c3e3f6;\">\n<p style=\"padding-top: 10px; font-size: 18px; line-height: 27px; color: #008fe2;\"><em>Nav\u0161tivte \u00fachvatnou jeskyni Sivota a pono\u0159te se do k\u0159i\u0161\u0165\u00e1lov\u011b \u010dist\u00e9 vody fascinuj\u00edc\u00ed Modr\u00e9 laguny!<\/em><\/p>\n<\/blockquote>\n<p style=\"font-size: 18px; line-height: 27px; color: #515151;\">Vychutnejte jedine\u010dn\u00fd z\u00e1\u017eitek na Pegasus Express n\u00e1v\u0161t\u011bvou \u0159eck\u00e9 pevniny a exotick\u00e9 z\u00e1toky Modr\u00e1 laguna&#8230;<\/p>\n<div class=\"MoreBtn vc_btn3-container font-weight-bold text-uppercase custom-button vc_btn3-inline\" style=\"margin-top: 25px;\"><a class=\"vc_btn3 vc_btn3-shape-round btn btn-borders btn-md btn-quaternary\" title=\"\" href=\"#product-tab\">P\u0159e\u010dt\u011bte si v\u00edce<\/a><\/div>\n","protected":false},"featured_media":0,"template":"","meta":{"inline_featured_image":false},"product_brand":[],"product_cat":[49],"product_tag":[],"class_list":{"0":"post-992","1":"product","2":"type-product","3":"status-publish","5":"product_cat-vylety","7":"first","8":"instock","9":"virtual","10":"product-type-simple"},"yoast_head":"<!-- This site is optimized with the Yoast SEO plugin v21.5 - https:\/\/yoast.com\/wordpress\/plugins\/seo\/ -->\n<title>Pegasus Express \/ boat Excursions - Sivota MODR\u00c1 LAGUNA - JESKYN\u011a \u2013 \u0158ECK\u00c1 PEVNINA \/ Moraitika na Korfu<\/title>\n<meta name=\"description\" content=\"P\u0159i plavb\u011b z Moraitiky do modr\u00e9 laguny SIVOTA prozkoum\u00e1te ob\u0159\u00ed mo\u0159skou jeskyni v Mourtos. Dal\u0161\u00ed zast\u00e1vkou t\u00e9to exkurze \/ prohl\u00eddky bude ryb\u00e1\u0159sk\u00e1 vesnice laguny Sivota Blue ..\" \/>\n<meta name=\"robots\" content=\"index, follow, max-snippet:-1, max-image-preview:large, max-video-preview:-1\" \/>\n<link rel=\"canonical\" href=\"https:\/\/moraitika-cruises.com\/cs\/product\/modra-laguna-jeskyne-recka-pevnina\/\" \/>\n<meta property=\"og:locale\" content=\"cs_CZ\" \/>\n<meta property=\"og:type\" content=\"article\" \/>\n<meta property=\"og:title\" content=\"Pegasus Express \/ boat Excursions - Sivota MODR\u00c1 LAGUNA - JESKYN\u011a \u2013 \u0158ECK\u00c1 PEVNINA \/ Moraitika na Korfu\" \/>\n<meta property=\"og:description\" content=\"P\u0159i plavb\u011b z Moraitiky do modr\u00e9 laguny SIVOTA prozkoum\u00e1te ob\u0159\u00ed mo\u0159skou jeskyni v Mourtos. Dal\u0161\u00ed zast\u00e1vkou t\u00e9to exkurze \/ prohl\u00eddky bude ryb\u00e1\u0159sk\u00e1 vesnice laguny Sivota Blue ..\" \/>\n<meta property=\"og:url\" content=\"https:\/\/moraitika-cruises.com\/cs\/product\/modra-laguna-jeskyne-recka-pevnina\/\" \/>\n<meta property=\"og:site_name\" content=\"Pegasus Express\" \/>\n<meta property=\"article:modified_time\" content=\"2021-02-04T08:30:55+00:00\" \/>\n<meta name=\"twitter:card\" content=\"summary_large_image\" \/>\n<meta name=\"twitter:label1\" content=\"Odhadovan\u00e1 doba \u010dten\u00ed\" \/>\n\t<meta name=\"twitter:data1\" content=\"1 minuta\" \/>\n<script type=\"application\/ld+json\" class=\"yoast-schema-graph\">{\"@context\":\"https:\/\/schema.org\",\"@graph\":[{\"@type\":\"WebPage\",\"@id\":\"https:\/\/moraitika-cruises.com\/cs\/product\/modra-laguna-jeskyne-recka-pevnina\/\",\"url\":\"https:\/\/moraitika-cruises.com\/cs\/product\/modra-laguna-jeskyne-recka-pevnina\/\",\"name\":\"Pegasus Express \/ boat Excursions - Sivota MODR\u00c1 LAGUNA - JESKYN\u011a \u2013 \u0158ECK\u00c1 PEVNINA \/ Moraitika na Korfu\",\"isPartOf\":{\"@id\":\"https:\/\/moraitika-cruises.com\/#website\"},\"datePublished\":\"2021-02-01T07:36:19+00:00\",\"dateModified\":\"2021-02-04T08:30:55+00:00\",\"description\":\"P\u0159i plavb\u011b z Moraitiky do modr\u00e9 laguny SIVOTA prozkoum\u00e1te ob\u0159\u00ed mo\u0159skou jeskyni v Mourtos. Dal\u0161\u00ed zast\u00e1vkou t\u00e9to exkurze \/ prohl\u00eddky bude ryb\u00e1\u0159sk\u00e1 vesnice laguny Sivota Blue ..\",\"breadcrumb\":{\"@id\":\"https:\/\/moraitika-cruises.com\/cs\/product\/modra-laguna-jeskyne-recka-pevnina\/#breadcrumb\"},\"inLanguage\":\"cs\",\"potentialAction\":[{\"@type\":\"ReadAction\",\"target\":[\"https:\/\/moraitika-cruises.com\/cs\/product\/modra-laguna-jeskyne-recka-pevnina\/\"]}]},{\"@type\":\"BreadcrumbList\",\"@id\":\"https:\/\/moraitika-cruises.com\/cs\/product\/modra-laguna-jeskyne-recka-pevnina\/#breadcrumb\",\"itemListElement\":[{\"@type\":\"ListItem\",\"position\":1,\"name\":\"Home\",\"item\":\"https:\/\/moraitika-cruises.com\/cs\/\"},{\"@type\":\"ListItem\",\"position\":2,\"name\":\"Excursions\",\"item\":\"https:\/\/moraitika-cruises.com\/excursions\/\"},{\"@type\":\"ListItem\",\"position\":3,\"name\":\"MODR\u00c1 LAGUNA &#8211; JESKYN\u011a \u2013 \u0158ECK\u00c1 PEVNINA\"}]},{\"@type\":\"WebSite\",\"@id\":\"https:\/\/moraitika-cruises.com\/#website\",\"url\":\"https:\/\/moraitika-cruises.com\/\",\"name\":\"Pegasus Express\",\"description\":\"Moraitika Cruises\",\"potentialAction\":[{\"@type\":\"SearchAction\",\"target\":{\"@type\":\"EntryPoint\",\"urlTemplate\":\"https:\/\/moraitika-cruises.com\/?s={search_term_string}\"},\"query-input\":\"required name=search_term_string\"}],\"inLanguage\":\"cs\"}]}<\/script>\n<!-- \/ Yoast SEO plugin. -->","yoast_head_json":{"title":"Pegasus Express \/ boat Excursions - Sivota MODR\u00c1 LAGUNA - JESKYN\u011a \u2013 \u0158ECK\u00c1 PEVNINA \/ Moraitika na Korfu","description":"P\u0159i plavb\u011b z Moraitiky do modr\u00e9 laguny SIVOTA prozkoum\u00e1te ob\u0159\u00ed mo\u0159skou jeskyni v Mourtos. Dal\u0161\u00ed zast\u00e1vkou t\u00e9to exkurze \/ prohl\u00eddky bude ryb\u00e1\u0159sk\u00e1 vesnice laguny Sivota Blue ..","robots":{"index":"index","follow":"follow","max-snippet":"max-snippet:-1","max-image-preview":"max-image-preview:large","max-video-preview":"max-video-preview:-1"},"canonical":"https:\/\/moraitika-cruises.com\/cs\/product\/modra-laguna-jeskyne-recka-pevnina\/","og_locale":"cs_CZ","og_type":"article","og_title":"Pegasus Express \/ boat Excursions - Sivota MODR\u00c1 LAGUNA - JESKYN\u011a \u2013 \u0158ECK\u00c1 PEVNINA \/ Moraitika na Korfu","og_description":"P\u0159i plavb\u011b z Moraitiky do modr\u00e9 laguny SIVOTA prozkoum\u00e1te ob\u0159\u00ed mo\u0159skou jeskyni v Mourtos. Dal\u0161\u00ed zast\u00e1vkou t\u00e9to exkurze \/ prohl\u00eddky bude ryb\u00e1\u0159sk\u00e1 vesnice laguny Sivota Blue ..","og_url":"https:\/\/moraitika-cruises.com\/cs\/product\/modra-laguna-jeskyne-recka-pevnina\/","og_site_name":"Pegasus Express","article_modified_time":"2021-02-04T08:30:55+00:00","twitter_card":"summary_large_image","twitter_misc":{"Odhadovan\u00e1 doba \u010dten\u00ed":"1 minuta"},"schema":{"@context":"https:\/\/schema.org","@graph":[{"@type":"WebPage","@id":"https:\/\/moraitika-cruises.com\/cs\/product\/modra-laguna-jeskyne-recka-pevnina\/","url":"https:\/\/moraitika-cruises.com\/cs\/product\/modra-laguna-jeskyne-recka-pevnina\/","name":"Pegasus Express \/ boat Excursions - Sivota MODR\u00c1 LAGUNA - JESKYN\u011a \u2013 \u0158ECK\u00c1 PEVNINA \/ Moraitika na Korfu","isPartOf":{"@id":"https:\/\/moraitika-cruises.com\/#website"},"datePublished":"2021-02-01T07:36:19+00:00","dateModified":"2021-02-04T08:30:55+00:00","description":"P\u0159i plavb\u011b z Moraitiky do modr\u00e9 laguny SIVOTA prozkoum\u00e1te ob\u0159\u00ed mo\u0159skou jeskyni v Mourtos. Dal\u0161\u00ed zast\u00e1vkou t\u00e9to exkurze \/ prohl\u00eddky bude ryb\u00e1\u0159sk\u00e1 vesnice laguny Sivota Blue ..","breadcrumb":{"@id":"https:\/\/moraitika-cruises.com\/cs\/product\/modra-laguna-jeskyne-recka-pevnina\/#breadcrumb"},"inLanguage":"cs","potentialAction":[{"@type":"ReadAction","target":["https:\/\/moraitika-cruises.com\/cs\/product\/modra-laguna-jeskyne-recka-pevnina\/"]}]},{"@type":"BreadcrumbList","@id":"https:\/\/moraitika-cruises.com\/cs\/product\/modra-laguna-jeskyne-recka-pevnina\/#breadcrumb","itemListElement":[{"@type":"ListItem","position":1,"name":"Home","item":"https:\/\/moraitika-cruises.com\/cs\/"},{"@type":"ListItem","position":2,"name":"Excursions","item":"https:\/\/moraitika-cruises.com\/excursions\/"},{"@type":"ListItem","position":3,"name":"MODR\u00c1 LAGUNA &#8211; JESKYN\u011a \u2013 \u0158ECK\u00c1 PEVNINA"}]},{"@type":"WebSite","@id":"https:\/\/moraitika-cruises.com\/#website","url":"https:\/\/moraitika-cruises.com\/","name":"Pegasus Express","description":"Moraitika Cruises","potentialAction":[{"@type":"SearchAction","target":{"@type":"EntryPoint","urlTemplate":"https:\/\/moraitika-cruises.com\/?s={search_term_string}"},"query-input":"required name=search_term_string"}],"inLanguage":"cs"}]}},"_links":{"self":[{"href":"https:\/\/moraitika-cruises.com\/cs\/wp-json\/wp\/v2\/product\/992","targetHints":{"allow":["GET"]}}],"collection":[{"href":"https:\/\/moraitika-cruises.com\/cs\/wp-json\/wp\/v2\/product"}],"about":[{"href":"https:\/\/moraitika-cruises.com\/cs\/wp-json\/wp\/v2\/types\/product"}],"wp:attachment":[{"href":"https:\/\/moraitika-cruises.com\/cs\/wp-json\/wp\/v2\/media?parent=992"}],"wp:term":[{"taxonomy":"product_brand","embeddable":true,"href":"https:\/\/moraitika-cruises.com\/cs\/wp-json\/wp\/v2\/product_brand?post=992"},{"taxonomy":"product_cat","embeddable":true,"href":"https:\/\/moraitika-cruises.com\/cs\/wp-json\/wp\/v2\/product_cat?post=992"},{"taxonomy":"product_tag","embeddable":true,"href":"https:\/\/moraitika-cruises.com\/cs\/wp-json\/wp\/v2\/product_tag?post=992"}],"curies":[{"name":"wp","href":"https:\/\/api.w.org\/{rel}","templated":true}]}}