{"id":587,"date":"2021-02-02T10:48:00","date_gmt":"2021-02-02T10:48:00","guid":{"rendered":"http:\/\/moraitika-cruises.com\/shop\/"},"modified":"2021-02-03T06:32:09","modified_gmt":"2021-02-03T06:32:09","slug":"shop","status":"publish","type":"page","link":"https:\/\/moraitika-cruises.com\/de\/shop\/","title":{"rendered":"Ausfl\u00fcge"},"content":{"rendered":"<p>[vc_row][vc_column][vc_custom_heading text=&#8221;Unsere Ausfl\u00fcge&#8221; use_theme_fonts=&#8221;yes&#8221; el_class=&#8221;m-b-xs&#8221;][vc_column_text el_class=&#8221;lead&#8221;]Mit Respekt und Verantwortung versprechen wir Ihnen, dass Sie einen unvergesslichen Tag in einer freundlichen und angenehmen Umgebung verbringen werden. Mit dem Pegasus Express, einem komfortablen und schnellen Boot, k\u00f6nnen Sie Ihren Urlaub mit einer oder mehreren t\u00e4glichen Kreuzfahrten bereichern.[\/vc_column_text][vc_message css=&#8221;.vc_custom_1612174478842{margin-bottom: 50px !important;}&#8221;]Die Ausfl\u00fcge BLUE LAGOON &amp; PAXOS &#8211; ANTIPAXOS k\u00f6nnen mit Abflug von Korfu-Stadt sowie dem Hafen von Lefkimmi organisiert werden. F\u00fcr weitere Informationen z\u00f6gern Sie bitte nicht, uns zu kontaktieren.[\/vc_message][vc_column_text css=&#8221;.vc_custom_1612174537232{padding-top: 60px !important;padding-bottom: 60px !important;}&#8221;][\/vc_column_text][\/vc_column][\/vc_row]<\/p>\n","protected":false},"excerpt":{"rendered":"<p>[vc_row][vc_column][vc_custom_heading text=&#8221;Unsere Ausfl\u00fcge&#8221; use_theme_fonts=&#8221;yes&#8221; el_class=&#8221;m-b-xs&#8221;][vc_column_text el_class=&#8221;lead&#8221;]Mit Respekt und Verantwortung versprechen wir Ihnen, dass Sie einen unvergesslichen Tag in einer freundlichen und angenehmen Umgebung verbringen werden. Mit dem Pegasus Express, einem komfortablen und schnellen Boot, k\u00f6nnen Sie Ihren Urlaub mit einer oder mehreren t\u00e4glichen Kreuzfahrten bereichern.[\/vc_column_text][vc_message css=&#8221;.vc_custom_1612174478842{margin-bottom: 50px !important;}&#8221;]Die Ausfl\u00fcge BLUE LAGOON &amp; PAXOS &#8211; ANTIPAXOS [&hellip;]<\/p>\n","protected":false},"author":1,"featured_media":0,"parent":0,"menu_order":3,"comment_status":"closed","ping_status":"closed","template":"","meta":{"inline_featured_image":false,"footnotes":""},"class_list":["post-587","page","type-page","status-publish","hentry"],"yoast_head":"<!-- This site is optimized with the Yoast SEO plugin v21.5 - https:\/\/yoast.com\/wordpress\/plugins\/seo\/ -->\n<title>Ausfl\u00fcge - Pegasus Express<\/title>\n<meta name=\"description\" content=\"Bereichern Sie Ihren Urlaub in Moraitika Corfu mit einem oder mehreren t\u00e4glichen Ausfl\u00fcgen (Kreuzfahrten - Ausfl\u00fcge)\" \/>\n<meta name=\"robots\" content=\"index, follow, max-snippet:-1, max-image-preview:large, max-video-preview:-1\" \/>\n<link rel=\"canonical\" href=\"https:\/\/moraitika-cruises.com\/de\/shop\/\" \/>\n<meta property=\"og:locale\" content=\"de_DE\" \/>\n<meta property=\"og:type\" content=\"article\" \/>\n<meta property=\"og:title\" content=\"Ausfl\u00fcge - Pegasus Express\" \/>\n<meta property=\"og:description\" content=\"Bereichern Sie Ihren Urlaub in Moraitika Corfu mit einem oder mehreren t\u00e4glichen Ausfl\u00fcgen (Kreuzfahrten - Ausfl\u00fcge)\" \/>\n<meta property=\"og:url\" content=\"https:\/\/moraitika-cruises.com\/de\/shop\/\" \/>\n<meta property=\"og:site_name\" content=\"Pegasus Express\" \/>\n<meta property=\"article:modified_time\" content=\"2021-02-03T06:32:09+00:00\" \/>\n<meta name=\"twitter:card\" content=\"summary_large_image\" \/>\n<meta name=\"twitter:label1\" content=\"Gesch\u00e4tzte Lesezeit\" \/>\n\t<meta name=\"twitter:data1\" content=\"1\u00a0Minute\" \/>\n<script type=\"application\/ld+json\" class=\"yoast-schema-graph\">{\"@context\":\"https:\/\/schema.org\",\"@graph\":[{\"@type\":\"WebPage\",\"@id\":\"https:\/\/moraitika-cruises.com\/de\/shop\/\",\"url\":\"https:\/\/moraitika-cruises.com\/de\/shop\/\",\"name\":\"Ausfl\u00fcge - Pegasus Express\",\"isPartOf\":{\"@id\":\"https:\/\/moraitika-cruises.com\/#website\"},\"datePublished\":\"2021-02-02T10:48:00+00:00\",\"dateModified\":\"2021-02-03T06:32:09+00:00\",\"description\":\"Bereichern Sie Ihren Urlaub in Moraitika Corfu mit einem oder mehreren t\u00e4glichen Ausfl\u00fcgen (Kreuzfahrten - Ausfl\u00fcge)\",\"breadcrumb\":{\"@id\":\"https:\/\/moraitika-cruises.com\/de\/shop\/#breadcrumb\"},\"inLanguage\":\"de\",\"potentialAction\":[{\"@type\":\"ReadAction\",\"target\":[\"https:\/\/moraitika-cruises.com\/de\/shop\/\"]}]},{\"@type\":\"BreadcrumbList\",\"@id\":\"https:\/\/moraitika-cruises.com\/de\/shop\/#breadcrumb\",\"itemListElement\":[{\"@type\":\"ListItem\",\"position\":1,\"name\":\"Home\",\"item\":\"https:\/\/moraitika-cruises.com\/de\/\"},{\"@type\":\"ListItem\",\"position\":2,\"name\":\"Ausfl\u00fcge\"}]},{\"@type\":\"WebSite\",\"@id\":\"https:\/\/moraitika-cruises.com\/#website\",\"url\":\"https:\/\/moraitika-cruises.com\/\",\"name\":\"Pegasus Express\",\"description\":\"Moraitika Cruises\",\"potentialAction\":[{\"@type\":\"SearchAction\",\"target\":{\"@type\":\"EntryPoint\",\"urlTemplate\":\"https:\/\/moraitika-cruises.com\/?s={search_term_string}\"},\"query-input\":\"required name=search_term_string\"}],\"inLanguage\":\"de\"}]}<\/script>\n<!-- \/ Yoast SEO plugin. -->","yoast_head_json":{"title":"Ausfl\u00fcge - Pegasus Express","description":"Bereichern Sie Ihren Urlaub in Moraitika Corfu mit einem oder mehreren t\u00e4glichen Ausfl\u00fcgen (Kreuzfahrten - Ausfl\u00fcge)","robots":{"index":"index","follow":"follow","max-snippet":"max-snippet:-1","max-image-preview":"max-image-preview:large","max-video-preview":"max-video-preview:-1"},"canonical":"https:\/\/moraitika-cruises.com\/de\/shop\/","og_locale":"de_DE","og_type":"article","og_title":"Ausfl\u00fcge - Pegasus Express","og_description":"Bereichern Sie Ihren Urlaub in Moraitika Corfu mit einem oder mehreren t\u00e4glichen Ausfl\u00fcgen (Kreuzfahrten - Ausfl\u00fcge)","og_url":"https:\/\/moraitika-cruises.com\/de\/shop\/","og_site_name":"Pegasus Express","article_modified_time":"2021-02-03T06:32:09+00:00","twitter_card":"summary_large_image","twitter_misc":{"Gesch\u00e4tzte Lesezeit":"1\u00a0Minute"},"schema":{"@context":"https:\/\/schema.org","@graph":[{"@type":"WebPage","@id":"https:\/\/moraitika-cruises.com\/de\/shop\/","url":"https:\/\/moraitika-cruises.com\/de\/shop\/","name":"Ausfl\u00fcge - Pegasus Express","isPartOf":{"@id":"https:\/\/moraitika-cruises.com\/#website"},"datePublished":"2021-02-02T10:48:00+00:00","dateModified":"2021-02-03T06:32:09+00:00","description":"Bereichern Sie Ihren Urlaub in Moraitika Corfu mit einem oder mehreren t\u00e4glichen Ausfl\u00fcgen (Kreuzfahrten - Ausfl\u00fcge)","breadcrumb":{"@id":"https:\/\/moraitika-cruises.com\/de\/shop\/#breadcrumb"},"inLanguage":"de","potentialAction":[{"@type":"ReadAction","target":["https:\/\/moraitika-cruises.com\/de\/shop\/"]}]},{"@type":"BreadcrumbList","@id":"https:\/\/moraitika-cruises.com\/de\/shop\/#breadcrumb","itemListElement":[{"@type":"ListItem","position":1,"name":"Home","item":"https:\/\/moraitika-cruises.com\/de\/"},{"@type":"ListItem","position":2,"name":"Ausfl\u00fcge"}]},{"@type":"WebSite","@id":"https:\/\/moraitika-cruises.com\/#website","url":"https:\/\/moraitika-cruises.com\/","name":"Pegasus Express","description":"Moraitika Cruises","potentialAction":[{"@type":"SearchAction","target":{"@type":"EntryPoint","urlTemplate":"https:\/\/moraitika-cruises.com\/?s={search_term_string}"},"query-input":"required name=search_term_string"}],"inLanguage":"de"}]}},"_links":{"self":[{"href":"https:\/\/moraitika-cruises.com\/de\/wp-json\/wp\/v2\/pages\/587","targetHints":{"allow":["GET"]}}],"collection":[{"href":"https:\/\/moraitika-cruises.com\/de\/wp-json\/wp\/v2\/pages"}],"about":[{"href":"https:\/\/moraitika-cruises.com\/de\/wp-json\/wp\/v2\/types\/page"}],"author":[{"embeddable":true,"href":"https:\/\/moraitika-cruises.com\/de\/wp-json\/wp\/v2\/users\/1"}],"replies":[{"embeddable":true,"href":"https:\/\/moraitika-cruises.com\/de\/wp-json\/wp\/v2\/comments?post=587"}],"version-history":[{"count":3,"href":"https:\/\/moraitika-cruises.com\/de\/wp-json\/wp\/v2\/pages\/587\/revisions"}],"predecessor-version":[{"id":794,"href":"https:\/\/moraitika-cruises.com\/de\/wp-json\/wp\/v2\/pages\/587\/revisions\/794"}],"wp:attachment":[{"href":"https:\/\/moraitika-cruises.com\/de\/wp-json\/wp\/v2\/media?parent=587"}],"curies":[{"name":"wp","href":"https:\/\/api.w.org\/{rel}","templated":true}]}}