{"id":840,"date":"2021-02-03T06:41:26","date_gmt":"2021-02-03T06:41:26","guid":{"rendered":"http:\/\/moraitika-cruises.com\/ueber-moraitika\/"},"modified":"2021-02-04T08:24:25","modified_gmt":"2021-02-04T08:24:25","slug":"ueber-moraitika","status":"publish","type":"page","link":"https:\/\/moraitika-cruises.com\/de\/ueber-moraitika\/","title":{"rendered":"\u00dcber Moraitika"},"content":{"rendered":"<p>[vc_row][vc_column][vc_custom_heading text=&#8221;\u00dcber Moraitika Village&#8221; use_theme_fonts=&#8221;yes&#8221; el_class=&#8221;m-b-xs&#8221;][vc_column_text el_class=&#8221;lead&#8221;]Moraitika liegt an der Ostk\u00fcste, etwa 20 km s\u00fcdlich von Korfu-Stadt, und ist ein sehr beliebter Ferienort f\u00fcr Familien und junge Paare. Es liegt an einer einzigen Stra\u00dfe und einem gro\u00dfen Strand, an dem man wunderbar schnorcheln kann.[\/vc_column_text][vc_column_text el_class=&#8221;m-b-xlg&#8221;]Nicht weit von Mesonghi entfernt befindet sich <strong> Moraitika <\/strong> entlang der K\u00fcstenstra\u00dfe, die die Stadt Korfu mit dem Dorf Lefkimni im s\u00fcdlichen Teil der Insel verbindet. Moraitika wird von Jahr zu Jahr gr\u00f6\u00dfer und wird wahrscheinlich in Zukunft zusammen mit Mesongi eine einzigartige Stadt sein. Moraitika liegt am Fluss auf der gegen\u00fcberliegenden Seite von Mesongi und ist mit seinen Pubs und Unterk\u00fcnften eher touristisch.<\/p>\n<p>Die Gegend in Strandn\u00e4he ist friedlicher als das Zentrum des Dorfes.<br \/>\nSie finden das Zentrum entlang der Hauptstra\u00dfe mit ihren Gesch\u00e4ften, Restaurants und Sehensw\u00fcrdigkeiten. Das alte und traditionelle Dorf Moraitika liegt \u00fcber einem H\u00fcgel direkt hinter dem modernen Dorf. Hier gibt es nur wenige alte H\u00e4user, die Kirche von Theotoku Kimseos und einen herrlichen Blick \u00fcber die K\u00fcste.<\/p>\n<h4>Der Strand<\/h4>\n<p>Der <strong> Moraitika <\/strong> Strand ist sowohl sandig als auch felsig, mittelgro\u00df und gut ausgestattet, wenn Sie Wassersportarten wie Windsurfen m\u00f6chten.<br \/>\nEs gibt auch Tauchtouren oder Bootsfahrten, um die K\u00fcste von Korfu bis Lefkimmi zu besuchen.<br \/>\nDiese Bucht ist sehr beliebt, da Moraitika das gr\u00f6\u00dfte Dorf in diesem Teil der K\u00fcste ist. Dar\u00fcber hinaus ist der Strand von Moraitika ideal f\u00fcr Kinder, da das Meer nicht sehr tief ist.[\/vc_column_text][\/vc_column][\/vc_row][vc_row full_width=&#8221;stretch_row_content_no_spaces&#8221;][vc_column][vc_masonry_media_grid element_width=&#8221;3&#8243; grid_id=&#8221;vc_gid:1612427011519-9cda3a35-51ba-4&#8243; include=&#8221;855,851,847,843&#8243;][\/vc_column][\/vc_row][vc_row full_width=&#8221;stretch_row_content_no_spaces&#8221; wrap_container=&#8221;yes&#8221; is_section=&#8221;yes&#8221; remove_border=&#8221;yes&#8221; el_class=&#8221;m-b-n-xl m-t-xl&#8221;][vc_column width=&#8221;3\/4&#8243; el_class=&#8221;col-sm-9&#8243;][vc_custom_heading text=&#8221;Sollten Sie weitere Hilfe ben\u00f6tigen!&#8221; font_container=&#8221;tag:h3|text_align:center&#8221; use_theme_fonts=&#8221;yes&#8221; el_class=&#8221;m-b-sm&#8221;][vc_custom_heading text=&#8221;Bitte benutzen Sie das Kontaktfeld auf der rechten Seite.&#8221; font_container=&#8221;tag:p|font_size:17|text_align:center&#8221; use_theme_fonts=&#8221;yes&#8221;][\/vc_column][vc_column width=&#8221;1\/4&#8243; el_class=&#8221;col-sm-3&#8243;][vc_btn title=&#8221;Kontaktiere uns&#8221; style=&#8221;flat&#8221; shape=&#8221;square&#8221; size=&#8221;lg&#8221; align=&#8221;center&#8221; skin=&#8221;primary&#8221; link=&#8221;url:http%3A%2F%2Fmoraitika-cruises.com%2Fde%2Fkontaktiere-uns%2F|title:Kontakt&#8221; el_class=&#8221;m-t-sm&#8221;][\/vc_column][\/vc_row]<\/p>\n","protected":false},"excerpt":{"rendered":"<p>[vc_row][vc_column][vc_custom_heading text=&#8221;\u00dcber Moraitika Village&#8221; use_theme_fonts=&#8221;yes&#8221; el_class=&#8221;m-b-xs&#8221;][vc_column_text el_class=&#8221;lead&#8221;]Moraitika liegt an der Ostk\u00fcste, etwa 20 km s\u00fcdlich von Korfu-Stadt, und ist ein sehr beliebter Ferienort f\u00fcr Familien und junge Paare. Es liegt an einer einzigen Stra\u00dfe und einem gro\u00dfen Strand, an dem man wunderbar schnorcheln kann.[\/vc_column_text][vc_column_text el_class=&#8221;m-b-xlg&#8221;]Nicht weit von Mesonghi entfernt befindet sich Moraitika entlang der K\u00fcstenstra\u00dfe, [&hellip;]<\/p>\n","protected":false},"author":1,"featured_media":0,"parent":0,"menu_order":4,"comment_status":"closed","ping_status":"closed","template":"","meta":{"inline_featured_image":false,"footnotes":""},"class_list":["post-840","page","type-page","status-publish","hentry"],"yoast_head":"<!-- This site is optimized with the Yoast SEO plugin v21.5 - https:\/\/yoast.com\/wordpress\/plugins\/seo\/ -->\n<title>- Pegasus Express Kreuzfahrten mit Einkaufsm\u00f6glichkeiten am sch\u00f6nen Strand in Moraitika Korfu<\/title>\n<meta name=\"description\" content=\"Pegasus Express hilft Ihnen, Ihren Urlaub in Moraitika Corfu neben einem sch\u00f6nen Strand mit Einkaufsm\u00f6glichkeiten und Bootsfahrten zu genie\u00dfen.\" \/>\n<meta name=\"robots\" content=\"index, follow, max-snippet:-1, max-image-preview:large, max-video-preview:-1\" \/>\n<link rel=\"canonical\" href=\"https:\/\/moraitika-cruises.com\/de\/ueber-moraitika\/\" \/>\n<meta property=\"og:locale\" content=\"de_DE\" \/>\n<meta property=\"og:type\" content=\"article\" \/>\n<meta property=\"og:title\" content=\"- Pegasus Express Kreuzfahrten mit Einkaufsm\u00f6glichkeiten am sch\u00f6nen Strand in Moraitika Korfu\" \/>\n<meta property=\"og:description\" content=\"Pegasus Express hilft Ihnen, Ihren Urlaub in Moraitika Corfu neben einem sch\u00f6nen Strand mit Einkaufsm\u00f6glichkeiten und Bootsfahrten zu genie\u00dfen.\" \/>\n<meta property=\"og:url\" content=\"https:\/\/moraitika-cruises.com\/de\/ueber-moraitika\/\" \/>\n<meta property=\"og:site_name\" content=\"Pegasus Express\" \/>\n<meta property=\"article:modified_time\" content=\"2021-02-04T08:24:25+00:00\" \/>\n<meta name=\"twitter:card\" content=\"summary_large_image\" \/>\n<meta name=\"twitter:label1\" content=\"Gesch\u00e4tzte Lesezeit\" \/>\n\t<meta name=\"twitter:data1\" content=\"2\u00a0Minuten\" \/>\n<script type=\"application\/ld+json\" class=\"yoast-schema-graph\">{\"@context\":\"https:\/\/schema.org\",\"@graph\":[{\"@type\":\"WebPage\",\"@id\":\"https:\/\/moraitika-cruises.com\/de\/ueber-moraitika\/\",\"url\":\"https:\/\/moraitika-cruises.com\/de\/ueber-moraitika\/\",\"name\":\"- Pegasus Express Kreuzfahrten mit Einkaufsm\u00f6glichkeiten am sch\u00f6nen Strand in Moraitika Korfu\",\"isPartOf\":{\"@id\":\"https:\/\/moraitika-cruises.com\/#website\"},\"datePublished\":\"2021-02-03T06:41:26+00:00\",\"dateModified\":\"2021-02-04T08:24:25+00:00\",\"description\":\"Pegasus Express hilft Ihnen, Ihren Urlaub in Moraitika Corfu neben einem sch\u00f6nen Strand mit Einkaufsm\u00f6glichkeiten und Bootsfahrten zu genie\u00dfen.\",\"breadcrumb\":{\"@id\":\"https:\/\/moraitika-cruises.com\/de\/ueber-moraitika\/#breadcrumb\"},\"inLanguage\":\"de\",\"potentialAction\":[{\"@type\":\"ReadAction\",\"target\":[\"https:\/\/moraitika-cruises.com\/de\/ueber-moraitika\/\"]}]},{\"@type\":\"BreadcrumbList\",\"@id\":\"https:\/\/moraitika-cruises.com\/de\/ueber-moraitika\/#breadcrumb\",\"itemListElement\":[{\"@type\":\"ListItem\",\"position\":1,\"name\":\"Home\",\"item\":\"https:\/\/moraitika-cruises.com\/de\/\"},{\"@type\":\"ListItem\",\"position\":2,\"name\":\"\u00dcber Moraitika\"}]},{\"@type\":\"WebSite\",\"@id\":\"https:\/\/moraitika-cruises.com\/#website\",\"url\":\"https:\/\/moraitika-cruises.com\/\",\"name\":\"Pegasus Express\",\"description\":\"Moraitika Cruises\",\"potentialAction\":[{\"@type\":\"SearchAction\",\"target\":{\"@type\":\"EntryPoint\",\"urlTemplate\":\"https:\/\/moraitika-cruises.com\/?s={search_term_string}\"},\"query-input\":\"required name=search_term_string\"}],\"inLanguage\":\"de\"}]}<\/script>\n<!-- \/ Yoast SEO plugin. -->","yoast_head_json":{"title":"- Pegasus Express Kreuzfahrten mit Einkaufsm\u00f6glichkeiten am sch\u00f6nen Strand in Moraitika Korfu","description":"Pegasus Express hilft Ihnen, Ihren Urlaub in Moraitika Corfu neben einem sch\u00f6nen Strand mit Einkaufsm\u00f6glichkeiten und Bootsfahrten zu genie\u00dfen.","robots":{"index":"index","follow":"follow","max-snippet":"max-snippet:-1","max-image-preview":"max-image-preview:large","max-video-preview":"max-video-preview:-1"},"canonical":"https:\/\/moraitika-cruises.com\/de\/ueber-moraitika\/","og_locale":"de_DE","og_type":"article","og_title":"- Pegasus Express Kreuzfahrten mit Einkaufsm\u00f6glichkeiten am sch\u00f6nen Strand in Moraitika Korfu","og_description":"Pegasus Express hilft Ihnen, Ihren Urlaub in Moraitika Corfu neben einem sch\u00f6nen Strand mit Einkaufsm\u00f6glichkeiten und Bootsfahrten zu genie\u00dfen.","og_url":"https:\/\/moraitika-cruises.com\/de\/ueber-moraitika\/","og_site_name":"Pegasus Express","article_modified_time":"2021-02-04T08:24:25+00:00","twitter_card":"summary_large_image","twitter_misc":{"Gesch\u00e4tzte Lesezeit":"2\u00a0Minuten"},"schema":{"@context":"https:\/\/schema.org","@graph":[{"@type":"WebPage","@id":"https:\/\/moraitika-cruises.com\/de\/ueber-moraitika\/","url":"https:\/\/moraitika-cruises.com\/de\/ueber-moraitika\/","name":"- Pegasus Express Kreuzfahrten mit Einkaufsm\u00f6glichkeiten am sch\u00f6nen Strand in Moraitika Korfu","isPartOf":{"@id":"https:\/\/moraitika-cruises.com\/#website"},"datePublished":"2021-02-03T06:41:26+00:00","dateModified":"2021-02-04T08:24:25+00:00","description":"Pegasus Express hilft Ihnen, Ihren Urlaub in Moraitika Corfu neben einem sch\u00f6nen Strand mit Einkaufsm\u00f6glichkeiten und Bootsfahrten zu genie\u00dfen.","breadcrumb":{"@id":"https:\/\/moraitika-cruises.com\/de\/ueber-moraitika\/#breadcrumb"},"inLanguage":"de","potentialAction":[{"@type":"ReadAction","target":["https:\/\/moraitika-cruises.com\/de\/ueber-moraitika\/"]}]},{"@type":"BreadcrumbList","@id":"https:\/\/moraitika-cruises.com\/de\/ueber-moraitika\/#breadcrumb","itemListElement":[{"@type":"ListItem","position":1,"name":"Home","item":"https:\/\/moraitika-cruises.com\/de\/"},{"@type":"ListItem","position":2,"name":"\u00dcber Moraitika"}]},{"@type":"WebSite","@id":"https:\/\/moraitika-cruises.com\/#website","url":"https:\/\/moraitika-cruises.com\/","name":"Pegasus Express","description":"Moraitika Cruises","potentialAction":[{"@type":"SearchAction","target":{"@type":"EntryPoint","urlTemplate":"https:\/\/moraitika-cruises.com\/?s={search_term_string}"},"query-input":"required name=search_term_string"}],"inLanguage":"de"}]}},"_links":{"self":[{"href":"https:\/\/moraitika-cruises.com\/de\/wp-json\/wp\/v2\/pages\/840","targetHints":{"allow":["GET"]}}],"collection":[{"href":"https:\/\/moraitika-cruises.com\/de\/wp-json\/wp\/v2\/pages"}],"about":[{"href":"https:\/\/moraitika-cruises.com\/de\/wp-json\/wp\/v2\/types\/page"}],"author":[{"embeddable":true,"href":"https:\/\/moraitika-cruises.com\/de\/wp-json\/wp\/v2\/users\/1"}],"replies":[{"embeddable":true,"href":"https:\/\/moraitika-cruises.com\/de\/wp-json\/wp\/v2\/comments?post=840"}],"version-history":[{"count":6,"href":"https:\/\/moraitika-cruises.com\/de\/wp-json\/wp\/v2\/pages\/840\/revisions"}],"predecessor-version":[{"id":1257,"href":"https:\/\/moraitika-cruises.com\/de\/wp-json\/wp\/v2\/pages\/840\/revisions\/1257"}],"wp:attachment":[{"href":"https:\/\/moraitika-cruises.com\/de\/wp-json\/wp\/v2\/media?parent=840"}],"curies":[{"name":"wp","href":"https:\/\/api.w.org\/{rel}","templated":true}]}}