{"id":1018,"date":"2021-02-01T08:03:49","date_gmt":"2021-02-01T08:03:49","guid":{"rendered":"http:\/\/moraitika-cruises.com\/product\/blaue-lagune-hohle-griechisches-festland\/"},"modified":"2021-02-04T08:29:22","modified_gmt":"2021-02-04T08:29:22","slug":"paxos-antipaxos-blaue-hohlen","status":"publish","type":"product","link":"https:\/\/moraitika-cruises.com\/de\/product\/paxos-antipaxos-blaue-hohlen\/","title":{"rendered":"PAXOS &#8211; ANTIPAXOS &#8211; BLAUE H\u00d6HLEN"},"content":{"rendered":"<p style=\"font-size: 18px; line-height: 27px; color: #515151;\">Ihr Urlaub auf Korfu w\u00e4re ohne einen Besuch auf Paxos &#8211; einer der 20 sch\u00f6nsten Inseln der Welt &#8211; nicht komplett. Sie werden von der Sch\u00f6nheit der Natur, die die Inseln Paxos und Antipaxos &#8211; die wahren Juwelen des Ionischen Meeres &#8211; bieten, \u00fcberw\u00e4ltigt sein.<\/p>\n<h4 class=\"titlesm\">TOUR-PROGRAMM<\/h4>\n<p>Ihr Urlaub auf Korfu w\u00e4re ohne einen Besuch auf Paxos &#8211; einer der 20 sch\u00f6nsten Inseln der Welt &#8211; nicht komplett. Sie werden von der Sch\u00f6nheit der Natur, die die Inseln Paxos und Antipaxos &#8211; die wahren Juwelen des Ionischen Meeres &#8211; bieten, \u00fcberw\u00e4ltigt sein.<\/p>\n<p>Vom Messonghi-Fluss aus fahren wir zuerst zur Westseite der Insel Paxos, wo Sie die imposanten Felsen und Meeresh\u00f6hlen fotografieren k\u00f6nnen, die auf nat\u00fcrliche Weise von den Wellen und dem Wind geformt wurden. Das Boot wird drei von ihnen betreten.<\/p>\n<p>Die n\u00e4chste Station &#8211; Antipaxos &#8211; ist ber\u00fchmt f\u00fcr ihr t\u00fcrkisfarbenes kristallklares Wasser und die wei\u00dfen Sandstr\u00e4nde (1 Stunde). Das Schiff n\u00e4hert sich der K\u00fcste so nah wie m\u00f6glich, da die Insel keinen Hafen hat.<\/p>\n<p>In Gaios &#8211; der Hauptstadt von Paxos &#8211; haben Sie gen\u00fcgend Zeit, um durch die engen Gassen zu schlendern, zu Mittag zu essen oder sich in einem der vielen lokalen Restaurants und Kaffeeh\u00e4user zu erfrischen (2 Stunden). W\u00e4hrend wir Gaios verlassen, fahren wir eine wundersch\u00f6ne Bucht entlang, vorbei an den Inseln Panagia und St.Nicolas.<\/p>\n<blockquote style=\"margin-top: 15px; border-color: #c3e3f6;\">\n<p style=\"font-size: 18px; line-height: 27px; color: #008fe2;\"><em> Vergessen Sie nicht, Kamera, Handtuch, Sonnenschutzcreme und gute Laune mitzubringen!<\/em><\/p>\n<\/blockquote>\n<h4 class=\"titlesm\">BEACHTEN<\/h4>\n<div class=\"vc_message_box vc_message_box-standard vc_message_box-rounded vc_color-info vc_custom_1612174478842\">\n<div class=\"vc_message_box-icon\"><\/div>\n<p>Das Tourprogramm kann sich je nach Tageswetter und Seebedingungen \u00e4ndern<\/p>\n<\/div>\n","protected":false},"excerpt":{"rendered":"<p><strong>Morgenausflug <\/strong>von 09:00 bis 17:30 Uhr.<\/p>\n<blockquote style=\"margin-top: 10px; border-color: #c3e3f6;\">\n<p style=\"padding-top: 10px; font-size: 18px; line-height: 27px; color: #008fe2;\"><em><br \/>\nBesuchen Sie zwei wundersch\u00f6ne griechische Inseln mit 2 der ber\u00fchmtesten H\u00f6hlen!<br \/>\n<\/em><\/p>\n<\/blockquote>\n<p style=\"font-size: 18px; line-height: 27px; color: #515151;\">Ihr Urlaub auf Korfu w\u00e4re ohne einen Besuch auf Paxos &#8211; einer der 20 sch\u00f6nsten Inseln der Welt &#8211; nicht komplett. Sie werden von der Sch\u00f6nheit der Natur, die die Inseln Paxos und Antipaxos &#8211; die wahren Juwelen des Ionischen Meeres &#8211; bieten, \u00fcberw\u00e4ltigt sein&#8230;<\/p>\n<div class=\"MoreBtn vc_btn3-container font-weight-bold text-uppercase custom-button vc_btn3-inline\" style=\"margin-top: 25px;\"><a class=\"vc_btn3 vc_btn3-shape-round btn btn-borders btn-md btn-quaternary\" title=\"\" href=\"#product-tab\">WEITERLESEN<\/a><\/div>\n","protected":false},"featured_media":0,"template":"","meta":{"inline_featured_image":false},"product_brand":[],"product_cat":[47],"product_tag":[],"class_list":{"0":"post-1018","1":"product","2":"type-product","3":"status-publish","5":"product_cat-ausfluge","7":"first","8":"instock","9":"shipping-taxable","10":"product-type-simple"},"yoast_head":"<!-- This site is optimized with the Yoast SEO plugin v21.5 - https:\/\/yoast.com\/wordpress\/plugins\/seo\/ -->\n<title>PAXOS - ANTIPAXOS - BLAUE H\u00d6HLEN - Pegasus Express<\/title>\n<meta name=\"description\" content=\"Pegasus Express Kreuzfahrt von Moraitika Corfu nach Paxos-Antipaxos. Eine Qualit\u00e4tsoption f\u00fcr eine halbt\u00e4gige Aktivit\u00e4t. Wir halten in Blue Caves Cruise (Dorf Gaios).\" \/>\n<meta name=\"robots\" content=\"index, follow, max-snippet:-1, max-image-preview:large, max-video-preview:-1\" \/>\n<link rel=\"canonical\" href=\"https:\/\/moraitika-cruises.com\/de\/product\/paxos-antipaxos-blaue-hohlen\/\" \/>\n<meta property=\"og:locale\" content=\"de_DE\" \/>\n<meta property=\"og:type\" content=\"article\" \/>\n<meta property=\"og:title\" content=\"PAXOS - ANTIPAXOS - BLAUE H\u00d6HLEN - Pegasus Express\" \/>\n<meta property=\"og:description\" content=\"Pegasus Express Kreuzfahrt von Moraitika Corfu nach Paxos-Antipaxos. Eine Qualit\u00e4tsoption f\u00fcr eine halbt\u00e4gige Aktivit\u00e4t. Wir halten in Blue Caves Cruise (Dorf Gaios).\" \/>\n<meta property=\"og:url\" content=\"https:\/\/moraitika-cruises.com\/de\/product\/paxos-antipaxos-blaue-hohlen\/\" \/>\n<meta property=\"og:site_name\" content=\"Pegasus Express\" \/>\n<meta property=\"article:modified_time\" content=\"2021-02-04T08:29:22+00:00\" \/>\n<meta name=\"twitter:card\" content=\"summary_large_image\" \/>\n<meta name=\"twitter:label1\" content=\"Gesch\u00e4tzte Lesezeit\" \/>\n\t<meta name=\"twitter:data1\" content=\"2\u00a0Minuten\" \/>\n<script type=\"application\/ld+json\" class=\"yoast-schema-graph\">{\"@context\":\"https:\/\/schema.org\",\"@graph\":[{\"@type\":\"WebPage\",\"@id\":\"https:\/\/moraitika-cruises.com\/de\/product\/paxos-antipaxos-blaue-hohlen\/\",\"url\":\"https:\/\/moraitika-cruises.com\/de\/product\/paxos-antipaxos-blaue-hohlen\/\",\"name\":\"PAXOS - ANTIPAXOS - BLAUE H\u00d6HLEN - Pegasus Express\",\"isPartOf\":{\"@id\":\"https:\/\/moraitika-cruises.com\/#website\"},\"datePublished\":\"2021-02-01T08:03:49+00:00\",\"dateModified\":\"2021-02-04T08:29:22+00:00\",\"description\":\"Pegasus Express Kreuzfahrt von Moraitika Corfu nach Paxos-Antipaxos. Eine Qualit\u00e4tsoption f\u00fcr eine halbt\u00e4gige Aktivit\u00e4t. Wir halten in Blue Caves Cruise (Dorf Gaios).\",\"breadcrumb\":{\"@id\":\"https:\/\/moraitika-cruises.com\/de\/product\/paxos-antipaxos-blaue-hohlen\/#breadcrumb\"},\"inLanguage\":\"de\",\"potentialAction\":[{\"@type\":\"ReadAction\",\"target\":[\"https:\/\/moraitika-cruises.com\/de\/product\/paxos-antipaxos-blaue-hohlen\/\"]}]},{\"@type\":\"BreadcrumbList\",\"@id\":\"https:\/\/moraitika-cruises.com\/de\/product\/paxos-antipaxos-blaue-hohlen\/#breadcrumb\",\"itemListElement\":[{\"@type\":\"ListItem\",\"position\":1,\"name\":\"Home\",\"item\":\"https:\/\/moraitika-cruises.com\/de\/\"},{\"@type\":\"ListItem\",\"position\":2,\"name\":\"Excursions\",\"item\":\"https:\/\/moraitika-cruises.com\/excursions\/\"},{\"@type\":\"ListItem\",\"position\":3,\"name\":\"PAXOS &#8211; ANTIPAXOS &#8211; BLAUE H\u00d6HLEN\"}]},{\"@type\":\"WebSite\",\"@id\":\"https:\/\/moraitika-cruises.com\/#website\",\"url\":\"https:\/\/moraitika-cruises.com\/\",\"name\":\"Pegasus Express\",\"description\":\"Moraitika Cruises\",\"potentialAction\":[{\"@type\":\"SearchAction\",\"target\":{\"@type\":\"EntryPoint\",\"urlTemplate\":\"https:\/\/moraitika-cruises.com\/?s={search_term_string}\"},\"query-input\":\"required name=search_term_string\"}],\"inLanguage\":\"de\"}]}<\/script>\n<!-- \/ Yoast SEO plugin. -->","yoast_head_json":{"title":"PAXOS - ANTIPAXOS - BLAUE H\u00d6HLEN - Pegasus Express","description":"Pegasus Express Kreuzfahrt von Moraitika Corfu nach Paxos-Antipaxos. Eine Qualit\u00e4tsoption f\u00fcr eine halbt\u00e4gige Aktivit\u00e4t. Wir halten in Blue Caves Cruise (Dorf Gaios).","robots":{"index":"index","follow":"follow","max-snippet":"max-snippet:-1","max-image-preview":"max-image-preview:large","max-video-preview":"max-video-preview:-1"},"canonical":"https:\/\/moraitika-cruises.com\/de\/product\/paxos-antipaxos-blaue-hohlen\/","og_locale":"de_DE","og_type":"article","og_title":"PAXOS - ANTIPAXOS - BLAUE H\u00d6HLEN - Pegasus Express","og_description":"Pegasus Express Kreuzfahrt von Moraitika Corfu nach Paxos-Antipaxos. Eine Qualit\u00e4tsoption f\u00fcr eine halbt\u00e4gige Aktivit\u00e4t. Wir halten in Blue Caves Cruise (Dorf Gaios).","og_url":"https:\/\/moraitika-cruises.com\/de\/product\/paxos-antipaxos-blaue-hohlen\/","og_site_name":"Pegasus Express","article_modified_time":"2021-02-04T08:29:22+00:00","twitter_card":"summary_large_image","twitter_misc":{"Gesch\u00e4tzte Lesezeit":"2\u00a0Minuten"},"schema":{"@context":"https:\/\/schema.org","@graph":[{"@type":"WebPage","@id":"https:\/\/moraitika-cruises.com\/de\/product\/paxos-antipaxos-blaue-hohlen\/","url":"https:\/\/moraitika-cruises.com\/de\/product\/paxos-antipaxos-blaue-hohlen\/","name":"PAXOS - ANTIPAXOS - BLAUE H\u00d6HLEN - Pegasus Express","isPartOf":{"@id":"https:\/\/moraitika-cruises.com\/#website"},"datePublished":"2021-02-01T08:03:49+00:00","dateModified":"2021-02-04T08:29:22+00:00","description":"Pegasus Express Kreuzfahrt von Moraitika Corfu nach Paxos-Antipaxos. Eine Qualit\u00e4tsoption f\u00fcr eine halbt\u00e4gige Aktivit\u00e4t. Wir halten in Blue Caves Cruise (Dorf Gaios).","breadcrumb":{"@id":"https:\/\/moraitika-cruises.com\/de\/product\/paxos-antipaxos-blaue-hohlen\/#breadcrumb"},"inLanguage":"de","potentialAction":[{"@type":"ReadAction","target":["https:\/\/moraitika-cruises.com\/de\/product\/paxos-antipaxos-blaue-hohlen\/"]}]},{"@type":"BreadcrumbList","@id":"https:\/\/moraitika-cruises.com\/de\/product\/paxos-antipaxos-blaue-hohlen\/#breadcrumb","itemListElement":[{"@type":"ListItem","position":1,"name":"Home","item":"https:\/\/moraitika-cruises.com\/de\/"},{"@type":"ListItem","position":2,"name":"Excursions","item":"https:\/\/moraitika-cruises.com\/excursions\/"},{"@type":"ListItem","position":3,"name":"PAXOS &#8211; ANTIPAXOS &#8211; BLAUE H\u00d6HLEN"}]},{"@type":"WebSite","@id":"https:\/\/moraitika-cruises.com\/#website","url":"https:\/\/moraitika-cruises.com\/","name":"Pegasus Express","description":"Moraitika Cruises","potentialAction":[{"@type":"SearchAction","target":{"@type":"EntryPoint","urlTemplate":"https:\/\/moraitika-cruises.com\/?s={search_term_string}"},"query-input":"required name=search_term_string"}],"inLanguage":"de"}]}},"_links":{"self":[{"href":"https:\/\/moraitika-cruises.com\/de\/wp-json\/wp\/v2\/product\/1018","targetHints":{"allow":["GET"]}}],"collection":[{"href":"https:\/\/moraitika-cruises.com\/de\/wp-json\/wp\/v2\/product"}],"about":[{"href":"https:\/\/moraitika-cruises.com\/de\/wp-json\/wp\/v2\/types\/product"}],"wp:attachment":[{"href":"https:\/\/moraitika-cruises.com\/de\/wp-json\/wp\/v2\/media?parent=1018"}],"wp:term":[{"taxonomy":"product_brand","embeddable":true,"href":"https:\/\/moraitika-cruises.com\/de\/wp-json\/wp\/v2\/product_brand?post=1018"},{"taxonomy":"product_cat","embeddable":true,"href":"https:\/\/moraitika-cruises.com\/de\/wp-json\/wp\/v2\/product_cat?post=1018"},{"taxonomy":"product_tag","embeddable":true,"href":"https:\/\/moraitika-cruises.com\/de\/wp-json\/wp\/v2\/product_tag?post=1018"}],"curies":[{"name":"wp","href":"https:\/\/api.w.org\/{rel}","templated":true}]}}