{"id":927,"date":"2021-02-01T08:52:09","date_gmt":"2021-02-01T08:52:09","guid":{"rendered":"http:\/\/moraitika-cruises.com\/product\/corfu-town-by-night\/"},"modified":"2021-02-03T14:10:20","modified_gmt":"2021-02-03T14:10:20","slug":"corfu-town-by-night","status":"publish","type":"product","link":"https:\/\/moraitika-cruises.com\/de\/product\/corfu-town-by-night\/","title":{"rendered":"KORFU STADT BEI NACHT"},"content":{"rendered":"<p style=\"padding-top: 10px; font-size: 18px; line-height: 27px; color: #515151;\">Eine der besonderen M\u00f6glichkeiten, abends die Stadt Korfu zu besuchen, ist ein Ausflug mit uns. Unser Boot f\u00e4hrt um 17:00 Uhr vom Messonghi Fluss ab.<\/p>\n<h4 class=\"titlesm\">TOUR-PROGRAMM<\/h4>\n<p>W\u00e4hrend wir in Richtung Korfu-Stadt segeln, k\u00f6nnen Sie die herrliche Aussicht auf die Ostseite der Insel bewundern. Sie haben auch die M\u00f6glichkeit, einige der ber\u00fchmtesten Wahrzeichen Korfus zu fotografieren, wie das einzigartige Pontikonisi, Agia Vlacherna, den Flughafen, Mon Repo, den Palast des ehemaligen K\u00f6nigs sowie die beiden venezianischen Festungen &#8211; die alte und die neue Festung von Korfu. &lt;\/ P&gt;<\/p>\n<p>40 Minuten sp\u00e4ter erreichen wir unser endg\u00fcltiges Ziel, die Stadt Korfu, wo Sie mit dem Liston Square, seinen traditionellen Geb\u00e4uden, durch die Altstadt schlendern, durch die engen Gassen mit ihren vielen Gesch\u00e4ften, die traditionelle Produkte verkaufen, spazieren und den Korfiot probieren k\u00f6nnen Delikatessen. Vergessen Sie nicht, die Kirche von Agios Spyridon, dem Schutzpatron der Insel, zu besuchen.<\/p>\n<p>Auf dem R\u00fcckweg k\u00f6nnen Sie die einzigartig beleuchteten Festungen und den Blick auf die Stadt bei Nacht bewundern.<\/p>\n<blockquote style=\"margin-top: 15px; border-color: #c3e3f6;\">\n<p style=\"font-size: 18px; line-height: 27px; color: #008fe2;\"><em> Vergessen Sie nicht, Kamera, Handtuch, Sonnenschutzcreme und gute Laune mitzubringen!<\/em><\/p>\n<\/blockquote>\n<h4 class=\"titlesm\">BEACHTEN<\/h4>\n<div class=\"vc_message_box vc_message_box-standard vc_message_box-rounded vc_color-info vc_custom_1612174478842\">\n<div class=\"vc_message_box-icon\"><\/div>\n<p>Das Tourprogramm kann sich je nach Tageswetter und Seebedingungen \u00e4ndern<\/p>\n<\/div>\n","protected":false},"excerpt":{"rendered":"<p>Nachmittag <strong> Ausflug von 17: 00-22: 30 Uhr.<\/strong><\/p>\n<blockquote style=\"margin-top: 10px; border-color: #c3e3f6;\">\n<p style=\"font-size: 18px; line-height: 27px; color: #008fe2;\"><em>Die Stadt Korfu, so elegant kosmopolitisch und so anmutig historisch, ist zweifellos ein romantischer Ort.<\/em><\/p>\n<\/blockquote>\n<p style=\"padding-top: 10px; font-size: 18px; line-height: 27px; color: #515151;\">Eine der besonderen M\u00f6glichkeiten, abends die Stadt Korfu zu besuchen, ist ein Ausflug mit uns. Unser Boot f\u00e4hrt um 17:00 Uhr vom Messonghi Fluss ab&#8230;.<\/p>\n<div class=\"MoreBtn vc_btn3-container font-weight-bold text-uppercase custom-button vc_btn3-inline\" style=\"margin-top: 25px;\"><a class=\"vc_btn3 vc_btn3-shape-round btn btn-borders btn-md btn-quaternary\" title=\"\" href=\"#product-tab\">Weiterlesen<\/a>\n<\/div>\n","protected":false},"featured_media":0,"template":"","meta":{"inline_featured_image":false},"product_brand":[],"product_cat":[47],"product_tag":[],"class_list":{"0":"post-927","1":"product","2":"type-product","3":"status-publish","5":"product_cat-ausfluge","7":"first","8":"instock","9":"shipping-taxable","10":"product-type-simple"},"yoast_head":"<!-- This site is optimized with the Yoast SEO plugin v21.5 - https:\/\/yoast.com\/wordpress\/plugins\/seo\/ -->\n<title>Pegasus Express \/Bootsausfl\u00fcge Kreuzfahrten - KORFU STADT BEI NACHT \/ Moraitika Korfu<\/title>\n<meta name=\"description\" content=\"Moraitika nach Korfu bei Nacht Exkursionen - &amp; Kreuzfahrten verbinden Romantik, Bootsfahrten und Shopping. Was gibt es Sch\u00f6neres, als um Ponticonisi und Liston herumzufahren?\" \/>\n<meta name=\"robots\" content=\"index, follow, max-snippet:-1, max-image-preview:large, max-video-preview:-1\" \/>\n<link rel=\"canonical\" href=\"https:\/\/moraitika-cruises.com\/de\/product\/corfu-town-by-night\/\" \/>\n<meta property=\"og:locale\" content=\"de_DE\" \/>\n<meta property=\"og:type\" content=\"article\" \/>\n<meta property=\"og:title\" content=\"Pegasus Express \/Bootsausfl\u00fcge Kreuzfahrten - KORFU STADT BEI NACHT \/ Moraitika Korfu\" \/>\n<meta property=\"og:description\" content=\"Moraitika nach Korfu bei Nacht Exkursionen - &amp; Kreuzfahrten verbinden Romantik, Bootsfahrten und Shopping. Was gibt es Sch\u00f6neres, als um Ponticonisi und Liston herumzufahren?\" \/>\n<meta property=\"og:url\" content=\"https:\/\/moraitika-cruises.com\/de\/product\/corfu-town-by-night\/\" \/>\n<meta property=\"og:site_name\" content=\"Pegasus Express\" \/>\n<meta property=\"article:modified_time\" content=\"2021-02-03T14:10:20+00:00\" \/>\n<meta name=\"twitter:card\" content=\"summary_large_image\" \/>\n<meta name=\"twitter:label1\" content=\"Gesch\u00e4tzte Lesezeit\" \/>\n\t<meta name=\"twitter:data1\" content=\"1\u00a0Minute\" \/>\n<script type=\"application\/ld+json\" class=\"yoast-schema-graph\">{\"@context\":\"https:\/\/schema.org\",\"@graph\":[{\"@type\":\"WebPage\",\"@id\":\"https:\/\/moraitika-cruises.com\/de\/product\/corfu-town-by-night\/\",\"url\":\"https:\/\/moraitika-cruises.com\/de\/product\/corfu-town-by-night\/\",\"name\":\"Pegasus Express \/Bootsausfl\u00fcge Kreuzfahrten - KORFU STADT BEI NACHT \/ Moraitika Korfu\",\"isPartOf\":{\"@id\":\"https:\/\/moraitika-cruises.com\/#website\"},\"datePublished\":\"2021-02-01T08:52:09+00:00\",\"dateModified\":\"2021-02-03T14:10:20+00:00\",\"description\":\"Moraitika nach Korfu bei Nacht Exkursionen - & Kreuzfahrten verbinden Romantik, Bootsfahrten und Shopping. Was gibt es Sch\u00f6neres, als um Ponticonisi und Liston herumzufahren?\",\"breadcrumb\":{\"@id\":\"https:\/\/moraitika-cruises.com\/de\/product\/corfu-town-by-night\/#breadcrumb\"},\"inLanguage\":\"de\",\"potentialAction\":[{\"@type\":\"ReadAction\",\"target\":[\"https:\/\/moraitika-cruises.com\/de\/product\/corfu-town-by-night\/\"]}]},{\"@type\":\"BreadcrumbList\",\"@id\":\"https:\/\/moraitika-cruises.com\/de\/product\/corfu-town-by-night\/#breadcrumb\",\"itemListElement\":[{\"@type\":\"ListItem\",\"position\":1,\"name\":\"Home\",\"item\":\"https:\/\/moraitika-cruises.com\/de\/\"},{\"@type\":\"ListItem\",\"position\":2,\"name\":\"Excursions\",\"item\":\"https:\/\/moraitika-cruises.com\/excursions\/\"},{\"@type\":\"ListItem\",\"position\":3,\"name\":\"KORFU STADT BEI NACHT\"}]},{\"@type\":\"WebSite\",\"@id\":\"https:\/\/moraitika-cruises.com\/#website\",\"url\":\"https:\/\/moraitika-cruises.com\/\",\"name\":\"Pegasus Express\",\"description\":\"Moraitika Cruises\",\"potentialAction\":[{\"@type\":\"SearchAction\",\"target\":{\"@type\":\"EntryPoint\",\"urlTemplate\":\"https:\/\/moraitika-cruises.com\/?s={search_term_string}\"},\"query-input\":\"required name=search_term_string\"}],\"inLanguage\":\"de\"}]}<\/script>\n<!-- \/ Yoast SEO plugin. -->","yoast_head_json":{"title":"Pegasus Express \/Bootsausfl\u00fcge Kreuzfahrten - KORFU STADT BEI NACHT \/ Moraitika Korfu","description":"Moraitika nach Korfu bei Nacht Exkursionen - & Kreuzfahrten verbinden Romantik, Bootsfahrten und Shopping. Was gibt es Sch\u00f6neres, als um Ponticonisi und Liston herumzufahren?","robots":{"index":"index","follow":"follow","max-snippet":"max-snippet:-1","max-image-preview":"max-image-preview:large","max-video-preview":"max-video-preview:-1"},"canonical":"https:\/\/moraitika-cruises.com\/de\/product\/corfu-town-by-night\/","og_locale":"de_DE","og_type":"article","og_title":"Pegasus Express \/Bootsausfl\u00fcge Kreuzfahrten - KORFU STADT BEI NACHT \/ Moraitika Korfu","og_description":"Moraitika nach Korfu bei Nacht Exkursionen - & Kreuzfahrten verbinden Romantik, Bootsfahrten und Shopping. Was gibt es Sch\u00f6neres, als um Ponticonisi und Liston herumzufahren?","og_url":"https:\/\/moraitika-cruises.com\/de\/product\/corfu-town-by-night\/","og_site_name":"Pegasus Express","article_modified_time":"2021-02-03T14:10:20+00:00","twitter_card":"summary_large_image","twitter_misc":{"Gesch\u00e4tzte Lesezeit":"1\u00a0Minute"},"schema":{"@context":"https:\/\/schema.org","@graph":[{"@type":"WebPage","@id":"https:\/\/moraitika-cruises.com\/de\/product\/corfu-town-by-night\/","url":"https:\/\/moraitika-cruises.com\/de\/product\/corfu-town-by-night\/","name":"Pegasus Express \/Bootsausfl\u00fcge Kreuzfahrten - KORFU STADT BEI NACHT \/ Moraitika Korfu","isPartOf":{"@id":"https:\/\/moraitika-cruises.com\/#website"},"datePublished":"2021-02-01T08:52:09+00:00","dateModified":"2021-02-03T14:10:20+00:00","description":"Moraitika nach Korfu bei Nacht Exkursionen - & Kreuzfahrten verbinden Romantik, Bootsfahrten und Shopping. Was gibt es Sch\u00f6neres, als um Ponticonisi und Liston herumzufahren?","breadcrumb":{"@id":"https:\/\/moraitika-cruises.com\/de\/product\/corfu-town-by-night\/#breadcrumb"},"inLanguage":"de","potentialAction":[{"@type":"ReadAction","target":["https:\/\/moraitika-cruises.com\/de\/product\/corfu-town-by-night\/"]}]},{"@type":"BreadcrumbList","@id":"https:\/\/moraitika-cruises.com\/de\/product\/corfu-town-by-night\/#breadcrumb","itemListElement":[{"@type":"ListItem","position":1,"name":"Home","item":"https:\/\/moraitika-cruises.com\/de\/"},{"@type":"ListItem","position":2,"name":"Excursions","item":"https:\/\/moraitika-cruises.com\/excursions\/"},{"@type":"ListItem","position":3,"name":"KORFU STADT BEI NACHT"}]},{"@type":"WebSite","@id":"https:\/\/moraitika-cruises.com\/#website","url":"https:\/\/moraitika-cruises.com\/","name":"Pegasus Express","description":"Moraitika Cruises","potentialAction":[{"@type":"SearchAction","target":{"@type":"EntryPoint","urlTemplate":"https:\/\/moraitika-cruises.com\/?s={search_term_string}"},"query-input":"required name=search_term_string"}],"inLanguage":"de"}]}},"_links":{"self":[{"href":"https:\/\/moraitika-cruises.com\/de\/wp-json\/wp\/v2\/product\/927","targetHints":{"allow":["GET"]}}],"collection":[{"href":"https:\/\/moraitika-cruises.com\/de\/wp-json\/wp\/v2\/product"}],"about":[{"href":"https:\/\/moraitika-cruises.com\/de\/wp-json\/wp\/v2\/types\/product"}],"wp:attachment":[{"href":"https:\/\/moraitika-cruises.com\/de\/wp-json\/wp\/v2\/media?parent=927"}],"wp:term":[{"taxonomy":"product_brand","embeddable":true,"href":"https:\/\/moraitika-cruises.com\/de\/wp-json\/wp\/v2\/product_brand?post=927"},{"taxonomy":"product_cat","embeddable":true,"href":"https:\/\/moraitika-cruises.com\/de\/wp-json\/wp\/v2\/product_cat?post=927"},{"taxonomy":"product_tag","embeddable":true,"href":"https:\/\/moraitika-cruises.com\/de\/wp-json\/wp\/v2\/product_tag?post=927"}],"curies":[{"name":"wp","href":"https:\/\/api.w.org\/{rel}","templated":true}]}}