{"id":960,"date":"2021-02-01T07:36:19","date_gmt":"2021-02-01T07:36:19","guid":{"rendered":"http:\/\/moraitika-cruises.com\/product\/blaue-lagune-hohle-griechisches-festland\/"},"modified":"2021-02-04T08:31:50","modified_gmt":"2021-02-04T08:31:50","slug":"blaue-lagune-hohle-griechisches-festland-2","status":"publish","type":"product","link":"https:\/\/moraitika-cruises.com\/de\/product\/blaue-lagune-hohle-griechisches-festland-2\/","title":{"rendered":"BLAUE LAGUNE &#8211; H\u00d6HLE &#8211; GRIECHISCHES FESTLAND"},"content":{"rendered":"<p style=\"font-size: 18px; line-height: 27px; color: #515151;\">Probieren Sie ein einzigartiges Pegasus Express-Erlebnis, indem Sie das griechische Festland und die exotische Bucht der Blauen Lagune besuchen.<\/p>\n<h4 class=\"titlesm\">TOUR-PROGRAMM<\/h4>\n<p>Erleben Sie einen einzigarten Pegasus Express-Ausflug, indem Sie das griechische Festland und die exotische Bucht der Blauen Lagune besuchen.<\/p>\n<p>Nach der Abfahrt von Messonghi k\u00f6nnen Sie den s\u00fcdlichen Teil der Insel Korfu beobachten.<\/p>\n<p>Eine  Stunde und 15 Minuten sp\u00e4ter erreichen wir unser erstes Ziel &#8211; die Black Mountain Insel. Hier k\u00f6nnen Sie wunderbare Fotos in einer magischen Meeresh\u00f6hle machen, in der sich die griechischen U-Boote w\u00e4hrend des Zweiten Weltkriegs versteckten.<\/p>\n<p>Auf dem Weg zu unserer n\u00e4chsten Station segeln wir zwischen den zahlreichen kleinen Inseln entlang der K\u00fcste von Sivota. Sie haben die M\u00f6glichkeit, in der ber\u00fchmten Lagune von Piscine zu tauchen und Ihren Aufenthalt dort anderthalb Stunde zu genie\u00dfen.<\/p>\n<p>Sie k\u00f6nnen ein traditionelles griechisches Essen in einem der vielen Restaurants im Hafen von Sivota probieren &#8211; einem der malerischsten traditionellen Fischerd\u00f6rfer auf dem griechischen Festland von Epirus (2 Stunden).<\/p>\n<p>Auf dem R\u00fcckweg machen wir einen Zwischenstopp an der Alikes Sandbank &#8211; der s\u00fcdlichsten Spitze der Insel Korfu.<\/p>\n<p>Am Ende unserer Kreuzfahrt k\u00f6nnen Sie die Sch\u00f6nheit der korfiotischen Natur im Botanischen Garten von S\u00fcdkorfu erkunden, sich mit einem Getr\u00e4nk abk\u00fchlen oder eine Tasse Kaffee trinken, die an der \u00f6rtlichen Bar erh\u00e4ltlich ist (1 Stunde).<\/p>\n<blockquote style=\"margin-top: 15px; border-color: #c3e3f6;\">\n<p style=\"font-size: 18px; line-height: 27px; color: #008fe2;\"><em> Vergessen Sie nicht, Kamera, Handtuch, Sonnenschutzcreme und gute Laune mitzubringen!<\/em><\/p>\n<\/blockquote>\n<h4 class=\"titlesm\">BEACHTEN<\/h4>\n<div class=\"vc_message_box vc_message_box-standard vc_message_box-rounded vc_color-info vc_custom_1612174478842\">\n<div class=\"vc_message_box-icon\"><\/div>\n<p>    Das Tourprogramm kann sich je nach Tageswetter und Seebedingungen \u00e4ndern<\/p>\n<\/div>\n","protected":false},"excerpt":{"rendered":"<p>Morgen <strong> Reise von 09:30 bis 17:00 Uhr. <\/Strong><\/p>\n<blockquote style=\"margin-top: 10px; border-color: #c3e3f6;\">\n<p style=\"padding-top: 10px; font-size: 18px; line-height: 27px; color: #008fe2;\"><em>Besuchen Sie die atemberaubende H\u00f6hle von Sivota und tauchen Sie ein in das kristallklare Wasser der faszinierenden Blauen Lagune!<\/em><\/p>\n<\/blockquote>\n<p style=\"font-size: 18px; line-height: 27px; color: #515151;\">Erleben Sie einen einzigarten Pegasus Express-Ausflug, indem Sie das griechische Festland und die exotische Bucht der Blauen Lagune besuchen&#8230;.<\/p>\n<div class=\"MoreBtn vc_btn3-container font-weight-bold text-uppercase custom-button vc_btn3-inline\" style=\"margin-top: 25px;\"><a class=\"vc_btn3 vc_btn3-shape-round btn btn-borders btn-md btn-quaternary\" title=\"\" href=\"#product-tab\">Weiterlesen<\/a><\/div>\n","protected":false},"featured_media":0,"template":"","meta":{"inline_featured_image":false},"product_brand":[],"product_cat":[47],"product_tag":[],"class_list":{"0":"post-960","1":"product","2":"type-product","3":"status-publish","5":"product_cat-ausfluge","7":"first","8":"instock","9":"virtual","10":"product-type-simple"},"yoast_head":"<!-- This site is optimized with the Yoast SEO plugin v21.5 - https:\/\/yoast.com\/wordpress\/plugins\/seo\/ -->\n<title>Pegasus Express \/Bootsausfl\u00fcge - Sivota BLAUE LAGUNE - H\u00d6HLE - GRIECHISCHES FESTLAND \/ Moraitika Korfu<\/title>\n<meta name=\"description\" content=\"W\u00e4hrend Sie von Moraitika zur blauen Lagune von SIVOTA fahren, erkunden Sie eine riesige Meeresh\u00f6hle in Mourtos. Der n\u00e4chste Stopp dieser Exkursion \/ Tour ist das Fischerdorf Sivota Blue Lagoon.\" \/>\n<meta name=\"robots\" content=\"index, follow, max-snippet:-1, max-image-preview:large, max-video-preview:-1\" \/>\n<link rel=\"canonical\" href=\"https:\/\/moraitika-cruises.com\/de\/product\/blaue-lagune-hohle-griechisches-festland-2\/\" \/>\n<meta property=\"og:locale\" content=\"de_DE\" \/>\n<meta property=\"og:type\" content=\"article\" \/>\n<meta property=\"og:title\" content=\"Pegasus Express \/Bootsausfl\u00fcge - Sivota BLAUE LAGUNE - H\u00d6HLE - GRIECHISCHES FESTLAND \/ Moraitika Korfu\" \/>\n<meta property=\"og:description\" content=\"W\u00e4hrend Sie von Moraitika zur blauen Lagune von SIVOTA fahren, erkunden Sie eine riesige Meeresh\u00f6hle in Mourtos. Der n\u00e4chste Stopp dieser Exkursion \/ Tour ist das Fischerdorf Sivota Blue Lagoon.\" \/>\n<meta property=\"og:url\" content=\"https:\/\/moraitika-cruises.com\/de\/product\/blaue-lagune-hohle-griechisches-festland-2\/\" \/>\n<meta property=\"og:site_name\" content=\"Pegasus Express\" \/>\n<meta property=\"article:modified_time\" content=\"2021-02-04T08:31:50+00:00\" \/>\n<meta name=\"twitter:card\" content=\"summary_large_image\" \/>\n<meta name=\"twitter:label1\" content=\"Gesch\u00e4tzte Lesezeit\" \/>\n\t<meta name=\"twitter:data1\" content=\"1\u00a0Minute\" \/>\n<script type=\"application\/ld+json\" class=\"yoast-schema-graph\">{\"@context\":\"https:\/\/schema.org\",\"@graph\":[{\"@type\":\"WebPage\",\"@id\":\"https:\/\/moraitika-cruises.com\/de\/product\/blaue-lagune-hohle-griechisches-festland-2\/\",\"url\":\"https:\/\/moraitika-cruises.com\/de\/product\/blaue-lagune-hohle-griechisches-festland-2\/\",\"name\":\"Pegasus Express \/Bootsausfl\u00fcge - Sivota BLAUE LAGUNE - H\u00d6HLE - GRIECHISCHES FESTLAND \/ Moraitika Korfu\",\"isPartOf\":{\"@id\":\"https:\/\/moraitika-cruises.com\/#website\"},\"datePublished\":\"2021-02-01T07:36:19+00:00\",\"dateModified\":\"2021-02-04T08:31:50+00:00\",\"description\":\"W\u00e4hrend Sie von Moraitika zur blauen Lagune von SIVOTA fahren, erkunden Sie eine riesige Meeresh\u00f6hle in Mourtos. Der n\u00e4chste Stopp dieser Exkursion \/ Tour ist das Fischerdorf Sivota Blue Lagoon.\",\"breadcrumb\":{\"@id\":\"https:\/\/moraitika-cruises.com\/de\/product\/blaue-lagune-hohle-griechisches-festland-2\/#breadcrumb\"},\"inLanguage\":\"de\",\"potentialAction\":[{\"@type\":\"ReadAction\",\"target\":[\"https:\/\/moraitika-cruises.com\/de\/product\/blaue-lagune-hohle-griechisches-festland-2\/\"]}]},{\"@type\":\"BreadcrumbList\",\"@id\":\"https:\/\/moraitika-cruises.com\/de\/product\/blaue-lagune-hohle-griechisches-festland-2\/#breadcrumb\",\"itemListElement\":[{\"@type\":\"ListItem\",\"position\":1,\"name\":\"Home\",\"item\":\"https:\/\/moraitika-cruises.com\/de\/\"},{\"@type\":\"ListItem\",\"position\":2,\"name\":\"Excursions\",\"item\":\"https:\/\/moraitika-cruises.com\/excursions\/\"},{\"@type\":\"ListItem\",\"position\":3,\"name\":\"BLAUE LAGUNE &#8211; H\u00d6HLE &#8211; GRIECHISCHES FESTLAND\"}]},{\"@type\":\"WebSite\",\"@id\":\"https:\/\/moraitika-cruises.com\/#website\",\"url\":\"https:\/\/moraitika-cruises.com\/\",\"name\":\"Pegasus Express\",\"description\":\"Moraitika Cruises\",\"potentialAction\":[{\"@type\":\"SearchAction\",\"target\":{\"@type\":\"EntryPoint\",\"urlTemplate\":\"https:\/\/moraitika-cruises.com\/?s={search_term_string}\"},\"query-input\":\"required name=search_term_string\"}],\"inLanguage\":\"de\"}]}<\/script>\n<!-- \/ Yoast SEO plugin. -->","yoast_head_json":{"title":"Pegasus Express \/Bootsausfl\u00fcge - Sivota BLAUE LAGUNE - H\u00d6HLE - GRIECHISCHES FESTLAND \/ Moraitika Korfu","description":"W\u00e4hrend Sie von Moraitika zur blauen Lagune von SIVOTA fahren, erkunden Sie eine riesige Meeresh\u00f6hle in Mourtos. Der n\u00e4chste Stopp dieser Exkursion \/ Tour ist das Fischerdorf Sivota Blue Lagoon.","robots":{"index":"index","follow":"follow","max-snippet":"max-snippet:-1","max-image-preview":"max-image-preview:large","max-video-preview":"max-video-preview:-1"},"canonical":"https:\/\/moraitika-cruises.com\/de\/product\/blaue-lagune-hohle-griechisches-festland-2\/","og_locale":"de_DE","og_type":"article","og_title":"Pegasus Express \/Bootsausfl\u00fcge - Sivota BLAUE LAGUNE - H\u00d6HLE - GRIECHISCHES FESTLAND \/ Moraitika Korfu","og_description":"W\u00e4hrend Sie von Moraitika zur blauen Lagune von SIVOTA fahren, erkunden Sie eine riesige Meeresh\u00f6hle in Mourtos. Der n\u00e4chste Stopp dieser Exkursion \/ Tour ist das Fischerdorf Sivota Blue Lagoon.","og_url":"https:\/\/moraitika-cruises.com\/de\/product\/blaue-lagune-hohle-griechisches-festland-2\/","og_site_name":"Pegasus Express","article_modified_time":"2021-02-04T08:31:50+00:00","twitter_card":"summary_large_image","twitter_misc":{"Gesch\u00e4tzte Lesezeit":"1\u00a0Minute"},"schema":{"@context":"https:\/\/schema.org","@graph":[{"@type":"WebPage","@id":"https:\/\/moraitika-cruises.com\/de\/product\/blaue-lagune-hohle-griechisches-festland-2\/","url":"https:\/\/moraitika-cruises.com\/de\/product\/blaue-lagune-hohle-griechisches-festland-2\/","name":"Pegasus Express \/Bootsausfl\u00fcge - Sivota BLAUE LAGUNE - H\u00d6HLE - GRIECHISCHES FESTLAND \/ Moraitika Korfu","isPartOf":{"@id":"https:\/\/moraitika-cruises.com\/#website"},"datePublished":"2021-02-01T07:36:19+00:00","dateModified":"2021-02-04T08:31:50+00:00","description":"W\u00e4hrend Sie von Moraitika zur blauen Lagune von SIVOTA fahren, erkunden Sie eine riesige Meeresh\u00f6hle in Mourtos. Der n\u00e4chste Stopp dieser Exkursion \/ Tour ist das Fischerdorf Sivota Blue Lagoon.","breadcrumb":{"@id":"https:\/\/moraitika-cruises.com\/de\/product\/blaue-lagune-hohle-griechisches-festland-2\/#breadcrumb"},"inLanguage":"de","potentialAction":[{"@type":"ReadAction","target":["https:\/\/moraitika-cruises.com\/de\/product\/blaue-lagune-hohle-griechisches-festland-2\/"]}]},{"@type":"BreadcrumbList","@id":"https:\/\/moraitika-cruises.com\/de\/product\/blaue-lagune-hohle-griechisches-festland-2\/#breadcrumb","itemListElement":[{"@type":"ListItem","position":1,"name":"Home","item":"https:\/\/moraitika-cruises.com\/de\/"},{"@type":"ListItem","position":2,"name":"Excursions","item":"https:\/\/moraitika-cruises.com\/excursions\/"},{"@type":"ListItem","position":3,"name":"BLAUE LAGUNE &#8211; H\u00d6HLE &#8211; GRIECHISCHES FESTLAND"}]},{"@type":"WebSite","@id":"https:\/\/moraitika-cruises.com\/#website","url":"https:\/\/moraitika-cruises.com\/","name":"Pegasus Express","description":"Moraitika Cruises","potentialAction":[{"@type":"SearchAction","target":{"@type":"EntryPoint","urlTemplate":"https:\/\/moraitika-cruises.com\/?s={search_term_string}"},"query-input":"required name=search_term_string"}],"inLanguage":"de"}]}},"_links":{"self":[{"href":"https:\/\/moraitika-cruises.com\/de\/wp-json\/wp\/v2\/product\/960","targetHints":{"allow":["GET"]}}],"collection":[{"href":"https:\/\/moraitika-cruises.com\/de\/wp-json\/wp\/v2\/product"}],"about":[{"href":"https:\/\/moraitika-cruises.com\/de\/wp-json\/wp\/v2\/types\/product"}],"wp:attachment":[{"href":"https:\/\/moraitika-cruises.com\/de\/wp-json\/wp\/v2\/media?parent=960"}],"wp:term":[{"taxonomy":"product_brand","embeddable":true,"href":"https:\/\/moraitika-cruises.com\/de\/wp-json\/wp\/v2\/product_brand?post=960"},{"taxonomy":"product_cat","embeddable":true,"href":"https:\/\/moraitika-cruises.com\/de\/wp-json\/wp\/v2\/product_cat?post=960"},{"taxonomy":"product_tag","embeddable":true,"href":"https:\/\/moraitika-cruises.com\/de\/wp-json\/wp\/v2\/product_tag?post=960"}],"curies":[{"name":"wp","href":"https:\/\/api.w.org\/{rel}","templated":true}]}}