{"id":583,"date":"2021-02-02T10:48:00","date_gmt":"2021-02-02T10:48:00","guid":{"rendered":"http:\/\/moraitika-cruises.com\/boutique\/"},"modified":"2021-02-03T06:33:57","modified_gmt":"2021-02-03T06:33:57","slug":"boutique","status":"publish","type":"page","link":"https:\/\/moraitika-cruises.com\/fr\/boutique\/","title":{"rendered":"Boutique"},"content":{"rendered":"<p>[vc_row][vc_column][vc_custom_heading text=&#8221;Nos excursions&#8221; use_theme_fonts=&#8221;yes&#8221; el_class=&#8221;m-b-xs&#8221;][vc_column_text el_class=&#8221;lead&#8221;]Avec respect et responsabilit\u00e9 nous vous promettons que vous passerez une journ\u00e9e inoubliable dans un environnement convivial et agr\u00e9able. Avec le Pegasus Express, un bateau confortable et rapide, vous pouvez enrichir vos vacances avec une ou plusieurs croisi\u00e8res quotidiennes.[\/vc_column_text][vc_message css=&#8221;.vc_custom_1612174478842{margin-bottom: 50px !important;}&#8221;]Les excursions BLUE LAGOON &#038; amp; PAXOS &#8211; ANTIPAXOS peut \u00eatre organis\u00e9 avec un d\u00e9part de la ville de Corfou ainsi que du port de Lefkimmi. Pour plus d&#8217;informations, n&#8217;h\u00e9sitez pas \u00e0 nous contacter.[\/vc_message][vc_column_text css=&#8221;.vc_custom_1612174537232{padding-top: 60px !important;padding-bottom: 60px !important;}&#8221;][\/vc_column_text][\/vc_column][\/vc_row]<\/p>\n","protected":false},"excerpt":{"rendered":"<p>[vc_row][vc_column][vc_custom_heading text=&#8221;Nos excursions&#8221; use_theme_fonts=&#8221;yes&#8221; el_class=&#8221;m-b-xs&#8221;][vc_column_text el_class=&#8221;lead&#8221;]Avec respect et responsabilit\u00e9 nous vous promettons que vous passerez une journ\u00e9e inoubliable dans un environnement convivial et agr\u00e9able. Avec le Pegasus Express, un bateau confortable et rapide, vous pouvez enrichir vos vacances avec une ou plusieurs croisi\u00e8res quotidiennes.[\/vc_column_text][vc_message css=&#8221;.vc_custom_1612174478842{margin-bottom: 50px !important;}&#8221;]Les excursions BLUE LAGOON &#038; amp; PAXOS &#8211; ANTIPAXOS [&hellip;]<\/p>\n","protected":false},"author":1,"featured_media":0,"parent":0,"menu_order":3,"comment_status":"closed","ping_status":"closed","template":"","meta":{"inline_featured_image":false,"footnotes":""},"class_list":["post-583","page","type-page","status-publish","hentry"],"yoast_head":"<!-- This site is optimized with the Yoast SEO plugin v21.5 - https:\/\/yoast.com\/wordpress\/plugins\/seo\/ -->\n<title>Boutique - Pegasus Express<\/title>\n<meta name=\"description\" content=\"Enrichissez vos vacances \u00e0 Moraitika Corfou avec une ou plusieurs excursions quotidiennes (croisi\u00e8res - voyages)\" \/>\n<meta name=\"robots\" content=\"index, follow, max-snippet:-1, max-image-preview:large, max-video-preview:-1\" \/>\n<link rel=\"canonical\" href=\"https:\/\/moraitika-cruises.com\/fr\/boutique\/\" \/>\n<meta property=\"og:locale\" content=\"fr_FR\" \/>\n<meta property=\"og:type\" content=\"article\" \/>\n<meta property=\"og:title\" content=\"Boutique - Pegasus Express\" \/>\n<meta property=\"og:description\" content=\"Enrichissez vos vacances \u00e0 Moraitika Corfou avec une ou plusieurs excursions quotidiennes (croisi\u00e8res - voyages)\" \/>\n<meta property=\"og:url\" content=\"https:\/\/moraitika-cruises.com\/fr\/boutique\/\" \/>\n<meta property=\"og:site_name\" content=\"Pegasus Express\" \/>\n<meta property=\"article:modified_time\" content=\"2021-02-03T06:33:57+00:00\" \/>\n<meta name=\"twitter:card\" content=\"summary_large_image\" \/>\n<meta name=\"twitter:label1\" content=\"Dur\u00e9e de lecture estim\u00e9e\" \/>\n\t<meta name=\"twitter:data1\" content=\"1 minute\" \/>\n<script type=\"application\/ld+json\" class=\"yoast-schema-graph\">{\"@context\":\"https:\/\/schema.org\",\"@graph\":[{\"@type\":\"WebPage\",\"@id\":\"https:\/\/moraitika-cruises.com\/fr\/boutique\/\",\"url\":\"https:\/\/moraitika-cruises.com\/fr\/boutique\/\",\"name\":\"Boutique - Pegasus Express\",\"isPartOf\":{\"@id\":\"https:\/\/moraitika-cruises.com\/#website\"},\"datePublished\":\"2021-02-02T10:48:00+00:00\",\"dateModified\":\"2021-02-03T06:33:57+00:00\",\"description\":\"Enrichissez vos vacances \u00e0 Moraitika Corfou avec une ou plusieurs excursions quotidiennes (croisi\u00e8res - voyages)\",\"breadcrumb\":{\"@id\":\"https:\/\/moraitika-cruises.com\/fr\/boutique\/#breadcrumb\"},\"inLanguage\":\"fr-FR\",\"potentialAction\":[{\"@type\":\"ReadAction\",\"target\":[\"https:\/\/moraitika-cruises.com\/fr\/boutique\/\"]}]},{\"@type\":\"BreadcrumbList\",\"@id\":\"https:\/\/moraitika-cruises.com\/fr\/boutique\/#breadcrumb\",\"itemListElement\":[{\"@type\":\"ListItem\",\"position\":1,\"name\":\"Home\",\"item\":\"https:\/\/moraitika-cruises.com\/fr\/\"},{\"@type\":\"ListItem\",\"position\":2,\"name\":\"Boutique\"}]},{\"@type\":\"WebSite\",\"@id\":\"https:\/\/moraitika-cruises.com\/#website\",\"url\":\"https:\/\/moraitika-cruises.com\/\",\"name\":\"Pegasus Express\",\"description\":\"Moraitika Cruises\",\"potentialAction\":[{\"@type\":\"SearchAction\",\"target\":{\"@type\":\"EntryPoint\",\"urlTemplate\":\"https:\/\/moraitika-cruises.com\/?s={search_term_string}\"},\"query-input\":\"required name=search_term_string\"}],\"inLanguage\":\"fr-FR\"}]}<\/script>\n<!-- \/ Yoast SEO plugin. -->","yoast_head_json":{"title":"Boutique - Pegasus Express","description":"Enrichissez vos vacances \u00e0 Moraitika Corfou avec une ou plusieurs excursions quotidiennes (croisi\u00e8res - voyages)","robots":{"index":"index","follow":"follow","max-snippet":"max-snippet:-1","max-image-preview":"max-image-preview:large","max-video-preview":"max-video-preview:-1"},"canonical":"https:\/\/moraitika-cruises.com\/fr\/boutique\/","og_locale":"fr_FR","og_type":"article","og_title":"Boutique - Pegasus Express","og_description":"Enrichissez vos vacances \u00e0 Moraitika Corfou avec une ou plusieurs excursions quotidiennes (croisi\u00e8res - voyages)","og_url":"https:\/\/moraitika-cruises.com\/fr\/boutique\/","og_site_name":"Pegasus Express","article_modified_time":"2021-02-03T06:33:57+00:00","twitter_card":"summary_large_image","twitter_misc":{"Dur\u00e9e de lecture estim\u00e9e":"1 minute"},"schema":{"@context":"https:\/\/schema.org","@graph":[{"@type":"WebPage","@id":"https:\/\/moraitika-cruises.com\/fr\/boutique\/","url":"https:\/\/moraitika-cruises.com\/fr\/boutique\/","name":"Boutique - Pegasus Express","isPartOf":{"@id":"https:\/\/moraitika-cruises.com\/#website"},"datePublished":"2021-02-02T10:48:00+00:00","dateModified":"2021-02-03T06:33:57+00:00","description":"Enrichissez vos vacances \u00e0 Moraitika Corfou avec une ou plusieurs excursions quotidiennes (croisi\u00e8res - voyages)","breadcrumb":{"@id":"https:\/\/moraitika-cruises.com\/fr\/boutique\/#breadcrumb"},"inLanguage":"fr-FR","potentialAction":[{"@type":"ReadAction","target":["https:\/\/moraitika-cruises.com\/fr\/boutique\/"]}]},{"@type":"BreadcrumbList","@id":"https:\/\/moraitika-cruises.com\/fr\/boutique\/#breadcrumb","itemListElement":[{"@type":"ListItem","position":1,"name":"Home","item":"https:\/\/moraitika-cruises.com\/fr\/"},{"@type":"ListItem","position":2,"name":"Boutique"}]},{"@type":"WebSite","@id":"https:\/\/moraitika-cruises.com\/#website","url":"https:\/\/moraitika-cruises.com\/","name":"Pegasus Express","description":"Moraitika Cruises","potentialAction":[{"@type":"SearchAction","target":{"@type":"EntryPoint","urlTemplate":"https:\/\/moraitika-cruises.com\/?s={search_term_string}"},"query-input":"required name=search_term_string"}],"inLanguage":"fr-FR"}]}},"_links":{"self":[{"href":"https:\/\/moraitika-cruises.com\/fr\/wp-json\/wp\/v2\/pages\/583","targetHints":{"allow":["GET"]}}],"collection":[{"href":"https:\/\/moraitika-cruises.com\/fr\/wp-json\/wp\/v2\/pages"}],"about":[{"href":"https:\/\/moraitika-cruises.com\/fr\/wp-json\/wp\/v2\/types\/page"}],"author":[{"embeddable":true,"href":"https:\/\/moraitika-cruises.com\/fr\/wp-json\/wp\/v2\/users\/1"}],"replies":[{"embeddable":true,"href":"https:\/\/moraitika-cruises.com\/fr\/wp-json\/wp\/v2\/comments?post=583"}],"version-history":[{"count":3,"href":"https:\/\/moraitika-cruises.com\/fr\/wp-json\/wp\/v2\/pages\/583\/revisions"}],"predecessor-version":[{"id":809,"href":"https:\/\/moraitika-cruises.com\/fr\/wp-json\/wp\/v2\/pages\/583\/revisions\/809"}],"wp:attachment":[{"href":"https:\/\/moraitika-cruises.com\/fr\/wp-json\/wp\/v2\/media?parent=583"}],"curies":[{"name":"wp","href":"https:\/\/api.w.org\/{rel}","templated":true}]}}