{"id":898,"date":"2021-02-03T06:48:31","date_gmt":"2021-02-03T06:48:31","guid":{"rendered":"http:\/\/moraitika-cruises.com\/visites-privees\/"},"modified":"2021-02-04T07:52:15","modified_gmt":"2021-02-04T07:52:15","slug":"visites-privees","status":"publish","type":"page","link":"https:\/\/moraitika-cruises.com\/fr\/visites-privees\/","title":{"rendered":"Visites priv\u00e9es"},"content":{"rendered":"<p>[vc_row css=&#8221;.vc_custom_1612175298475{padding-bottom: 80px !important;}&#8221;][vc_column offset=&#8221;vc_col-md-8&#8243;][vc_custom_heading text=&#8221;Visites priv\u00e9es&#8221; use_theme_fonts=&#8221;yes&#8221; el_class=&#8221;m-b-xs&#8221;][vc_column_text el_class=&#8221;lead&#8221;]Notre bateau peut \u00e9galement \u00eatre lou\u00e9, donc si vous souhaitez passer votre journ\u00e9e en priv\u00e9 et avec un programme de votre choix,<\/p>\n<p>Contactez le capitaine Michalis.[\/vc_column_text][\/vc_column][vc_column offset=&#8221;vc_col-md-4&#8243;]<div class=\"porto-carousel owl-carousel has-ccols ccols-1 nav-inside\" data-plugin-options=\"{&quot;stagePadding&quot;:0,&quot;margin&quot;:10,&quot;autoplay&quot;:&quot;yes&quot;,&quot;autoplayTimeout&quot;:3000,&quot;autoplayHoverPause&quot;:false,&quot;items&quot;:1,&quot;lg&quot;:1,&quot;md&quot;:1,&quot;sm&quot;:1,&quot;xs&quot;:1,&quot;nav&quot;:false,&quot;dots&quot;:&quot;yes&quot;,&quot;animateIn&quot;:&quot;&quot;,&quot;animateOut&quot;:&quot;&quot;,&quot;loop&quot;:&quot;yes&quot;,&quot;center&quot;:false,&quot;video&quot;:false,&quot;lazyLoad&quot;:false,&quot;fullscreen&quot;:false}\">[vc_single_image image=&#8221;765&#8243; img_size=&#8221;large&#8221; alignment=&#8221;center&#8221;][vc_single_image image=&#8221;757&#8243; img_size=&#8221;large&#8221; alignment=&#8221;center&#8221;][vc_single_image image=&#8221;753&#8243; img_size=&#8221;large&#8221; alignment=&#8221;center&#8221;][vc_single_image image=&#8221;749&#8243; img_size=&#8221;large&#8221; alignment=&#8221;center&#8221;]<\/div>[\/vc_column][\/vc_row][vc_row full_width=&#8221;stretch_row_content_no_spaces&#8221;][vc_column][vc_masonry_media_grid element_width=&#8221;3&#8243; grid_id=&#8221;vc_gid:1612425098305-eec23c70-45c0-6&#8243; include=&#8221;948,941,1036,1033&#8243;][\/vc_column][\/vc_row][vc_row full_width=&#8221;stretch_row_content_no_spaces&#8221; wrap_container=&#8221;yes&#8221; is_section=&#8221;yes&#8221; remove_border=&#8221;yes&#8221; el_class=&#8221;m-b-n-xl m-t-xl&#8221;][vc_column width=&#8221;3\/4&#8243; el_class=&#8221;col-sm-9&#8243;][vc_custom_heading text=&#8221;Si vous avez besoin d&#8217;une assistance suppl\u00e9mentaire!&#8221; font_container=&#8221;tag:h3|text_align:center&#8221; use_theme_fonts=&#8221;yes&#8221; el_class=&#8221;m-b-sm&#8221;][vc_custom_heading text=&#8221;veuillez utiliser la case Contactez-nous sur le c\u00f4t\u00e9 droit de la page.&#8221; font_container=&#8221;tag:p|font_size:17|text_align:center&#8221; use_theme_fonts=&#8221;yes&#8221;][\/vc_column][vc_column width=&#8221;1\/4&#8243; el_class=&#8221;col-sm-3&#8243;][vc_btn title=&#8221;Nous contacter&#8221; style=&#8221;flat&#8221; shape=&#8221;square&#8221; size=&#8221;lg&#8221; align=&#8221;center&#8221; skin=&#8221;primary&#8221; link=&#8221;url:http%3A%2F%2Fmoraitika-cruises.com%2Ffr%2Fnous-contacter%2F|title:Contact&#8221; el_class=&#8221;m-t-sm&#8221;][\/vc_column][\/vc_row]<\/p>\n","protected":false},"excerpt":{"rendered":"<p>[vc_row css=&#8221;.vc_custom_1612175298475{padding-bottom: 80px !important;}&#8221;][vc_column offset=&#8221;vc_col-md-8&#8243;][vc_custom_heading text=&#8221;Visites priv\u00e9es&#8221; use_theme_fonts=&#8221;yes&#8221; el_class=&#8221;m-b-xs&#8221;][vc_column_text el_class=&#8221;lead&#8221;]Notre bateau peut \u00e9galement \u00eatre lou\u00e9, donc si vous souhaitez passer votre journ\u00e9e en priv\u00e9 et avec un programme de votre choix, Contactez le capitaine Michalis.[\/vc_column_text][\/vc_column][vc_column offset=&#8221;vc_col-md-4&#8243;][\/vc_column][\/vc_row][vc_row full_width=&#8221;stretch_row_content_no_spaces&#8221;][vc_column][vc_masonry_media_grid element_width=&#8221;3&#8243; grid_id=&#8221;vc_gid:1612425098305-eec23c70-45c0-6&#8243; include=&#8221;948,941,1036,1033&#8243;][\/vc_column][\/vc_row][vc_row full_width=&#8221;stretch_row_content_no_spaces&#8221; wrap_container=&#8221;yes&#8221; is_section=&#8221;yes&#8221; remove_border=&#8221;yes&#8221; el_class=&#8221;m-b-n-xl m-t-xl&#8221;][vc_column width=&#8221;3\/4&#8243; el_class=&#8221;col-sm-9&#8243;][vc_custom_heading text=&#8221;Si vous avez besoin d&#8217;une assistance suppl\u00e9mentaire!&#8221; [&hellip;]<\/p>\n","protected":false},"author":1,"featured_media":0,"parent":0,"menu_order":4,"comment_status":"closed","ping_status":"closed","template":"","meta":{"inline_featured_image":false,"footnotes":""},"class_list":["post-898","page","type-page","status-publish","hentry"],"yoast_head":"<!-- This site is optimized with the Yoast SEO plugin v21.5 - https:\/\/yoast.com\/wordpress\/plugins\/seo\/ -->\n<title>Visites priv\u00e9es - Pegasus Express<\/title>\n<meta name=\"robots\" content=\"index, follow, max-snippet:-1, max-image-preview:large, max-video-preview:-1\" \/>\n<link rel=\"canonical\" href=\"https:\/\/moraitika-cruises.com\/fr\/visites-privees\/\" \/>\n<meta property=\"og:locale\" content=\"fr_FR\" \/>\n<meta property=\"og:type\" content=\"article\" \/>\n<meta property=\"og:title\" content=\"Visites priv\u00e9es - Pegasus Express\" \/>\n<meta property=\"og:description\" content=\"[vc_row css=&#8221;.vc_custom_1612175298475{padding-bottom: 80px !important;}&#8221;][vc_column offset=&#8221;vc_col-md-8&#8243;][vc_custom_heading text=&#8221;Visites priv\u00e9es&#8221; use_theme_fonts=&#8221;yes&#8221; el_class=&#8221;m-b-xs&#8221;][vc_column_text el_class=&#8221;lead&#8221;]Notre bateau peut \u00e9galement \u00eatre lou\u00e9, donc si vous souhaitez passer votre journ\u00e9e en priv\u00e9 et avec un programme de votre choix, Contactez le capitaine Michalis.[\/vc_column_text][\/vc_column][vc_column offset=&#8221;vc_col-md-4&#8243;][\/vc_column][\/vc_row][vc_row full_width=&#8221;stretch_row_content_no_spaces&#8221;][vc_column][vc_masonry_media_grid element_width=&#8221;3&#8243; grid_id=&#8221;vc_gid:1612425098305-eec23c70-45c0-6&#8243; include=&#8221;948,941,1036,1033&#8243;][\/vc_column][\/vc_row][vc_row full_width=&#8221;stretch_row_content_no_spaces&#8221; wrap_container=&#8221;yes&#8221; is_section=&#8221;yes&#8221; remove_border=&#8221;yes&#8221; el_class=&#8221;m-b-n-xl m-t-xl&#8221;][vc_column width=&#8221;3\/4&#8243; el_class=&#8221;col-sm-9&#8243;][vc_custom_heading text=&#8221;Si vous avez besoin d&#8217;une assistance suppl\u00e9mentaire!&#8221; [&hellip;]\" \/>\n<meta property=\"og:url\" content=\"https:\/\/moraitika-cruises.com\/fr\/visites-privees\/\" \/>\n<meta property=\"og:site_name\" content=\"Pegasus Express\" \/>\n<meta property=\"article:modified_time\" content=\"2021-02-04T07:52:15+00:00\" \/>\n<meta name=\"twitter:card\" content=\"summary_large_image\" \/>\n<meta name=\"twitter:label1\" content=\"Dur\u00e9e de lecture estim\u00e9e\" \/>\n\t<meta name=\"twitter:data1\" content=\"1 minute\" \/>\n<script type=\"application\/ld+json\" class=\"yoast-schema-graph\">{\"@context\":\"https:\/\/schema.org\",\"@graph\":[{\"@type\":\"WebPage\",\"@id\":\"https:\/\/moraitika-cruises.com\/fr\/visites-privees\/\",\"url\":\"https:\/\/moraitika-cruises.com\/fr\/visites-privees\/\",\"name\":\"Visites priv\u00e9es - Pegasus Express\",\"isPartOf\":{\"@id\":\"https:\/\/moraitika-cruises.com\/#website\"},\"datePublished\":\"2021-02-03T06:48:31+00:00\",\"dateModified\":\"2021-02-04T07:52:15+00:00\",\"breadcrumb\":{\"@id\":\"https:\/\/moraitika-cruises.com\/fr\/visites-privees\/#breadcrumb\"},\"inLanguage\":\"fr-FR\",\"potentialAction\":[{\"@type\":\"ReadAction\",\"target\":[\"https:\/\/moraitika-cruises.com\/fr\/visites-privees\/\"]}]},{\"@type\":\"BreadcrumbList\",\"@id\":\"https:\/\/moraitika-cruises.com\/fr\/visites-privees\/#breadcrumb\",\"itemListElement\":[{\"@type\":\"ListItem\",\"position\":1,\"name\":\"Home\",\"item\":\"https:\/\/moraitika-cruises.com\/fr\/\"},{\"@type\":\"ListItem\",\"position\":2,\"name\":\"Visites priv\u00e9es\"}]},{\"@type\":\"WebSite\",\"@id\":\"https:\/\/moraitika-cruises.com\/#website\",\"url\":\"https:\/\/moraitika-cruises.com\/\",\"name\":\"Pegasus Express\",\"description\":\"Moraitika Cruises\",\"potentialAction\":[{\"@type\":\"SearchAction\",\"target\":{\"@type\":\"EntryPoint\",\"urlTemplate\":\"https:\/\/moraitika-cruises.com\/?s={search_term_string}\"},\"query-input\":\"required name=search_term_string\"}],\"inLanguage\":\"fr-FR\"}]}<\/script>\n<!-- \/ Yoast SEO plugin. -->","yoast_head_json":{"title":"Visites priv\u00e9es - Pegasus Express","robots":{"index":"index","follow":"follow","max-snippet":"max-snippet:-1","max-image-preview":"max-image-preview:large","max-video-preview":"max-video-preview:-1"},"canonical":"https:\/\/moraitika-cruises.com\/fr\/visites-privees\/","og_locale":"fr_FR","og_type":"article","og_title":"Visites priv\u00e9es - Pegasus Express","og_description":"[vc_row css=&#8221;.vc_custom_1612175298475{padding-bottom: 80px !important;}&#8221;][vc_column offset=&#8221;vc_col-md-8&#8243;][vc_custom_heading text=&#8221;Visites priv\u00e9es&#8221; use_theme_fonts=&#8221;yes&#8221; el_class=&#8221;m-b-xs&#8221;][vc_column_text el_class=&#8221;lead&#8221;]Notre bateau peut \u00e9galement \u00eatre lou\u00e9, donc si vous souhaitez passer votre journ\u00e9e en priv\u00e9 et avec un programme de votre choix, Contactez le capitaine Michalis.[\/vc_column_text][\/vc_column][vc_column offset=&#8221;vc_col-md-4&#8243;][\/vc_column][\/vc_row][vc_row full_width=&#8221;stretch_row_content_no_spaces&#8221;][vc_column][vc_masonry_media_grid element_width=&#8221;3&#8243; grid_id=&#8221;vc_gid:1612425098305-eec23c70-45c0-6&#8243; include=&#8221;948,941,1036,1033&#8243;][\/vc_column][\/vc_row][vc_row full_width=&#8221;stretch_row_content_no_spaces&#8221; wrap_container=&#8221;yes&#8221; is_section=&#8221;yes&#8221; remove_border=&#8221;yes&#8221; el_class=&#8221;m-b-n-xl m-t-xl&#8221;][vc_column width=&#8221;3\/4&#8243; el_class=&#8221;col-sm-9&#8243;][vc_custom_heading text=&#8221;Si vous avez besoin d&#8217;une assistance suppl\u00e9mentaire!&#8221; [&hellip;]","og_url":"https:\/\/moraitika-cruises.com\/fr\/visites-privees\/","og_site_name":"Pegasus Express","article_modified_time":"2021-02-04T07:52:15+00:00","twitter_card":"summary_large_image","twitter_misc":{"Dur\u00e9e de lecture estim\u00e9e":"1 minute"},"schema":{"@context":"https:\/\/schema.org","@graph":[{"@type":"WebPage","@id":"https:\/\/moraitika-cruises.com\/fr\/visites-privees\/","url":"https:\/\/moraitika-cruises.com\/fr\/visites-privees\/","name":"Visites priv\u00e9es - Pegasus Express","isPartOf":{"@id":"https:\/\/moraitika-cruises.com\/#website"},"datePublished":"2021-02-03T06:48:31+00:00","dateModified":"2021-02-04T07:52:15+00:00","breadcrumb":{"@id":"https:\/\/moraitika-cruises.com\/fr\/visites-privees\/#breadcrumb"},"inLanguage":"fr-FR","potentialAction":[{"@type":"ReadAction","target":["https:\/\/moraitika-cruises.com\/fr\/visites-privees\/"]}]},{"@type":"BreadcrumbList","@id":"https:\/\/moraitika-cruises.com\/fr\/visites-privees\/#breadcrumb","itemListElement":[{"@type":"ListItem","position":1,"name":"Home","item":"https:\/\/moraitika-cruises.com\/fr\/"},{"@type":"ListItem","position":2,"name":"Visites priv\u00e9es"}]},{"@type":"WebSite","@id":"https:\/\/moraitika-cruises.com\/#website","url":"https:\/\/moraitika-cruises.com\/","name":"Pegasus Express","description":"Moraitika Cruises","potentialAction":[{"@type":"SearchAction","target":{"@type":"EntryPoint","urlTemplate":"https:\/\/moraitika-cruises.com\/?s={search_term_string}"},"query-input":"required name=search_term_string"}],"inLanguage":"fr-FR"}]}},"_links":{"self":[{"href":"https:\/\/moraitika-cruises.com\/fr\/wp-json\/wp\/v2\/pages\/898","targetHints":{"allow":["GET"]}}],"collection":[{"href":"https:\/\/moraitika-cruises.com\/fr\/wp-json\/wp\/v2\/pages"}],"about":[{"href":"https:\/\/moraitika-cruises.com\/fr\/wp-json\/wp\/v2\/types\/page"}],"author":[{"embeddable":true,"href":"https:\/\/moraitika-cruises.com\/fr\/wp-json\/wp\/v2\/users\/1"}],"replies":[{"embeddable":true,"href":"https:\/\/moraitika-cruises.com\/fr\/wp-json\/wp\/v2\/comments?post=898"}],"version-history":[{"count":6,"href":"https:\/\/moraitika-cruises.com\/fr\/wp-json\/wp\/v2\/pages\/898\/revisions"}],"predecessor-version":[{"id":1248,"href":"https:\/\/moraitika-cruises.com\/fr\/wp-json\/wp\/v2\/pages\/898\/revisions\/1248"}],"wp:attachment":[{"href":"https:\/\/moraitika-cruises.com\/fr\/wp-json\/wp\/v2\/media?parent=898"}],"curies":[{"name":"wp","href":"https:\/\/api.w.org\/{rel}","templated":true}]}}