{"id":1028,"date":"2021-02-01T08:03:49","date_gmt":"2021-02-01T08:03:49","guid":{"rendered":"http:\/\/moraitika-cruises.com\/product\/paxos-antipaxos-caves-bleues\/"},"modified":"2021-02-04T08:29:50","modified_gmt":"2021-02-04T08:29:50","slug":"paxos-antipaxos-caves-bleues","status":"publish","type":"product","link":"https:\/\/moraitika-cruises.com\/fr\/product\/paxos-antipaxos-caves-bleues\/","title":{"rendered":"PAXOS &#8211; ANTIPAXOS &#8211; CAVES BLEUES"},"content":{"rendered":"<p style=\"font-size: 18px; line-height: 27px; color: #515151;\">Vos vacances \u00e0 Corfo\u00f9 ne seraient jamais compl\u00e8tes sans la visite de Paxos &#8211; l&#8217;une des 20 plus belles \u00eeles du monde. Vous serez emport\u00e9 par la beaut\u00e9 de la nature offerte par les \u00eeles de Paxos et Antipaxos &#8211; les v\u00e9ritables merveilles de la mer Ionienne.&gt;<\/p>\n<h4 class=\"titlesm\">TOUR PROGRAM<\/h4>\n<p>Au d\u00e9part de la rivi\u00e8re Messonghi, nous nous dirigerons d&#8217;abord vers le c\u00f4t\u00e9 ouest de l&#8217;\u00eele de Paxos en vous donnant l&#8217;occasion de prendre des photos des rochers imposants et des grottes marines, qui ont \u00e9t\u00e9 sculpt\u00e9es naturellement par les vagues et le vent. Le bateau entrera dans trois d&#8217;entre eux.<\/p>\n<p>Le prochain arr\u00eat &#8211; Antipaxos &#8211; est c\u00e9l\u00e8bre pour ses eaux cristallines turquoise et ses plages au sable blanc (1 heure). Le navire s&#8217;approchera de la c\u00f4t\u00e9 la plus pr\u00e8s possible car l&#8217;\u00eele n&#8217;a pas de port.<\/p>\n<p>\u00c0 Gaios &#8211; la capitale de Paxos &#8211; il y aura beaucoup de temps pour se promener dans les rues \u00e9troites, d\u00e9jeuner ou prendre des rafra\u00eechissements dans l&#8217;un des nombreux restaurants et caf\u00e9s locaux (2 heures). En quittant Gaios, nous descendrons \u00e0 une crique magnifique \u00e0 travers les \u00eeles de Panagia et Saint-Nicolas.<\/p>\n<blockquote style=\"margin-top: 15px; border-color: #c3e3f6;\">\n<p style=\"font-size: 18px; line-height: 27px; color: #008fe2;\"><em> Nezapome\u0148te si vz\u00edt fotoapar\u00e1t, ru\u010dn\u00edk, slune\u010dn\u00ed kr\u00e9m a dobrou n\u00e1ladu!<\/em><\/p>\n<\/blockquote>\n<h4 class=\"titlesm\">OZN\u00c1MEN\u00cd<\/h4>\n<div class=\"vc_message_box vc_message_box-standard vc_message_box-rounded vc_color-info vc_custom_1612174478842\">\n<div class=\"vc_message_box-icon\"><\/div>\n<p>Prohl\u00eddkov\u00fd program se m\u016f\u017ee zm\u011bnit podle denn\u00edho po\u010das\u00ed a mo\u0159sk\u00fdch podm\u00ednek<\/p>\n<\/div>\n","protected":false},"excerpt":{"rendered":"<p><strong>Voyage du matin <\/strong>de 9h00 \u00e0 17h30.<\/p>\n<blockquote style=\"margin-top: 10px; border-color: #c3e3f6;\">\n<p style=\"padding-top: 10px; font-size: 18px; line-height: 27px; color: #008fe2;\"><em>Visitez deux belles \u00eeles grecques, avec 2 des grottes les plus c\u00e9l\u00e8bres!<\/em><\/p>\n<\/blockquote>\n<p style=\"font-size: 18px; line-height: 27px; color: #515151;\">Vos vacances \u00e0 Corfou ne seraient jamais compl\u00e8tes sans la visite de Paxos, l&#8217;une des 20 plus belles \u00eeles du monde. Vous serez emport\u00e9 par la beaut\u00e9 de la nature que les \u00eeles Paxos et Antipaxos &#8211; les v\u00e9ritables joyaux de la mer Ionienne &#8211; offrent&#8230;<\/p>\n<div class=\"MoreBtn vc_btn3-container font-weight-bold text-uppercase custom-button vc_btn3-inline\" style=\"margin-top: 25px;\"><a class=\"vc_btn3 vc_btn3-shape-round btn btn-borders btn-md btn-quaternary\" title=\"\" href=\"#product-tab\">Lire la suite<\/a><\/div>\n","protected":false},"featured_media":0,"template":"","meta":{"inline_featured_image":false},"product_brand":[],"product_cat":[48],"product_tag":[],"class_list":{"0":"post-1028","1":"product","2":"type-product","3":"status-publish","5":"product_cat-excursions-fr","7":"first","8":"instock","9":"shipping-taxable","10":"product-type-simple"},"yoast_head":"<!-- This site is optimized with the Yoast SEO plugin v21.5 - https:\/\/yoast.com\/wordpress\/plugins\/seo\/ -->\n<title>PAXOS - ANTIPAXOS - CAVES BLEUES - Pegasus Express<\/title>\n<meta name=\"description\" content=\"Croisi\u00e8re express Pegasus de Moraitika Corfou \u00e0 Paxos-Antipaxos. Une option de qualit\u00e9 pour une activit\u00e9 d&#039;une demi-journ\u00e9e. nous nous arr\u00eatons \u00e0 Blue Caves Cruise (village de Gaios).\" \/>\n<meta name=\"robots\" content=\"index, follow, max-snippet:-1, max-image-preview:large, max-video-preview:-1\" \/>\n<link rel=\"canonical\" href=\"https:\/\/moraitika-cruises.com\/fr\/product\/paxos-antipaxos-caves-bleues\/\" \/>\n<meta property=\"og:locale\" content=\"fr_FR\" \/>\n<meta property=\"og:type\" content=\"article\" \/>\n<meta property=\"og:title\" content=\"PAXOS - ANTIPAXOS - CAVES BLEUES - Pegasus Express\" \/>\n<meta property=\"og:description\" content=\"Croisi\u00e8re express Pegasus de Moraitika Corfou \u00e0 Paxos-Antipaxos. Une option de qualit\u00e9 pour une activit\u00e9 d&#039;une demi-journ\u00e9e. nous nous arr\u00eatons \u00e0 Blue Caves Cruise (village de Gaios).\" \/>\n<meta property=\"og:url\" content=\"https:\/\/moraitika-cruises.com\/fr\/product\/paxos-antipaxos-caves-bleues\/\" \/>\n<meta property=\"og:site_name\" content=\"Pegasus Express\" \/>\n<meta property=\"article:modified_time\" content=\"2021-02-04T08:29:50+00:00\" \/>\n<meta name=\"twitter:card\" content=\"summary_large_image\" \/>\n<meta name=\"twitter:label1\" content=\"Dur\u00e9e de lecture estim\u00e9e\" \/>\n\t<meta name=\"twitter:data1\" content=\"1 minute\" \/>\n<script type=\"application\/ld+json\" class=\"yoast-schema-graph\">{\"@context\":\"https:\/\/schema.org\",\"@graph\":[{\"@type\":\"WebPage\",\"@id\":\"https:\/\/moraitika-cruises.com\/fr\/product\/paxos-antipaxos-caves-bleues\/\",\"url\":\"https:\/\/moraitika-cruises.com\/fr\/product\/paxos-antipaxos-caves-bleues\/\",\"name\":\"PAXOS - ANTIPAXOS - CAVES BLEUES - Pegasus Express\",\"isPartOf\":{\"@id\":\"https:\/\/moraitika-cruises.com\/#website\"},\"datePublished\":\"2021-02-01T08:03:49+00:00\",\"dateModified\":\"2021-02-04T08:29:50+00:00\",\"description\":\"Croisi\u00e8re express Pegasus de Moraitika Corfou \u00e0 Paxos-Antipaxos. Une option de qualit\u00e9 pour une activit\u00e9 d'une demi-journ\u00e9e. nous nous arr\u00eatons \u00e0 Blue Caves Cruise (village de Gaios).\",\"breadcrumb\":{\"@id\":\"https:\/\/moraitika-cruises.com\/fr\/product\/paxos-antipaxos-caves-bleues\/#breadcrumb\"},\"inLanguage\":\"fr-FR\",\"potentialAction\":[{\"@type\":\"ReadAction\",\"target\":[\"https:\/\/moraitika-cruises.com\/fr\/product\/paxos-antipaxos-caves-bleues\/\"]}]},{\"@type\":\"BreadcrumbList\",\"@id\":\"https:\/\/moraitika-cruises.com\/fr\/product\/paxos-antipaxos-caves-bleues\/#breadcrumb\",\"itemListElement\":[{\"@type\":\"ListItem\",\"position\":1,\"name\":\"Home\",\"item\":\"https:\/\/moraitika-cruises.com\/fr\/\"},{\"@type\":\"ListItem\",\"position\":2,\"name\":\"Excursions\",\"item\":\"https:\/\/moraitika-cruises.com\/excursions\/\"},{\"@type\":\"ListItem\",\"position\":3,\"name\":\"PAXOS &#8211; ANTIPAXOS &#8211; CAVES BLEUES\"}]},{\"@type\":\"WebSite\",\"@id\":\"https:\/\/moraitika-cruises.com\/#website\",\"url\":\"https:\/\/moraitika-cruises.com\/\",\"name\":\"Pegasus Express\",\"description\":\"Moraitika Cruises\",\"potentialAction\":[{\"@type\":\"SearchAction\",\"target\":{\"@type\":\"EntryPoint\",\"urlTemplate\":\"https:\/\/moraitika-cruises.com\/?s={search_term_string}\"},\"query-input\":\"required name=search_term_string\"}],\"inLanguage\":\"fr-FR\"}]}<\/script>\n<!-- \/ Yoast SEO plugin. -->","yoast_head_json":{"title":"PAXOS - ANTIPAXOS - CAVES BLEUES - Pegasus Express","description":"Croisi\u00e8re express Pegasus de Moraitika Corfou \u00e0 Paxos-Antipaxos. Une option de qualit\u00e9 pour une activit\u00e9 d'une demi-journ\u00e9e. nous nous arr\u00eatons \u00e0 Blue Caves Cruise (village de Gaios).","robots":{"index":"index","follow":"follow","max-snippet":"max-snippet:-1","max-image-preview":"max-image-preview:large","max-video-preview":"max-video-preview:-1"},"canonical":"https:\/\/moraitika-cruises.com\/fr\/product\/paxos-antipaxos-caves-bleues\/","og_locale":"fr_FR","og_type":"article","og_title":"PAXOS - ANTIPAXOS - CAVES BLEUES - Pegasus Express","og_description":"Croisi\u00e8re express Pegasus de Moraitika Corfou \u00e0 Paxos-Antipaxos. Une option de qualit\u00e9 pour une activit\u00e9 d'une demi-journ\u00e9e. nous nous arr\u00eatons \u00e0 Blue Caves Cruise (village de Gaios).","og_url":"https:\/\/moraitika-cruises.com\/fr\/product\/paxos-antipaxos-caves-bleues\/","og_site_name":"Pegasus Express","article_modified_time":"2021-02-04T08:29:50+00:00","twitter_card":"summary_large_image","twitter_misc":{"Dur\u00e9e de lecture estim\u00e9e":"1 minute"},"schema":{"@context":"https:\/\/schema.org","@graph":[{"@type":"WebPage","@id":"https:\/\/moraitika-cruises.com\/fr\/product\/paxos-antipaxos-caves-bleues\/","url":"https:\/\/moraitika-cruises.com\/fr\/product\/paxos-antipaxos-caves-bleues\/","name":"PAXOS - ANTIPAXOS - CAVES BLEUES - Pegasus Express","isPartOf":{"@id":"https:\/\/moraitika-cruises.com\/#website"},"datePublished":"2021-02-01T08:03:49+00:00","dateModified":"2021-02-04T08:29:50+00:00","description":"Croisi\u00e8re express Pegasus de Moraitika Corfou \u00e0 Paxos-Antipaxos. Une option de qualit\u00e9 pour une activit\u00e9 d'une demi-journ\u00e9e. nous nous arr\u00eatons \u00e0 Blue Caves Cruise (village de Gaios).","breadcrumb":{"@id":"https:\/\/moraitika-cruises.com\/fr\/product\/paxos-antipaxos-caves-bleues\/#breadcrumb"},"inLanguage":"fr-FR","potentialAction":[{"@type":"ReadAction","target":["https:\/\/moraitika-cruises.com\/fr\/product\/paxos-antipaxos-caves-bleues\/"]}]},{"@type":"BreadcrumbList","@id":"https:\/\/moraitika-cruises.com\/fr\/product\/paxos-antipaxos-caves-bleues\/#breadcrumb","itemListElement":[{"@type":"ListItem","position":1,"name":"Home","item":"https:\/\/moraitika-cruises.com\/fr\/"},{"@type":"ListItem","position":2,"name":"Excursions","item":"https:\/\/moraitika-cruises.com\/excursions\/"},{"@type":"ListItem","position":3,"name":"PAXOS &#8211; ANTIPAXOS &#8211; CAVES BLEUES"}]},{"@type":"WebSite","@id":"https:\/\/moraitika-cruises.com\/#website","url":"https:\/\/moraitika-cruises.com\/","name":"Pegasus Express","description":"Moraitika Cruises","potentialAction":[{"@type":"SearchAction","target":{"@type":"EntryPoint","urlTemplate":"https:\/\/moraitika-cruises.com\/?s={search_term_string}"},"query-input":"required name=search_term_string"}],"inLanguage":"fr-FR"}]}},"_links":{"self":[{"href":"https:\/\/moraitika-cruises.com\/fr\/wp-json\/wp\/v2\/product\/1028","targetHints":{"allow":["GET"]}}],"collection":[{"href":"https:\/\/moraitika-cruises.com\/fr\/wp-json\/wp\/v2\/product"}],"about":[{"href":"https:\/\/moraitika-cruises.com\/fr\/wp-json\/wp\/v2\/types\/product"}],"wp:attachment":[{"href":"https:\/\/moraitika-cruises.com\/fr\/wp-json\/wp\/v2\/media?parent=1028"}],"wp:term":[{"taxonomy":"product_brand","embeddable":true,"href":"https:\/\/moraitika-cruises.com\/fr\/wp-json\/wp\/v2\/product_brand?post=1028"},{"taxonomy":"product_cat","embeddable":true,"href":"https:\/\/moraitika-cruises.com\/fr\/wp-json\/wp\/v2\/product_cat?post=1028"},{"taxonomy":"product_tag","embeddable":true,"href":"https:\/\/moraitika-cruises.com\/fr\/wp-json\/wp\/v2\/product_tag?post=1028"}],"curies":[{"name":"wp","href":"https:\/\/api.w.org\/{rel}","templated":true}]}}