{"id":938,"date":"2021-02-01T08:52:09","date_gmt":"2021-02-01T08:52:09","guid":{"rendered":"http:\/\/moraitika-cruises.com\/product\/corfu-town-by-night\/"},"modified":"2021-02-03T14:15:49","modified_gmt":"2021-02-03T14:15:49","slug":"corfu-town-by-night","status":"publish","type":"product","link":"https:\/\/moraitika-cruises.com\/fr\/product\/corfu-town-by-night\/","title":{"rendered":"LA VILLE DE CORFOU LA NUIT"},"content":{"rendered":"<p style=\"padding-top: 10px; font-size: 18px; line-height: 27px; color: #515151;\">L&#8217;une des fa\u00e7ons les plus sp\u00e9ciales de visiter la ville de Corfo\u00f9 le soir est de faire un voyage avec nous. Notre bateau part \u00e0 17h00 de la rivi\u00e8re Messonghi<\/p>\n<h4 class=\"titlem\">PROGRAMME DE VISITE<\/h4>\n<p>En naviguant vers la ville de Corfo\u00f9, vous pourrez admirer la vue magnifique sur la c\u00f4t\u00e9 est de l&#8217;\u00eele. Vous aurez \u00e9galement l&#8217;occasion de photographier certains des monuments les plus c\u00e9l\u00e8bres de Corfo\u00f9 tels que l&#8217;unique Pontikonisi, Agia Vlacherna, l&#8217;a\u00e9roport, Mon Repos, le palais de l&#8217;ancien roi ainsi que les deux forteresses v\u00e9nitiennes &#8211; l&#8217;ancienne et la nouvelle forteresse de Corfo\u00f9.<\/p>\n<p>40 minutes plus tard, nous arriverons \u00e0 notre destination finale, la ville de Corfo\u00f9, o\u00f9 vous pourrez vous promener dans la vieille ville avec la place Liston, ses b\u00e2timents traditionnels, vous promener dans les rues \u00e9troites avec ses nombreuses boutiques vendant des produits traditionnels et d\u00e9guster les sp\u00e9cialit\u00e9s Corfiotes. Enfin, n&#8217;oubliez pas de visiter l&#8217;\u00e9glise d&#8217;Agios Spyridon, le saint patron de l&#8217;\u00eele.<\/p>\n<p>Sur le chemin du retour, vous pourrez admirer les forteresses \u00e9clair\u00e9es de mani\u00e8re unique et la vue sur la ville pendant la nuit.<\/p>\n<blockquote style=\"margin-top: 15px; border-color: #c3e3f6;\">\n<p style=\"font-size: 18px; line-height: 27px; color: #008fe2;\"><em><br \/>\nN&#8217;oubliez pas d&#8217;apporter votre appareil photo, serviette, cr\u00e8me solaire et bonne humeur!<br \/>\n<\/em><\/p>\n<\/blockquote>\n<h4 class=\"titlem\">AVIS<\/h4>\n<div class=\"vc_message_box vc_message_box-standard vc_message_box-round vc_color-info vc_custom_1612174478842\">\n<div class=\"vc_message_box-icon\"><\/div>\n<p>Le programme de la visite est sujet \u00e0 changement en fonction des conditions m\u00e9t\u00e9orologiques et de la mer du jour<\/p>\n<\/div>\n","protected":false},"excerpt":{"rendered":"<p>Apr\u00e8s midi <strong>Voyage de 17h00 \u00e0 22h30.<\/strong><\/p>\n<blockquote style=\"margin-top: 10px; border-color: #c3e3f6;\">\n<p style=\"font-size: 18px; line-height: 27px; color: #008fe2;\"><em><br \/>\nLa ville de Corfou, si \u00e9l\u00e9gamment cosmopolite et si gracieusement historique, est sans aucun doute un endroit romantique.<\/em><\/p>\n<\/blockquote>\n<p style=\"padding-top: 10px; font-size: 18px; line-height: 27px; color: #515151;\">L&#8217;une des fa\u00e7ons les plus sp\u00e9ciales de visiter la ville de Corfou le soir est de faire un voyage avec nous. Notre bateau part \u00e0 17h00 de la rivi\u00e8re Messonghi &#8230;<\/p>\n<div class=\"MoreBtn vc_btn3-container font-weight-bold text-uppercase custom-button vc_btn3-inline\" style=\"margin-top: 25px;\"><a class=\"vc_btn3 vc_btn3-shape-round btn btn-borders btn-md btn-quaternary\" title=\"\" href=\"#product-tab\">Lire la suite<\/a><\/div>\n","protected":false},"featured_media":0,"template":"","meta":{"inline_featured_image":false},"product_brand":[],"product_cat":[48],"product_tag":[],"class_list":{"0":"post-938","1":"product","2":"type-product","3":"status-publish","5":"product_cat-excursions-fr","7":"first","8":"instock","9":"shipping-taxable","10":"product-type-simple"},"yoast_head":"<!-- This site is optimized with the Yoast SEO plugin v21.5 - https:\/\/yoast.com\/wordpress\/plugins\/seo\/ -->\n<title>Pegasus Express \/ Excursions en bateau Croisi\u00e8res - LA VILLE DE CORFOU LA NUIT \/Moraitika Corfou<\/title>\n<meta name=\"description\" content=\"Moraitika \u00e0 Corfou by night Excursions - &amp; Cruises combine romance, excursion en bateau et shopping. Quoi de plus romantique que de naviguer autour de Ponticonisi et de Liston ...\" \/>\n<meta name=\"robots\" content=\"index, follow, max-snippet:-1, max-image-preview:large, max-video-preview:-1\" \/>\n<link rel=\"canonical\" href=\"https:\/\/moraitika-cruises.com\/fr\/product\/corfu-town-by-night\/\" \/>\n<meta property=\"og:locale\" content=\"fr_FR\" \/>\n<meta property=\"og:type\" content=\"article\" \/>\n<meta property=\"og:title\" content=\"Pegasus Express \/ Excursions en bateau Croisi\u00e8res - LA VILLE DE CORFOU LA NUIT \/Moraitika Corfou\" \/>\n<meta property=\"og:description\" content=\"Moraitika \u00e0 Corfou by night Excursions - &amp; Cruises combine romance, excursion en bateau et shopping. Quoi de plus romantique que de naviguer autour de Ponticonisi et de Liston ...\" \/>\n<meta property=\"og:url\" content=\"https:\/\/moraitika-cruises.com\/fr\/product\/corfu-town-by-night\/\" \/>\n<meta property=\"og:site_name\" content=\"Pegasus Express\" \/>\n<meta property=\"article:modified_time\" content=\"2021-02-03T14:15:49+00:00\" \/>\n<meta name=\"twitter:card\" content=\"summary_large_image\" \/>\n<meta name=\"twitter:label1\" content=\"Dur\u00e9e de lecture estim\u00e9e\" \/>\n\t<meta name=\"twitter:data1\" content=\"1 minute\" \/>\n<script type=\"application\/ld+json\" class=\"yoast-schema-graph\">{\"@context\":\"https:\/\/schema.org\",\"@graph\":[{\"@type\":\"WebPage\",\"@id\":\"https:\/\/moraitika-cruises.com\/fr\/product\/corfu-town-by-night\/\",\"url\":\"https:\/\/moraitika-cruises.com\/fr\/product\/corfu-town-by-night\/\",\"name\":\"Pegasus Express \/ Excursions en bateau Croisi\u00e8res - LA VILLE DE CORFOU LA NUIT \/Moraitika Corfou\",\"isPartOf\":{\"@id\":\"https:\/\/moraitika-cruises.com\/#website\"},\"datePublished\":\"2021-02-01T08:52:09+00:00\",\"dateModified\":\"2021-02-03T14:15:49+00:00\",\"description\":\"Moraitika \u00e0 Corfou by night Excursions - & Cruises combine romance, excursion en bateau et shopping. Quoi de plus romantique que de naviguer autour de Ponticonisi et de Liston ...\",\"breadcrumb\":{\"@id\":\"https:\/\/moraitika-cruises.com\/fr\/product\/corfu-town-by-night\/#breadcrumb\"},\"inLanguage\":\"fr-FR\",\"potentialAction\":[{\"@type\":\"ReadAction\",\"target\":[\"https:\/\/moraitika-cruises.com\/fr\/product\/corfu-town-by-night\/\"]}]},{\"@type\":\"BreadcrumbList\",\"@id\":\"https:\/\/moraitika-cruises.com\/fr\/product\/corfu-town-by-night\/#breadcrumb\",\"itemListElement\":[{\"@type\":\"ListItem\",\"position\":1,\"name\":\"Home\",\"item\":\"https:\/\/moraitika-cruises.com\/fr\/\"},{\"@type\":\"ListItem\",\"position\":2,\"name\":\"Excursions\",\"item\":\"https:\/\/moraitika-cruises.com\/excursions\/\"},{\"@type\":\"ListItem\",\"position\":3,\"name\":\"LA VILLE DE CORFOU LA NUIT\"}]},{\"@type\":\"WebSite\",\"@id\":\"https:\/\/moraitika-cruises.com\/#website\",\"url\":\"https:\/\/moraitika-cruises.com\/\",\"name\":\"Pegasus Express\",\"description\":\"Moraitika Cruises\",\"potentialAction\":[{\"@type\":\"SearchAction\",\"target\":{\"@type\":\"EntryPoint\",\"urlTemplate\":\"https:\/\/moraitika-cruises.com\/?s={search_term_string}\"},\"query-input\":\"required name=search_term_string\"}],\"inLanguage\":\"fr-FR\"}]}<\/script>\n<!-- \/ Yoast SEO plugin. -->","yoast_head_json":{"title":"Pegasus Express \/ Excursions en bateau Croisi\u00e8res - LA VILLE DE CORFOU LA NUIT \/Moraitika Corfou","description":"Moraitika \u00e0 Corfou by night Excursions - & Cruises combine romance, excursion en bateau et shopping. Quoi de plus romantique que de naviguer autour de Ponticonisi et de Liston ...","robots":{"index":"index","follow":"follow","max-snippet":"max-snippet:-1","max-image-preview":"max-image-preview:large","max-video-preview":"max-video-preview:-1"},"canonical":"https:\/\/moraitika-cruises.com\/fr\/product\/corfu-town-by-night\/","og_locale":"fr_FR","og_type":"article","og_title":"Pegasus Express \/ Excursions en bateau Croisi\u00e8res - LA VILLE DE CORFOU LA NUIT \/Moraitika Corfou","og_description":"Moraitika \u00e0 Corfou by night Excursions - & Cruises combine romance, excursion en bateau et shopping. Quoi de plus romantique que de naviguer autour de Ponticonisi et de Liston ...","og_url":"https:\/\/moraitika-cruises.com\/fr\/product\/corfu-town-by-night\/","og_site_name":"Pegasus Express","article_modified_time":"2021-02-03T14:15:49+00:00","twitter_card":"summary_large_image","twitter_misc":{"Dur\u00e9e de lecture estim\u00e9e":"1 minute"},"schema":{"@context":"https:\/\/schema.org","@graph":[{"@type":"WebPage","@id":"https:\/\/moraitika-cruises.com\/fr\/product\/corfu-town-by-night\/","url":"https:\/\/moraitika-cruises.com\/fr\/product\/corfu-town-by-night\/","name":"Pegasus Express \/ Excursions en bateau Croisi\u00e8res - LA VILLE DE CORFOU LA NUIT \/Moraitika Corfou","isPartOf":{"@id":"https:\/\/moraitika-cruises.com\/#website"},"datePublished":"2021-02-01T08:52:09+00:00","dateModified":"2021-02-03T14:15:49+00:00","description":"Moraitika \u00e0 Corfou by night Excursions - & Cruises combine romance, excursion en bateau et shopping. Quoi de plus romantique que de naviguer autour de Ponticonisi et de Liston ...","breadcrumb":{"@id":"https:\/\/moraitika-cruises.com\/fr\/product\/corfu-town-by-night\/#breadcrumb"},"inLanguage":"fr-FR","potentialAction":[{"@type":"ReadAction","target":["https:\/\/moraitika-cruises.com\/fr\/product\/corfu-town-by-night\/"]}]},{"@type":"BreadcrumbList","@id":"https:\/\/moraitika-cruises.com\/fr\/product\/corfu-town-by-night\/#breadcrumb","itemListElement":[{"@type":"ListItem","position":1,"name":"Home","item":"https:\/\/moraitika-cruises.com\/fr\/"},{"@type":"ListItem","position":2,"name":"Excursions","item":"https:\/\/moraitika-cruises.com\/excursions\/"},{"@type":"ListItem","position":3,"name":"LA VILLE DE CORFOU LA NUIT"}]},{"@type":"WebSite","@id":"https:\/\/moraitika-cruises.com\/#website","url":"https:\/\/moraitika-cruises.com\/","name":"Pegasus Express","description":"Moraitika Cruises","potentialAction":[{"@type":"SearchAction","target":{"@type":"EntryPoint","urlTemplate":"https:\/\/moraitika-cruises.com\/?s={search_term_string}"},"query-input":"required name=search_term_string"}],"inLanguage":"fr-FR"}]}},"_links":{"self":[{"href":"https:\/\/moraitika-cruises.com\/fr\/wp-json\/wp\/v2\/product\/938","targetHints":{"allow":["GET"]}}],"collection":[{"href":"https:\/\/moraitika-cruises.com\/fr\/wp-json\/wp\/v2\/product"}],"about":[{"href":"https:\/\/moraitika-cruises.com\/fr\/wp-json\/wp\/v2\/types\/product"}],"wp:attachment":[{"href":"https:\/\/moraitika-cruises.com\/fr\/wp-json\/wp\/v2\/media?parent=938"}],"wp:term":[{"taxonomy":"product_brand","embeddable":true,"href":"https:\/\/moraitika-cruises.com\/fr\/wp-json\/wp\/v2\/product_brand?post=938"},{"taxonomy":"product_cat","embeddable":true,"href":"https:\/\/moraitika-cruises.com\/fr\/wp-json\/wp\/v2\/product_cat?post=938"},{"taxonomy":"product_tag","embeddable":true,"href":"https:\/\/moraitika-cruises.com\/fr\/wp-json\/wp\/v2\/product_tag?post=938"}],"curies":[{"name":"wp","href":"https:\/\/api.w.org\/{rel}","templated":true}]}}