{"id":976,"date":"2021-02-01T07:36:19","date_gmt":"2021-02-01T07:36:19","guid":{"rendered":"http:\/\/moraitika-cruises.com\/product\/blue-lagoon-cave-greek-mainland\/"},"modified":"2021-02-04T08:31:26","modified_gmt":"2021-02-04T08:31:26","slug":"blue-lagoon-cave-terre-continentale-grecque","status":"publish","type":"product","link":"https:\/\/moraitika-cruises.com\/fr\/product\/blue-lagoon-cave-terre-continentale-grecque\/","title":{"rendered":"BLUE LAGOON &#8211; CAVE &#8211; TERRE CONTINENTALE GRECQUE"},"content":{"rendered":"<p style=\"font-size: 18px; line-height: 27px; color: #515151;\">Exp\u00e9rimentez une exp\u00e9rience unique au bord de Pegasus Express en visitant le continent grec et la baie exotique de Blue Lagoon.<\/p>\n<h4 class=\"titlesm\">PROGRAMME DU TOUR<\/h4>\n<p>Au d\u00e9part de la rivi\u00e8re Messonghi, vous pouvez observer la partie sud de l&#8217;\u00eele de Corfou.<\/p>\n<p>Une heure et 15 minutes plus tard, nous arriverons \u00e0 notre premi\u00e8re destination &#8211; l&#8217;\u00eele de la montagne noire. Prenez des photos \u00e0 l&#8217;int\u00e9rieur d&#8217;une grotte marine magique, o\u00f9 les sous-marins grecs se cachaient pendant la Seconde Guerre mondiale.<\/p>\n<p>En direction de notre prochain arr\u00eat, nous naviguerons parmi les nombreuses petites \u00eeles situ\u00e9es le long de la c\u00f4te de la r\u00e9gion de Sivota. Vous aurez l&#8217;opportunit\u00e9 de plonger dans le fameux Lagon de Piscine et d&#8217;y profiter de votre s\u00e9jour d&#8217;1h30.<\/p>\n<p>Vous pouvez go\u00fbter un repas grec traditionnel dans l&#8217;un des nombreux restaurants au port du village de Sivota &#8211; l&#8217;un des villages de p\u00eacheurs traditionnels les plus pittoresques du continent grec de l&#8217;\u00c9pire (2 heures).<\/p>\n<p>On our way back, we will make a stop at Alikes sandbank at the southernmost tip of Corfu island.Sur le chemin du retour, nous ferons un arr\u00eat au banc de sable d&#8217;Alikes, \u00e0 l&#8217;extr\u00e9mit\u00e9 sud de l&#8217;\u00eele de Corfo\u00f9.<\/p>\n<p>\u00c0 la fin de notre croisi\u00e8re, vous pourrez explorer la beaut\u00e9 de la nature Corfiote dans le jardin botanique du sud de Corfo\u00f9, vous rafra\u00eechir avec une boisson ou prendre une tasse de caf\u00e9 au bar local (1 heure).<\/p>\n<blockquote style=\"margin-top: 15px; border-color: #c3e3f6;\">\n<p style=\"font-size: 18px; line-height: 27px; color: #008fe2;\"><em> N&#8217;oubliez pas d&#8217;apporter votre appareil photo, serviette, cr\u00e8me solaire et bonne humeur!<\/em><\/p>\n<\/blockquote>\n<h4 class=\"titlesm\">REMARQUER<\/h4>\n<div class=\"vc_message_box vc_message_box-standard vc_message_box-rounded vc_color-info vc_custom_1612174478842\">\n<div class=\"vc_message_box-icon\"><\/div>\n<p>Le programme du tour est sujet \u00e0 changement en fonction de la m\u00e9t\u00e9o quotidienne et des conditions de la mer<\/p>\n<\/div>\n","protected":false},"excerpt":{"rendered":"<p>Voyage du matin<strong> de 9h30 \u00e0 17h00.<\/strong><\/p>\n<blockquote style=\"margin-top: 10px; border-color: #c3e3f6;\">\n<p style=\"padding-top: 10px; font-size: 18px; line-height: 27px; color: #008fe2;\"><em>Visitez la grotte \u00e0 couper le souffle de Sivota et plongez dans les eaux cristallines du fascinant Blue Lagoon!<\/em><\/p>\n<\/blockquote>\n<p style=\"font-size: 18px; line-height: 27px; color: #515151;\">Exp\u00e9rimentez une exp\u00e9rience unique au bord de Pegasus Express en visitant le continent grec et la baie exotique de Blue Lagoon&#8230;.<\/p>\n<div class=\"MoreBtn vc_btn3-container font-weight-bold text-uppercase custom-button vc_btn3-inline\" style=\"margin-top: 25px;\"><a class=\"vc_btn3 vc_btn3-shape-round btn btn-borders btn-md btn-quaternary\" title=\"\" href=\"#product-tab\">Lire la suite<\/a><\/div>\n","protected":false},"featured_media":0,"template":"","meta":{"inline_featured_image":false},"product_brand":[],"product_cat":[48],"product_tag":[],"class_list":{"0":"post-976","1":"product","2":"type-product","3":"status-publish","5":"product_cat-excursions-fr","7":"first","8":"instock","9":"virtual","10":"product-type-simple"},"yoast_head":"<!-- This site is optimized with the Yoast SEO plugin v21.5 - https:\/\/yoast.com\/wordpress\/plugins\/seo\/ -->\n<title>Pegasus Express \/ Excursions en bateau - Sivota BLUE LAGOON - CAVE - TERRE CONTINENTALE GRECQUE \/Moraitika Corfou<\/title>\n<meta name=\"description\" content=\"En naviguant de Moraitika \u00e0 SIVOTA Blue Lagoon, vous explorerez une grotte marine g\u00e9ante \u00e0 Mourtos. Le prochain arr\u00eat de cette excursion \/ visite sera au village de p\u00eacheurs de Sivota Blue Lagoon.\" \/>\n<meta name=\"robots\" content=\"index, follow, max-snippet:-1, max-image-preview:large, max-video-preview:-1\" \/>\n<link rel=\"canonical\" href=\"https:\/\/moraitika-cruises.com\/fr\/product\/blue-lagoon-cave-terre-continentale-grecque\/\" \/>\n<meta property=\"og:locale\" content=\"fr_FR\" \/>\n<meta property=\"og:type\" content=\"article\" \/>\n<meta property=\"og:title\" content=\"Pegasus Express \/ Excursions en bateau - Sivota BLUE LAGOON - CAVE - TERRE CONTINENTALE GRECQUE \/Moraitika Corfou\" \/>\n<meta property=\"og:description\" content=\"En naviguant de Moraitika \u00e0 SIVOTA Blue Lagoon, vous explorerez une grotte marine g\u00e9ante \u00e0 Mourtos. Le prochain arr\u00eat de cette excursion \/ visite sera au village de p\u00eacheurs de Sivota Blue Lagoon.\" \/>\n<meta property=\"og:url\" content=\"https:\/\/moraitika-cruises.com\/fr\/product\/blue-lagoon-cave-terre-continentale-grecque\/\" \/>\n<meta property=\"og:site_name\" content=\"Pegasus Express\" \/>\n<meta property=\"article:modified_time\" content=\"2021-02-04T08:31:26+00:00\" \/>\n<meta name=\"twitter:card\" content=\"summary_large_image\" \/>\n<meta name=\"twitter:label1\" content=\"Dur\u00e9e de lecture estim\u00e9e\" \/>\n\t<meta name=\"twitter:data1\" content=\"1 minute\" \/>\n<script type=\"application\/ld+json\" class=\"yoast-schema-graph\">{\"@context\":\"https:\/\/schema.org\",\"@graph\":[{\"@type\":\"WebPage\",\"@id\":\"https:\/\/moraitika-cruises.com\/fr\/product\/blue-lagoon-cave-terre-continentale-grecque\/\",\"url\":\"https:\/\/moraitika-cruises.com\/fr\/product\/blue-lagoon-cave-terre-continentale-grecque\/\",\"name\":\"Pegasus Express \/ Excursions en bateau - Sivota BLUE LAGOON - CAVE - TERRE CONTINENTALE GRECQUE \/Moraitika Corfou\",\"isPartOf\":{\"@id\":\"https:\/\/moraitika-cruises.com\/#website\"},\"datePublished\":\"2021-02-01T07:36:19+00:00\",\"dateModified\":\"2021-02-04T08:31:26+00:00\",\"description\":\"En naviguant de Moraitika \u00e0 SIVOTA Blue Lagoon, vous explorerez une grotte marine g\u00e9ante \u00e0 Mourtos. Le prochain arr\u00eat de cette excursion \/ visite sera au village de p\u00eacheurs de Sivota Blue Lagoon.\",\"breadcrumb\":{\"@id\":\"https:\/\/moraitika-cruises.com\/fr\/product\/blue-lagoon-cave-terre-continentale-grecque\/#breadcrumb\"},\"inLanguage\":\"fr-FR\",\"potentialAction\":[{\"@type\":\"ReadAction\",\"target\":[\"https:\/\/moraitika-cruises.com\/fr\/product\/blue-lagoon-cave-terre-continentale-grecque\/\"]}]},{\"@type\":\"BreadcrumbList\",\"@id\":\"https:\/\/moraitika-cruises.com\/fr\/product\/blue-lagoon-cave-terre-continentale-grecque\/#breadcrumb\",\"itemListElement\":[{\"@type\":\"ListItem\",\"position\":1,\"name\":\"Home\",\"item\":\"https:\/\/moraitika-cruises.com\/fr\/\"},{\"@type\":\"ListItem\",\"position\":2,\"name\":\"Excursions\",\"item\":\"https:\/\/moraitika-cruises.com\/excursions\/\"},{\"@type\":\"ListItem\",\"position\":3,\"name\":\"BLUE LAGOON &#8211; CAVE &#8211; TERRE CONTINENTALE GRECQUE\"}]},{\"@type\":\"WebSite\",\"@id\":\"https:\/\/moraitika-cruises.com\/#website\",\"url\":\"https:\/\/moraitika-cruises.com\/\",\"name\":\"Pegasus Express\",\"description\":\"Moraitika Cruises\",\"potentialAction\":[{\"@type\":\"SearchAction\",\"target\":{\"@type\":\"EntryPoint\",\"urlTemplate\":\"https:\/\/moraitika-cruises.com\/?s={search_term_string}\"},\"query-input\":\"required name=search_term_string\"}],\"inLanguage\":\"fr-FR\"}]}<\/script>\n<!-- \/ Yoast SEO plugin. -->","yoast_head_json":{"title":"Pegasus Express \/ Excursions en bateau - Sivota BLUE LAGOON - CAVE - TERRE CONTINENTALE GRECQUE \/Moraitika Corfou","description":"En naviguant de Moraitika \u00e0 SIVOTA Blue Lagoon, vous explorerez une grotte marine g\u00e9ante \u00e0 Mourtos. Le prochain arr\u00eat de cette excursion \/ visite sera au village de p\u00eacheurs de Sivota Blue Lagoon.","robots":{"index":"index","follow":"follow","max-snippet":"max-snippet:-1","max-image-preview":"max-image-preview:large","max-video-preview":"max-video-preview:-1"},"canonical":"https:\/\/moraitika-cruises.com\/fr\/product\/blue-lagoon-cave-terre-continentale-grecque\/","og_locale":"fr_FR","og_type":"article","og_title":"Pegasus Express \/ Excursions en bateau - Sivota BLUE LAGOON - CAVE - TERRE CONTINENTALE GRECQUE \/Moraitika Corfou","og_description":"En naviguant de Moraitika \u00e0 SIVOTA Blue Lagoon, vous explorerez une grotte marine g\u00e9ante \u00e0 Mourtos. Le prochain arr\u00eat de cette excursion \/ visite sera au village de p\u00eacheurs de Sivota Blue Lagoon.","og_url":"https:\/\/moraitika-cruises.com\/fr\/product\/blue-lagoon-cave-terre-continentale-grecque\/","og_site_name":"Pegasus Express","article_modified_time":"2021-02-04T08:31:26+00:00","twitter_card":"summary_large_image","twitter_misc":{"Dur\u00e9e de lecture estim\u00e9e":"1 minute"},"schema":{"@context":"https:\/\/schema.org","@graph":[{"@type":"WebPage","@id":"https:\/\/moraitika-cruises.com\/fr\/product\/blue-lagoon-cave-terre-continentale-grecque\/","url":"https:\/\/moraitika-cruises.com\/fr\/product\/blue-lagoon-cave-terre-continentale-grecque\/","name":"Pegasus Express \/ Excursions en bateau - Sivota BLUE LAGOON - CAVE - TERRE CONTINENTALE GRECQUE \/Moraitika Corfou","isPartOf":{"@id":"https:\/\/moraitika-cruises.com\/#website"},"datePublished":"2021-02-01T07:36:19+00:00","dateModified":"2021-02-04T08:31:26+00:00","description":"En naviguant de Moraitika \u00e0 SIVOTA Blue Lagoon, vous explorerez une grotte marine g\u00e9ante \u00e0 Mourtos. Le prochain arr\u00eat de cette excursion \/ visite sera au village de p\u00eacheurs de Sivota Blue Lagoon.","breadcrumb":{"@id":"https:\/\/moraitika-cruises.com\/fr\/product\/blue-lagoon-cave-terre-continentale-grecque\/#breadcrumb"},"inLanguage":"fr-FR","potentialAction":[{"@type":"ReadAction","target":["https:\/\/moraitika-cruises.com\/fr\/product\/blue-lagoon-cave-terre-continentale-grecque\/"]}]},{"@type":"BreadcrumbList","@id":"https:\/\/moraitika-cruises.com\/fr\/product\/blue-lagoon-cave-terre-continentale-grecque\/#breadcrumb","itemListElement":[{"@type":"ListItem","position":1,"name":"Home","item":"https:\/\/moraitika-cruises.com\/fr\/"},{"@type":"ListItem","position":2,"name":"Excursions","item":"https:\/\/moraitika-cruises.com\/excursions\/"},{"@type":"ListItem","position":3,"name":"BLUE LAGOON &#8211; CAVE &#8211; TERRE CONTINENTALE GRECQUE"}]},{"@type":"WebSite","@id":"https:\/\/moraitika-cruises.com\/#website","url":"https:\/\/moraitika-cruises.com\/","name":"Pegasus Express","description":"Moraitika Cruises","potentialAction":[{"@type":"SearchAction","target":{"@type":"EntryPoint","urlTemplate":"https:\/\/moraitika-cruises.com\/?s={search_term_string}"},"query-input":"required name=search_term_string"}],"inLanguage":"fr-FR"}]}},"_links":{"self":[{"href":"https:\/\/moraitika-cruises.com\/fr\/wp-json\/wp\/v2\/product\/976","targetHints":{"allow":["GET"]}}],"collection":[{"href":"https:\/\/moraitika-cruises.com\/fr\/wp-json\/wp\/v2\/product"}],"about":[{"href":"https:\/\/moraitika-cruises.com\/fr\/wp-json\/wp\/v2\/types\/product"}],"wp:attachment":[{"href":"https:\/\/moraitika-cruises.com\/fr\/wp-json\/wp\/v2\/media?parent=976"}],"wp:term":[{"taxonomy":"product_brand","embeddable":true,"href":"https:\/\/moraitika-cruises.com\/fr\/wp-json\/wp\/v2\/product_brand?post=976"},{"taxonomy":"product_cat","embeddable":true,"href":"https:\/\/moraitika-cruises.com\/fr\/wp-json\/wp\/v2\/product_cat?post=976"},{"taxonomy":"product_tag","embeddable":true,"href":"https:\/\/moraitika-cruises.com\/fr\/wp-json\/wp\/v2\/product_tag?post=976"}],"curies":[{"name":"wp","href":"https:\/\/api.w.org\/{rel}","templated":true}]}}